{"id":56410,"date":"2024-08-20T13:55:07","date_gmt":"2024-08-20T13:55:07","guid":{"rendered":"https:\/\/brandss.com.py\/index\/?post_type=product&#038;p=56410"},"modified":"2025-08-16T19:19:37","modified_gmt":"2025-08-16T19:19:37","slug":"calzado-masculino-dc-shoes-court-graffik-s-2","status":"publish","type":"product","link":"https:\/\/brandss.com.py\/index\/producto\/calzado-masculino-dc-shoes-court-graffik-s-2\/","title":{"rendered":"CALZADO MASCULINO DC SHOES COURT GRAFFIK S"},"content":{"rendered":"<p><img loading=\"lazy\" decoding=\"async\" class=\"\" src=\"https:\/\/seeklogo.com\/images\/D\/dc-shoes-logo-9849D1B3BF-seeklogo.com.png\" alt=\"Dc Logo PNG Vectors Free Download\" width=\"65\" height=\"56\" \/><\/p>\n<h1 class=\"h3-huge  js-product-name my-3\" data-store=\"product-name-214750970\"><span>Court Graffik S<\/span><\/h1>\n<p><span>Los calzados Dc Shoes Court Graffik S fueron desarrolladas para traer la identidad de la marca Dc Shoes. Su parte superior es de silueta baja y est\u00e1 confeccionada con puntera de nobuck, logo de la marca en el lateral y leng\u00fceta, plantilla de EVA, que brinda mayor comodidad, y suela de goma, entresuela resistente a la abrasi\u00f3n.<\/span><\/p>\n<p><strong>Especificaciones:<\/strong><br \/>\n<span>Parte superior hecha de nobuk;<\/span><br \/>\n<span>Suela de goma;<\/span><br \/>\n<span>Logo en el lateral y leng\u00fceta;<\/span><br \/>\n<span>Costuras reforzadas;<\/span><br \/>\n<span>Amarre tradicional;<\/span><br \/>\n<span>plantilla de EVA;<\/span><br \/>\n<span>Perforaciones para ventilaci\u00f3n;<\/span><\/p>\n<p>&nbsp;<\/p>\n<p><strong>DETALLES:<\/strong><\/p>\n<p><strong>Marca:<\/strong> DC.<\/p>\n<p><strong>Modelo:<\/strong> DC062A.WHB.<\/p>\n<p><strong>G\u00e9nero:<\/strong> Mascuino.<\/p>\n<p><strong>Color:<\/strong> Blanco\/ Negro.<\/p>\n","protected":false},"excerpt":{"rendered":"<p>Court Graffik S Los calzados Dc Shoes Court Graffik S fueron desarrolladas para traer la identidad de la marca Dc<\/p>\n","protected":false},"featured_media":56411,"comment_status":"open","ping_status":"closed","template":"","meta":{"nf_dc_page":""},"product_brand":[],"product_cat":[76],"product_tag":[],"class_list":{"0":"post-56410","1":"product","2":"type-product","3":"status-publish","4":"has-post-thumbnail","6":"product_cat-masculino","8":"first","9":"outofstock","10":"shipping-taxable","11":"purchasable","12":"product-type-simple"},"_links":{"self":[{"href":"https:\/\/brandss.com.py\/index\/wp-json\/wp\/v2\/product\/56410","targetHints":{"allow":["GET"]}}],"collection":[{"href":"https:\/\/brandss.com.py\/index\/wp-json\/wp\/v2\/product"}],"about":[{"href":"https:\/\/brandss.com.py\/index\/wp-json\/wp\/v2\/types\/product"}],"replies":[{"embeddable":true,"href":"https:\/\/brandss.com.py\/index\/wp-json\/wp\/v2\/comments?post=56410"}],"version-history":[{"count":1,"href":"https:\/\/brandss.com.py\/index\/wp-json\/wp\/v2\/product\/56410\/revisions"}],"predecessor-version":[{"id":56418,"href":"https:\/\/brandss.com.py\/index\/wp-json\/wp\/v2\/product\/56410\/revisions\/56418"}],"wp:featuredmedia":[{"embeddable":true,"href":"https:\/\/brandss.com.py\/index\/wp-json\/wp\/v2\/media\/56411"}],"wp:attachment":[{"href":"https:\/\/brandss.com.py\/index\/wp-json\/wp\/v2\/media?parent=56410"}],"wp:term":[{"taxonomy":"product_brand","embeddable":true,"href":"https:\/\/brandss.com.py\/index\/wp-json\/wp\/v2\/product_brand?post=56410"},{"taxonomy":"product_cat","embeddable":true,"href":"https:\/\/brandss.com.py\/index\/wp-json\/wp\/v2\/product_cat?post=56410"},{"taxonomy":"product_tag","embeddable":true,"href":"https:\/\/brandss.com.py\/index\/wp-json\/wp\/v2\/product_tag?post=56410"}],"curies":[{"name":"wp","href":"https:\/\/api.w.org\/{rel}","templated":true}]}}