{"id":56419,"date":"2024-08-20T14:29:30","date_gmt":"2024-08-20T14:29:30","guid":{"rendered":"https:\/\/brandss.com.py\/index\/?post_type=product&#038;p=56419"},"modified":"2025-06-28T10:14:17","modified_gmt":"2025-06-28T10:14:17","slug":"calzado-unisex-dc-shoes-court-graffik-s","status":"publish","type":"product","link":"https:\/\/brandss.com.py\/index\/producto\/calzado-unisex-dc-shoes-court-graffik-s\/","title":{"rendered":"CALZADO UNISEX DC SHOES COURT GRAFFIK S"},"content":{"rendered":"<p><img loading=\"lazy\" decoding=\"async\" class=\"\" src=\"https:\/\/seeklogo.com\/images\/D\/dc-shoes-logo-9849D1B3BF-seeklogo.com.png\" alt=\"Dc Logo PNG Vectors Free Download\" width=\"64\" height=\"55\" \/><\/p>\n<h1 class=\"col-12 name\">COURT GRAFFIK S<\/h1>\n<p class=\"features--description\" data-v-18fe53c3=\"\"><span>Los calzados DC Court son la combinaci\u00f3n perfecta entre estilo y funcionalidad, ofreciendo un dise\u00f1o moderno y materiales de alta calidad. Su estilo elegante y deportivo llama la atenci\u00f3n, mientras que su durabilidad y comodidad garantizan su uso en cualquier ocasi\u00f3n. Con una suela que ofrece tracci\u00f3n superior, una variedad de colores y estilos, y una construcci\u00f3n duradera, estas zapatillas son una excelente opci\u00f3n para quienes valoran la comodidad, la durabilidad y el estilo. <\/span><\/p>\n<p class=\"features--description\" data-v-18fe53c3=\"\"><strong>Caracter\u00edsticas:<\/strong><\/p>\n<p class=\"features--description\" data-v-18fe53c3=\"\"><span>Plantilla: Textil<\/span><\/p>\n<p class=\"features--description\" data-v-18fe53c3=\"\"><span>Plantilla: Eva<\/span><\/p>\n<p class=\"features--description\" data-v-18fe53c3=\"\"><span>G\u00e9nero: Unisex<\/span><\/p>\n<p class=\"features--description\" data-v-18fe53c3=\"\"><span>Piel: Sint\u00e9tica<\/span><\/p>\n<p class=\"features--description\" data-v-18fe53c3=\"\"><span>Leng\u00fceta: Sint\u00e9tica<\/span><\/p>\n<p class=\"features--description\" data-v-18fe53c3=\"\"><span>Tecnolog\u00eda de suela: Vulcanizada<\/span><\/p>\n<p class=\"features--description\" data-v-18fe53c3=\"\"><span>Material de suela: Caucho <\/span><\/p>\n<p data-v-18fe53c3=\"\">\n<p class=\"features--description\" data-v-18fe53c3=\"\"><strong>DETALLES:<\/strong><\/p>\n<p data-v-18fe53c3=\"\">\n<ul class=\"features--attributes\" data-v-18fe53c3=\"\">\n<li style=\"list-style-type: none\">\n<ul class=\"features--attributes\" data-v-18fe53c3=\"\">\n<li><strong data-v-18fe53c3=\"\">Marca:\u00a0<\/strong>DC Shoes<\/li>\n<li data-v-18fe53c3=\"\"><strong>Modelo:<\/strong> DC062A.BLK<\/li>\n<li data-v-18fe53c3=\"\"><strong data-v-18fe53c3=\"\"><span>Nombre: <\/span><\/strong><span>Court Graffik S Negras<\/span><\/li>\n<li data-v-18fe53c3=\"\"><strong data-v-18fe53c3=\"\"><span>G\u00e9nero:<\/span><\/strong><span>\u00a0Unisex<\/span><\/li>\n<li data-v-18fe53c3=\"\"><strong>Color:<\/strong> Negro<\/li>\n<li data-v-18fe53c3=\"\"><strong data-v-18fe53c3=\"\"><span>Departamento de Licenciatura:<\/span><\/strong><span>\u00a0Deporte<\/span><\/li>\n<li data-v-18fe53c3=\"\"><strong data-v-18fe53c3=\"\"><span>Adecuado para:<\/span><\/strong><span>\u00a0Todos los d\u00edas<\/span><\/li>\n<li data-v-18fe53c3=\"\"><strong data-v-18fe53c3=\"\"><span>Altura del eje:<\/span><\/strong><span>\u00a0eje bajo<\/span><\/li>\n<li data-v-18fe53c3=\"\"><strong data-v-18fe53c3=\"\"><span>Tecnolog\u00eda:<\/span><\/strong><span>\u00a0Original Vulc<\/span><\/li>\n<li data-v-18fe53c3=\"\"><strong data-v-18fe53c3=\"\"><span>Composici\u00f3n:<\/span><\/strong><span>\u00a0Sint\u00e9tico<\/span><\/li>\n<\/ul>\n<\/li>\n<\/ul>\n<p>&nbsp;<\/p>\n","protected":false},"excerpt":{"rendered":"<p>COURT GRAFFIK S Los calzados DC Court son la combinaci\u00f3n perfecta entre estilo y funcionalidad, ofreciendo un dise\u00f1o moderno y<\/p>\n","protected":false},"featured_media":56420,"comment_status":"open","ping_status":"closed","template":"","meta":{"nf_dc_page":""},"product_brand":[],"product_cat":[73,76],"product_tag":[],"class_list":{"0":"post-56419","1":"product","2":"type-product","3":"status-publish","4":"has-post-thumbnail","6":"product_cat-femenino","7":"product_cat-masculino","9":"first","10":"outofstock","11":"shipping-taxable","12":"purchasable","13":"product-type-simple"},"_links":{"self":[{"href":"https:\/\/brandss.com.py\/index\/wp-json\/wp\/v2\/product\/56419","targetHints":{"allow":["GET"]}}],"collection":[{"href":"https:\/\/brandss.com.py\/index\/wp-json\/wp\/v2\/product"}],"about":[{"href":"https:\/\/brandss.com.py\/index\/wp-json\/wp\/v2\/types\/product"}],"replies":[{"embeddable":true,"href":"https:\/\/brandss.com.py\/index\/wp-json\/wp\/v2\/comments?post=56419"}],"version-history":[{"count":1,"href":"https:\/\/brandss.com.py\/index\/wp-json\/wp\/v2\/product\/56419\/revisions"}],"predecessor-version":[{"id":56429,"href":"https:\/\/brandss.com.py\/index\/wp-json\/wp\/v2\/product\/56419\/revisions\/56429"}],"wp:featuredmedia":[{"embeddable":true,"href":"https:\/\/brandss.com.py\/index\/wp-json\/wp\/v2\/media\/56420"}],"wp:attachment":[{"href":"https:\/\/brandss.com.py\/index\/wp-json\/wp\/v2\/media?parent=56419"}],"wp:term":[{"taxonomy":"product_brand","embeddable":true,"href":"https:\/\/brandss.com.py\/index\/wp-json\/wp\/v2\/product_brand?post=56419"},{"taxonomy":"product_cat","embeddable":true,"href":"https:\/\/brandss.com.py\/index\/wp-json\/wp\/v2\/product_cat?post=56419"},{"taxonomy":"product_tag","embeddable":true,"href":"https:\/\/brandss.com.py\/index\/wp-json\/wp\/v2\/product_tag?post=56419"}],"curies":[{"name":"wp","href":"https:\/\/api.w.org\/{rel}","templated":true}]}}