{"id":56430,"date":"2024-08-20T15:35:50","date_gmt":"2024-08-20T15:35:50","guid":{"rendered":"https:\/\/brandss.com.py\/index\/?post_type=product&#038;p=56430"},"modified":"2025-06-28T10:13:51","modified_gmt":"2025-06-28T10:13:51","slug":"calzado-masculino-dc-shoes-striker-cup","status":"publish","type":"product","link":"https:\/\/brandss.com.py\/index\/producto\/calzado-masculino-dc-shoes-striker-cup\/","title":{"rendered":"CALZADO MASCULINO DC SHOES STRIKER CUP"},"content":{"rendered":"<p><img loading=\"lazy\" decoding=\"async\" class=\"\" src=\"https:\/\/seeklogo.com\/images\/D\/dc-shoes-logo-9849D1B3BF-seeklogo.com.png\" alt=\"Dc Logo PNG Vectors Free Download\" width=\"75\" height=\"64\" \/><\/p>\n<h1 class=\"col-12 name\">Striker Cup<\/h1>\n<p class=\"features--description\" data-v-18fe53c3=\"\"><span>Zapatillas DC Shoes Striker Negro \/ Blanco Las zapatillas DC Shoes Striker son un modelo b\u00e1sico, pero con mucha comodidad y estilo. Siguiendo una de las caracter\u00edsticas de la marca, la silueta m\u00e1s robusta, el cl\u00e1sico logo biselado de DC, las zapatillas DC Shoes Striker Cup, han ido ganando espacio entre los ya aclamados modelos de la marca. Entr\u00f3 en escena devolviendo la silueta hinchada de los a\u00f1os 2000 a las pistas y a las excursiones. Confeccionada con materiales actualizados y lista para tu sesi\u00f3n de skate. \u00a1Listo para lijar! Lleg\u00f3 el modelo especial de DC, Striker Cup! Fabricada en cuero, tiene suela de goma, plantilla suave, cordones ajustables y muestra el logo de la marca en el costado, con comodidad, estilo y durabilidad, este es un modelo top en la l\u00ednea de zapatillas DC, adem\u00e1s de ser hermosas, elegantes y Discreto, tambi\u00e9n combina con cualquier ropa urbana, el modelo Striker Cup aporta versatilidad para el d\u00eda a d\u00eda, puedes llevarlo al centro comercial, a la monta\u00f1a rusa o a dar un paseo en patineta. Va bien en todo, calidad garantizada que ya sabes.<br \/>\n<\/span><\/p>\n<p class=\"features--description\" data-v-18fe53c3=\"\"><span>Parte superior de ante para mayor durabilidad, ajustes de cordones, costuras de alta calidad y suela de goma para mejor agarre y mayor flexibilidad. <\/span><\/p>\n<p class=\"features--description\" data-v-18fe53c3=\"\"><strong>DETALLES Y RECURSOS <\/strong><\/p>\n<p class=\"features--description\" data-v-18fe53c3=\"\"><span>DC Shoes Striker Parte superior de ante para aumentar durabilidad. Giros con dise\u00f1o especial, Cuello y leng\u00fceta acolchados para mayor comodidad y estabilidad. Plantilla c\u00f3moda. Suela vulcanizada para mayor flexibilidad con patr\u00f3n. Para un mayor agarre<\/span><\/p>\n<ul class=\"features--attributes\" data-v-18fe53c3=\"\">\n<li style=\"list-style-type: none\">\n<ul class=\"features--attributes\" data-v-18fe53c3=\"\">\n<li><strong data-v-18fe53c3=\"\">Marca:\u00a0<\/strong>DC<\/li>\n<li data-v-18fe53c3=\"\"><strong>Modelo:<\/strong> DC056A.BBW<\/li>\n<li data-v-18fe53c3=\"\"><strong data-v-18fe53c3=\"\"><span>Nombre:<\/span><\/strong><span> Striker Cup Negra<\/span><\/li>\n<li data-v-18fe53c3=\"\"><strong data-v-18fe53c3=\"\"><span>G\u00e9nero:<\/span><\/strong><span>\u00a0Masculino<\/span><\/li>\n<li data-v-18fe53c3=\"\"><strong>Color:<\/strong> Negro\/ Blanco<\/li>\n<li data-v-18fe53c3=\"\"><strong data-v-18fe53c3=\"\"><span>Adecuado para:<\/span><\/strong><span>\u00a0Todos los d\u00edas<\/span><\/li>\n<\/ul>\n<\/li>\n<\/ul>\n<p>&nbsp;<\/p>\n","protected":false},"excerpt":{"rendered":"<p>Striker Cup Zapatillas DC Shoes Striker Negro \/ Blanco Las zapatillas DC Shoes Striker son un modelo b\u00e1sico, pero con<\/p>\n","protected":false},"featured_media":56431,"comment_status":"open","ping_status":"closed","template":"","meta":{"nf_dc_page":""},"product_brand":[],"product_cat":[76],"product_tag":[],"class_list":{"0":"post-56430","1":"product","2":"type-product","3":"status-publish","4":"has-post-thumbnail","6":"product_cat-masculino","8":"first","9":"outofstock","10":"shipping-taxable","11":"purchasable","12":"product-type-simple"},"_links":{"self":[{"href":"https:\/\/brandss.com.py\/index\/wp-json\/wp\/v2\/product\/56430","targetHints":{"allow":["GET"]}}],"collection":[{"href":"https:\/\/brandss.com.py\/index\/wp-json\/wp\/v2\/product"}],"about":[{"href":"https:\/\/brandss.com.py\/index\/wp-json\/wp\/v2\/types\/product"}],"replies":[{"embeddable":true,"href":"https:\/\/brandss.com.py\/index\/wp-json\/wp\/v2\/comments?post=56430"}],"version-history":[{"count":1,"href":"https:\/\/brandss.com.py\/index\/wp-json\/wp\/v2\/product\/56430\/revisions"}],"predecessor-version":[{"id":56439,"href":"https:\/\/brandss.com.py\/index\/wp-json\/wp\/v2\/product\/56430\/revisions\/56439"}],"wp:featuredmedia":[{"embeddable":true,"href":"https:\/\/brandss.com.py\/index\/wp-json\/wp\/v2\/media\/56431"}],"wp:attachment":[{"href":"https:\/\/brandss.com.py\/index\/wp-json\/wp\/v2\/media?parent=56430"}],"wp:term":[{"taxonomy":"product_brand","embeddable":true,"href":"https:\/\/brandss.com.py\/index\/wp-json\/wp\/v2\/product_brand?post=56430"},{"taxonomy":"product_cat","embeddable":true,"href":"https:\/\/brandss.com.py\/index\/wp-json\/wp\/v2\/product_cat?post=56430"},{"taxonomy":"product_tag","embeddable":true,"href":"https:\/\/brandss.com.py\/index\/wp-json\/wp\/v2\/product_tag?post=56430"}],"curies":[{"name":"wp","href":"https:\/\/api.w.org\/{rel}","templated":true}]}}