{"id":56440,"date":"2024-08-20T17:41:47","date_gmt":"2024-08-20T17:41:47","guid":{"rendered":"https:\/\/brandss.com.py\/index\/?post_type=product&#038;p=56440"},"modified":"2025-06-28T10:12:56","modified_gmt":"2025-06-28T10:12:56","slug":"calzado-unisex-dc-shoes-manteca-4-sn","status":"publish","type":"product","link":"https:\/\/brandss.com.py\/index\/producto\/calzado-unisex-dc-shoes-manteca-4-sn\/","title":{"rendered":"CALZADO UNISEX DC SHOES MANTECA 4 SN"},"content":{"rendered":"<p><img loading=\"lazy\" decoding=\"async\" class=\"\" src=\"https:\/\/seeklogo.com\/images\/D\/dc-shoes-logo-9849D1B3BF-seeklogo.com.png\" alt=\"Dc Logo PNG Vectors Free Download\" width=\"72\" height=\"62\" \/><\/p>\n<h1>MANTECA 4<\/h1>\n<p><span>Los calzados DC Shoes Manteca 4 son una actualizaci\u00f3n moderna de un cl\u00e1sico de los 90. Con un look retro, estas zapatillas son perfectas para quienes gustan del estilo y la comodidad al mismo tiempo. El modelo viene con una plantilla OrthoLite que brinda comodidad y soporte a tus pies durante todo el d\u00eda. Adem\u00e1s, la suela de goma duradera proporciona un excelente agarre y tracci\u00f3n para caminar sobre cualquier superficie. La parte superior est\u00e1 confeccionada en sint\u00e9tico y tela, brindando un estilo diferente a sus hermanos Manteca 4. La zapatilla Manteca 4 SN es una gran opci\u00f3n para quienes buscan comodidad y estilo al mismo tiempo.<\/span><\/p>\n<p><strong>Caracter\u00edsticas:<\/strong><br \/>\n<span>Interno: Textil\u00a0<\/span><br \/>\n<span>Plantilla: Eva<\/span><br \/>\n<span>G\u00e9nero: Unisex<\/span><br \/>\n<span>Corte: Sint\u00e9tica<\/span><br \/>\n<span>Leng\u00fceta: Sint\u00e9tica\u00a0<\/span><br \/>\n<span>Tecnolog\u00eda de suela: Box\u00a0 Sole<\/span><br \/>\n<span>Material de suela: <\/span><span>Goma\u00a0<\/span><\/p>\n<p><strong>Detalles:<\/strong><\/p>\n<p><strong>Marca:<\/strong> DC.<\/p>\n<p><strong>Modelo:<\/strong> DC065A.WNW.<\/p>\n<p><strong>Color:<\/strong> Blanco\/ Marino.<\/p>\n<p><strong>G\u00e9nero:<\/strong> Unisex.<\/p>\n<p>&nbsp;<\/p>\n","protected":false},"excerpt":{"rendered":"<p>MANTECA 4 Los calzados DC Shoes Manteca 4 son una actualizaci\u00f3n moderna de un cl\u00e1sico de los 90. Con un<\/p>\n","protected":false},"featured_media":56441,"comment_status":"open","ping_status":"closed","template":"","meta":{"nf_dc_page":""},"product_brand":[],"product_cat":[73,76],"product_tag":[],"class_list":{"0":"post-56440","1":"product","2":"type-product","3":"status-publish","4":"has-post-thumbnail","6":"product_cat-femenino","7":"product_cat-masculino","9":"first","10":"outofstock","11":"shipping-taxable","12":"purchasable","13":"product-type-simple"},"_links":{"self":[{"href":"https:\/\/brandss.com.py\/index\/wp-json\/wp\/v2\/product\/56440","targetHints":{"allow":["GET"]}}],"collection":[{"href":"https:\/\/brandss.com.py\/index\/wp-json\/wp\/v2\/product"}],"about":[{"href":"https:\/\/brandss.com.py\/index\/wp-json\/wp\/v2\/types\/product"}],"replies":[{"embeddable":true,"href":"https:\/\/brandss.com.py\/index\/wp-json\/wp\/v2\/comments?post=56440"}],"version-history":[{"count":1,"href":"https:\/\/brandss.com.py\/index\/wp-json\/wp\/v2\/product\/56440\/revisions"}],"predecessor-version":[{"id":56449,"href":"https:\/\/brandss.com.py\/index\/wp-json\/wp\/v2\/product\/56440\/revisions\/56449"}],"wp:featuredmedia":[{"embeddable":true,"href":"https:\/\/brandss.com.py\/index\/wp-json\/wp\/v2\/media\/56441"}],"wp:attachment":[{"href":"https:\/\/brandss.com.py\/index\/wp-json\/wp\/v2\/media?parent=56440"}],"wp:term":[{"taxonomy":"product_brand","embeddable":true,"href":"https:\/\/brandss.com.py\/index\/wp-json\/wp\/v2\/product_brand?post=56440"},{"taxonomy":"product_cat","embeddable":true,"href":"https:\/\/brandss.com.py\/index\/wp-json\/wp\/v2\/product_cat?post=56440"},{"taxonomy":"product_tag","embeddable":true,"href":"https:\/\/brandss.com.py\/index\/wp-json\/wp\/v2\/product_tag?post=56440"}],"curies":[{"name":"wp","href":"https:\/\/api.w.org\/{rel}","templated":true}]}}