{"id":56487,"date":"2024-08-21T15:43:23","date_gmt":"2024-08-21T15:43:23","guid":{"rendered":"https:\/\/brandss.com.py\/index\/?post_type=product&#038;p=56487"},"modified":"2024-08-21T15:44:43","modified_gmt":"2024-08-21T15:44:43","slug":"camisa-femenino-diesel-c-over-mangas-largas","status":"publish","type":"product","link":"https:\/\/brandss.com.py\/index\/producto\/camisa-femenino-diesel-c-over-mangas-largas\/","title":{"rendered":"CAMISA FEMENINO DIESEL C-OVER MANGAS LARGAS"},"content":{"rendered":"<p><img loading=\"lazy\" decoding=\"async\" class=\"\" src=\"https:\/\/static.vecteezy.com\/system\/resources\/previews\/023\/599\/751\/original\/diesel-logo-brand-symbol-black-design-luxury-clothes-fashion-illustration-free-vector.jpg\" alt=\"diesel logo marca s\u00edmbolo negro dise\u00f1o lujo ropa Moda vector ilustraci\u00f3n  23599751 Vector en Vecteezy\" width=\"95\" height=\"77\" \/><\/p>\n<h1>C-OVER<\/h1>\n<div class=\"product_specs_section\">\n<ul class=\"product_spec_list product_spec_content\">\n<li><span>Decoraci\u00f3n: ojales, efecto tie-dye, combinaci\u00f3n de materiales<\/span><\/li>\n<li><span>Hecho en la India<\/span><\/li>\n<li><span>Longitud del producto: a lo largo de la costura media de la espalda desde el escote.<\/span><\/li>\n<li><span>Cierre: botones<\/span><\/li>\n<li><span>Longitud de la manga: larga, 60 cm<\/span><\/li>\n<li><span>Composici\u00f3n: 100% Lyocell<\/span><\/li>\n<\/ul>\n<p><strong>Detalles:<\/strong><\/p>\n<p><strong>Marca:<\/strong> Diesel.<\/p>\n<p><strong>Modelo:<\/strong> A04151-0IBAR.<\/p>\n<p><strong>G\u00e9nero:<\/strong> Femenino.<\/p>\n<p><strong>Color:<\/strong> Blanco\/ azul claro.<\/p>\n<\/div>\n<div class=\"product_specs_section\"><\/div>\n","protected":false},"excerpt":{"rendered":"<p>C-OVER Decoraci\u00f3n: ojales, efecto tie-dye, combinaci\u00f3n de materiales Hecho en la India Longitud del producto: a lo largo de la<\/p>\n","protected":false},"featured_media":56488,"comment_status":"open","ping_status":"closed","template":"","meta":{"nf_dc_page":""},"product_brand":[],"product_cat":[73],"product_tag":[],"class_list":{"0":"post-56487","1":"product","2":"type-product","3":"status-publish","4":"has-post-thumbnail","6":"product_cat-femenino","8":"first","9":"instock","10":"shipping-taxable","11":"purchasable","12":"product-type-simple"},"_links":{"self":[{"href":"https:\/\/brandss.com.py\/index\/wp-json\/wp\/v2\/product\/56487","targetHints":{"allow":["GET"]}}],"collection":[{"href":"https:\/\/brandss.com.py\/index\/wp-json\/wp\/v2\/product"}],"about":[{"href":"https:\/\/brandss.com.py\/index\/wp-json\/wp\/v2\/types\/product"}],"replies":[{"embeddable":true,"href":"https:\/\/brandss.com.py\/index\/wp-json\/wp\/v2\/comments?post=56487"}],"version-history":[{"count":1,"href":"https:\/\/brandss.com.py\/index\/wp-json\/wp\/v2\/product\/56487\/revisions"}],"predecessor-version":[{"id":56493,"href":"https:\/\/brandss.com.py\/index\/wp-json\/wp\/v2\/product\/56487\/revisions\/56493"}],"wp:featuredmedia":[{"embeddable":true,"href":"https:\/\/brandss.com.py\/index\/wp-json\/wp\/v2\/media\/56488"}],"wp:attachment":[{"href":"https:\/\/brandss.com.py\/index\/wp-json\/wp\/v2\/media?parent=56487"}],"wp:term":[{"taxonomy":"product_brand","embeddable":true,"href":"https:\/\/brandss.com.py\/index\/wp-json\/wp\/v2\/product_brand?post=56487"},{"taxonomy":"product_cat","embeddable":true,"href":"https:\/\/brandss.com.py\/index\/wp-json\/wp\/v2\/product_cat?post=56487"},{"taxonomy":"product_tag","embeddable":true,"href":"https:\/\/brandss.com.py\/index\/wp-json\/wp\/v2\/product_tag?post=56487"}],"curies":[{"name":"wp","href":"https:\/\/api.w.org\/{rel}","templated":true}]}}