{"id":56502,"date":"2024-08-21T19:16:08","date_gmt":"2024-08-21T19:16:08","guid":{"rendered":"https:\/\/brandss.com.py\/index\/?post_type=product&#038;p=56502"},"modified":"2024-08-21T19:17:01","modified_gmt":"2024-08-21T19:17:01","slug":"vestido-femenino-diesel-d-tiep-kleid-mangas-cortas","status":"publish","type":"product","link":"https:\/\/brandss.com.py\/index\/producto\/vestido-femenino-diesel-d-tiep-kleid-mangas-cortas\/","title":{"rendered":"VESTIDO FEMENINO DIESEL D-TIEP KLEID MANGAS CORTAS"},"content":{"rendered":"<p><img loading=\"lazy\" decoding=\"async\" class=\"\" src=\"https:\/\/static.vecteezy.com\/system\/resources\/previews\/023\/599\/751\/original\/diesel-logo-brand-symbol-black-design-luxury-clothes-fashion-illustration-free-vector.jpg\" alt=\"diesel logo marca s\u00edmbolo negro dise\u00f1o lujo ropa Moda vector ilustraci\u00f3n  23599751 Vector en Vecteezy\" width=\"86\" height=\"70\" \/><\/p>\n<h1>D-TIEP KLEID<\/h1>\n<p>Esta vestido camisero est\u00e1 confeccionado con una combinaci\u00f3n de texturas en contraste: sarga l\u00edquida, crep\u00e9 ligero y sat\u00e9n brillante. El cintur\u00f3n anudado se envuelve alrededor de la parte delantera o trasera y crea una silueta suave.<\/p>\n<p><strong>Caracter\u00edsticas:<\/strong><\/p>\n<p>Cierre de bot\u00f3n<\/p>\n<p>Cintura envolvente con anilla en D Colgante con<\/p>\n<p>logo de metal desmontable<\/p>\n<p>Aberturas laterales<\/p>\n<p>Sin forro<\/p>\n<p>100% Lyocell, Contraste 100% Ray\u00f3n de viscosa<\/p>\n<p><strong>Cuidados:<\/strong><\/p>\n<p>Lavar a mano<\/p>\n<p>No usar lej\u00eda<\/p>\n<p>Planchar a baja temperatura<\/p>\n<p>Lavar en seco<\/p>\n<p>No secar en secadora<\/p>\n<p>Secar en plano a la sombra<\/p>\n<p><strong>Detalles:<\/strong><\/p>\n<p>&nbsp;<\/p>\n<p><strong>Marca:<\/strong> Diesel.<\/p>\n<p><strong>Modelo:<\/strong> 00SUQV-0KAUW.<\/p>\n<p><strong>G\u00e9nero:<\/strong> Femenino.<\/p>\n<p><strong>Color:<\/strong> Crudo.<\/p>\n<p>&nbsp;<\/p>\n","protected":false},"excerpt":{"rendered":"<p>D-TIEP KLEID Esta vestido camisero est\u00e1 confeccionado con una combinaci\u00f3n de texturas en contraste: sarga l\u00edquida, crep\u00e9 ligero y sat\u00e9n<\/p>\n","protected":false},"featured_media":56503,"comment_status":"open","ping_status":"closed","template":"","meta":{"nf_dc_page":""},"product_brand":[],"product_cat":[73],"product_tag":[],"class_list":{"0":"post-56502","1":"product","2":"type-product","3":"status-publish","4":"has-post-thumbnail","6":"product_cat-femenino","8":"first","9":"instock","10":"shipping-taxable","11":"purchasable","12":"product-type-simple"},"_links":{"self":[{"href":"https:\/\/brandss.com.py\/index\/wp-json\/wp\/v2\/product\/56502","targetHints":{"allow":["GET"]}}],"collection":[{"href":"https:\/\/brandss.com.py\/index\/wp-json\/wp\/v2\/product"}],"about":[{"href":"https:\/\/brandss.com.py\/index\/wp-json\/wp\/v2\/types\/product"}],"replies":[{"embeddable":true,"href":"https:\/\/brandss.com.py\/index\/wp-json\/wp\/v2\/comments?post=56502"}],"version-history":[{"count":1,"href":"https:\/\/brandss.com.py\/index\/wp-json\/wp\/v2\/product\/56502\/revisions"}],"predecessor-version":[{"id":56509,"href":"https:\/\/brandss.com.py\/index\/wp-json\/wp\/v2\/product\/56502\/revisions\/56509"}],"wp:featuredmedia":[{"embeddable":true,"href":"https:\/\/brandss.com.py\/index\/wp-json\/wp\/v2\/media\/56503"}],"wp:attachment":[{"href":"https:\/\/brandss.com.py\/index\/wp-json\/wp\/v2\/media?parent=56502"}],"wp:term":[{"taxonomy":"product_brand","embeddable":true,"href":"https:\/\/brandss.com.py\/index\/wp-json\/wp\/v2\/product_brand?post=56502"},{"taxonomy":"product_cat","embeddable":true,"href":"https:\/\/brandss.com.py\/index\/wp-json\/wp\/v2\/product_cat?post=56502"},{"taxonomy":"product_tag","embeddable":true,"href":"https:\/\/brandss.com.py\/index\/wp-json\/wp\/v2\/product_tag?post=56502"}],"curies":[{"name":"wp","href":"https:\/\/api.w.org\/{rel}","templated":true}]}}