{"id":56510,"date":"2024-08-22T15:19:40","date_gmt":"2024-08-22T15:19:40","guid":{"rendered":"https:\/\/brandss.com.py\/index\/?post_type=product&#038;p=56510"},"modified":"2024-08-22T15:21:13","modified_gmt":"2024-08-22T15:21:13","slug":"vestido-femenino-diesel-d-milia-b-kleid-mangas-cortas","status":"publish","type":"product","link":"https:\/\/brandss.com.py\/index\/producto\/vestido-femenino-diesel-d-milia-b-kleid-mangas-cortas\/","title":{"rendered":"VESTIDO FEMENINO DIESEL D-MILIA-B KLEID MANGAS CORTAS"},"content":{"rendered":"<p><img loading=\"lazy\" decoding=\"async\" class=\"\" src=\"https:\/\/static.vecteezy.com\/system\/resources\/previews\/023\/599\/751\/original\/diesel-logo-brand-symbol-black-design-luxury-clothes-fashion-illustration-free-vector.jpg\" alt=\"diesel logo marca s\u00edmbolo negro dise\u00f1o lujo ropa Moda vector ilustraci\u00f3n  23599751 Vector en Vecteezy\" width=\"88\" height=\"72\" \/><\/p>\n<h1>D-MILIA-B KLEID<\/h1>\n<p id=\"js-description\" class=\"txt-base descripcion-length\"><span id=\"desc\"><span>Este vestido tipo camiseta est\u00e1 confeccionado con un patchwork de paneles de algod\u00f3n y viscosa. El corte en un lateral est\u00e1 detallado con un anillo de metal y una etiqueta de pl\u00e1stico.<\/span><\/p>\n<p><strong>Especificaciones:<\/strong><\/p>\n<p><span>&#8211; 100 % algod\u00f3n<\/span><\/p>\n<p><\/span><\/p>\n<p><strong>Caracter\u00edsticas:<\/strong><\/p>\n<p><strong>Marca: <\/strong>Diesel.<\/p>\n<p><strong>Modelo:<\/strong> 008U81-0JAUQ-9XX.<\/p>\n<p><strong>G\u00e9nero:<\/strong> Femenino.<\/p>\n<p><strong>Color:<\/strong> Negro.<\/p>\n","protected":false},"excerpt":{"rendered":"<p>D-MILIA-B KLEID Este vestido tipo camiseta est\u00e1 confeccionado con un patchwork de paneles de algod\u00f3n y viscosa. El corte en<\/p>\n","protected":false},"featured_media":56511,"comment_status":"open","ping_status":"closed","template":"","meta":{"nf_dc_page":""},"product_brand":[],"product_cat":[73],"product_tag":[],"class_list":{"0":"post-56510","1":"product","2":"type-product","3":"status-publish","4":"has-post-thumbnail","6":"product_cat-femenino","8":"first","9":"instock","10":"shipping-taxable","11":"purchasable","12":"product-type-simple"},"_links":{"self":[{"href":"https:\/\/brandss.com.py\/index\/wp-json\/wp\/v2\/product\/56510","targetHints":{"allow":["GET"]}}],"collection":[{"href":"https:\/\/brandss.com.py\/index\/wp-json\/wp\/v2\/product"}],"about":[{"href":"https:\/\/brandss.com.py\/index\/wp-json\/wp\/v2\/types\/product"}],"replies":[{"embeddable":true,"href":"https:\/\/brandss.com.py\/index\/wp-json\/wp\/v2\/comments?post=56510"}],"version-history":[{"count":2,"href":"https:\/\/brandss.com.py\/index\/wp-json\/wp\/v2\/product\/56510\/revisions"}],"predecessor-version":[{"id":56518,"href":"https:\/\/brandss.com.py\/index\/wp-json\/wp\/v2\/product\/56510\/revisions\/56518"}],"wp:featuredmedia":[{"embeddable":true,"href":"https:\/\/brandss.com.py\/index\/wp-json\/wp\/v2\/media\/56511"}],"wp:attachment":[{"href":"https:\/\/brandss.com.py\/index\/wp-json\/wp\/v2\/media?parent=56510"}],"wp:term":[{"taxonomy":"product_brand","embeddable":true,"href":"https:\/\/brandss.com.py\/index\/wp-json\/wp\/v2\/product_brand?post=56510"},{"taxonomy":"product_cat","embeddable":true,"href":"https:\/\/brandss.com.py\/index\/wp-json\/wp\/v2\/product_cat?post=56510"},{"taxonomy":"product_tag","embeddable":true,"href":"https:\/\/brandss.com.py\/index\/wp-json\/wp\/v2\/product_tag?post=56510"}],"curies":[{"name":"wp","href":"https:\/\/api.w.org\/{rel}","templated":true}]}}