{"id":56519,"date":"2024-08-22T15:54:21","date_gmt":"2024-08-22T15:54:21","guid":{"rendered":"https:\/\/brandss.com.py\/index\/?post_type=product&#038;p=56519"},"modified":"2024-08-22T17:25:07","modified_gmt":"2024-08-22T17:25:07","slug":"vestido-camisero-femenino-diesel-d-super-d-robe-mangas-largas","status":"publish","type":"product","link":"https:\/\/brandss.com.py\/index\/producto\/vestido-camisero-femenino-diesel-d-super-d-robe-mangas-largas\/","title":{"rendered":"VESTIDO CAMISERO FEMENINO DIESEL D-SUPER-D ROBE MANGAS LARGAS"},"content":{"rendered":"<p><img loading=\"lazy\" decoding=\"async\" class=\"\" src=\"https:\/\/static.vecteezy.com\/system\/resources\/previews\/023\/599\/751\/original\/diesel-logo-brand-symbol-black-design-luxury-clothes-fashion-illustration-free-vector.jpg\" alt=\"diesel logo marca s\u00edmbolo negro dise\u00f1o lujo ropa Moda vector ilustraci\u00f3n  23599751 Vector en Vecteezy\" width=\"93\" height=\"76\" \/><\/p>\n<h1>D-SUPER-D ROBE<\/h1>\n<p><span>Este vestido camisero de sarga presenta cuello mao y pu\u00f1os de canal\u00e9. Presenta una tapeta con botones reforzada con grosgrain y botones a presi\u00f3n de metal en el canes\u00fa trasero. Acabado con un dobladillo ligeramente deshilachado.<\/span><\/p>\n<p><strong>Caracter\u00edsticas:<\/strong><\/p>\n<p><span>Dos bolsillos en el pecho<\/span><\/p>\n<p><span>Cierre con bot\u00f3n a presi\u00f3n<\/span><\/p>\n<p><span>Logotipo bordado en la parte posterior<\/span><\/p>\n<p><span>Anilla en D bordada<\/span><\/p>\n<p><span>Sin forro<\/span><\/p>\n<p><span>Composici\u00f3n: 100% Lyocell<\/span><\/p>\n<p><strong>Cuidados:<\/strong><\/p>\n<p><span>Lavar a mano<\/span><\/p>\n<p><span>No usar <\/span><span>lej\u00eda <\/span><\/p>\n<p><span>Planchar a un m\u00e1ximo de 110 \u00b0C<\/span><\/p>\n<p><span>No lavar en seco<\/span><\/p>\n<p><span>Bajo contenido de hierro<\/span><\/p>\n<p><span>No secar en <\/span><span>secadora <\/span><\/p>\n<p><span>Secar piso a la sombra<\/span><\/p>\n<p>&nbsp;<\/p>\n<p><strong>Detalles:\u00a0<\/strong><\/p>\n<p>&nbsp;<\/p>\n<p><strong>Marca:<\/strong> DIESEL.<\/p>\n<p><strong>Modelo:<\/strong> 00SUP8-0LAVE.<\/p>\n<p><strong>G\u00e9nero:<\/strong> Femenino.<\/p>\n<p><strong>Color:<\/strong> Negro.<\/p>\n","protected":false},"excerpt":{"rendered":"<p>D-SUPER-D ROBE Este vestido camisero de sarga presenta cuello mao y pu\u00f1os de canal\u00e9. Presenta una tapeta con botones reforzada<\/p>\n","protected":false},"featured_media":56520,"comment_status":"open","ping_status":"closed","template":"","meta":{"nf_dc_page":""},"product_brand":[],"product_cat":[73],"product_tag":[],"class_list":{"0":"post-56519","1":"product","2":"type-product","3":"status-publish","4":"has-post-thumbnail","6":"product_cat-femenino","8":"first","9":"instock","10":"shipping-taxable","11":"purchasable","12":"product-type-simple"},"_links":{"self":[{"href":"https:\/\/brandss.com.py\/index\/wp-json\/wp\/v2\/product\/56519","targetHints":{"allow":["GET"]}}],"collection":[{"href":"https:\/\/brandss.com.py\/index\/wp-json\/wp\/v2\/product"}],"about":[{"href":"https:\/\/brandss.com.py\/index\/wp-json\/wp\/v2\/types\/product"}],"replies":[{"embeddable":true,"href":"https:\/\/brandss.com.py\/index\/wp-json\/wp\/v2\/comments?post=56519"}],"version-history":[{"count":1,"href":"https:\/\/brandss.com.py\/index\/wp-json\/wp\/v2\/product\/56519\/revisions"}],"predecessor-version":[{"id":56524,"href":"https:\/\/brandss.com.py\/index\/wp-json\/wp\/v2\/product\/56519\/revisions\/56524"}],"wp:featuredmedia":[{"embeddable":true,"href":"https:\/\/brandss.com.py\/index\/wp-json\/wp\/v2\/media\/56520"}],"wp:attachment":[{"href":"https:\/\/brandss.com.py\/index\/wp-json\/wp\/v2\/media?parent=56519"}],"wp:term":[{"taxonomy":"product_brand","embeddable":true,"href":"https:\/\/brandss.com.py\/index\/wp-json\/wp\/v2\/product_brand?post=56519"},{"taxonomy":"product_cat","embeddable":true,"href":"https:\/\/brandss.com.py\/index\/wp-json\/wp\/v2\/product_cat?post=56519"},{"taxonomy":"product_tag","embeddable":true,"href":"https:\/\/brandss.com.py\/index\/wp-json\/wp\/v2\/product_tag?post=56519"}],"curies":[{"name":"wp","href":"https:\/\/api.w.org\/{rel}","templated":true}]}}