{"id":56534,"date":"2024-08-22T18:57:09","date_gmt":"2024-08-22T18:57:09","guid":{"rendered":"https:\/\/brandss.com.py\/index\/?post_type=product&#038;p=56534"},"modified":"2024-08-22T18:59:24","modified_gmt":"2024-08-22T18:59:24","slug":"sueter-femenino-diesel-m-cristal-pullover","status":"publish","type":"product","link":"https:\/\/brandss.com.py\/index\/producto\/sueter-femenino-diesel-m-cristal-pullover\/","title":{"rendered":"SUETER FEMENINO DIESEL M-CRISTAL PULLOVER"},"content":{"rendered":"<p><img loading=\"lazy\" decoding=\"async\" class=\"\" src=\"https:\/\/static.vecteezy.com\/system\/resources\/previews\/023\/599\/751\/original\/diesel-logo-brand-symbol-black-design-luxury-clothes-fashion-illustration-free-vector.jpg\" alt=\"diesel logo marca s\u00edmbolo negro dise\u00f1o lujo ropa Moda vector ilustraci\u00f3n  23599751 Vector en Vecteezy\" width=\"95\" height=\"77\" \/><\/p>\n<h1>M-CRISTAL PULLOVER<\/h1>\n<p><span>Este jersey est\u00e1 tejido con una mezcla de lyocell, enriquecido con lana y cachemira. La silueta presenta una doble funcionalidad, con aberturas en los brazos.<\/span><\/p>\n<p><span>Caracter\u00edsticas:<\/span><\/p>\n<p><span>&#8211; Fabricado con fibras ecol\u00f3gicas<\/span><br \/>\n<span>&#8211; Acabados acanalados<\/span><br \/>\n<span>&#8211; 31 % lana 22 % poliamida-nailon 17 % cachemira 17 % lyocell 13 % viscosa-ray\u00f3n<\/span><\/p>\n<p>&nbsp;<\/p>\n<p><strong>Detalles:<\/strong><\/p>\n<p>&nbsp;<\/p>\n<p><strong>Marca:<\/strong> Diesel.<\/p>\n<p><strong>Modelo:\u00a0<\/strong> 00SYX8-0QAXP-900.<\/p>\n<p><strong>G\u00e9nero:<\/strong> Femenino.<\/p>\n<p><strong>Color:<\/strong> Negro.<\/p>\n<p>&nbsp;<\/p>\n","protected":false},"excerpt":{"rendered":"<p>M-CRISTAL PULLOVER Este jersey est\u00e1 tejido con una mezcla de lyocell, enriquecido con lana y cachemira. La silueta presenta una<\/p>\n","protected":false},"featured_media":56535,"comment_status":"open","ping_status":"closed","template":"","meta":{"nf_dc_page":""},"product_brand":[],"product_cat":[73],"product_tag":[],"class_list":{"0":"post-56534","1":"product","2":"type-product","3":"status-publish","4":"has-post-thumbnail","6":"product_cat-femenino","8":"first","9":"instock","10":"shipping-taxable","11":"purchasable","12":"product-type-simple"},"_links":{"self":[{"href":"https:\/\/brandss.com.py\/index\/wp-json\/wp\/v2\/product\/56534","targetHints":{"allow":["GET"]}}],"collection":[{"href":"https:\/\/brandss.com.py\/index\/wp-json\/wp\/v2\/product"}],"about":[{"href":"https:\/\/brandss.com.py\/index\/wp-json\/wp\/v2\/types\/product"}],"replies":[{"embeddable":true,"href":"https:\/\/brandss.com.py\/index\/wp-json\/wp\/v2\/comments?post=56534"}],"version-history":[{"count":1,"href":"https:\/\/brandss.com.py\/index\/wp-json\/wp\/v2\/product\/56534\/revisions"}],"predecessor-version":[{"id":56539,"href":"https:\/\/brandss.com.py\/index\/wp-json\/wp\/v2\/product\/56534\/revisions\/56539"}],"wp:featuredmedia":[{"embeddable":true,"href":"https:\/\/brandss.com.py\/index\/wp-json\/wp\/v2\/media\/56535"}],"wp:attachment":[{"href":"https:\/\/brandss.com.py\/index\/wp-json\/wp\/v2\/media?parent=56534"}],"wp:term":[{"taxonomy":"product_brand","embeddable":true,"href":"https:\/\/brandss.com.py\/index\/wp-json\/wp\/v2\/product_brand?post=56534"},{"taxonomy":"product_cat","embeddable":true,"href":"https:\/\/brandss.com.py\/index\/wp-json\/wp\/v2\/product_cat?post=56534"},{"taxonomy":"product_tag","embeddable":true,"href":"https:\/\/brandss.com.py\/index\/wp-json\/wp\/v2\/product_tag?post=56534"}],"curies":[{"name":"wp","href":"https:\/\/api.w.org\/{rel}","templated":true}]}}