{"id":56549,"date":"2024-08-23T12:45:24","date_gmt":"2024-08-23T12:45:24","guid":{"rendered":"https:\/\/brandss.com.py\/index\/?post_type=product&#038;p=56549"},"modified":"2024-08-23T12:47:34","modified_gmt":"2024-08-23T12:47:34","slug":"sueter-femenino-diesel-m-rhonada","status":"publish","type":"product","link":"https:\/\/brandss.com.py\/index\/producto\/sueter-femenino-diesel-m-rhonada\/","title":{"rendered":"SUETER FEMENINO DIESEL M-RHONADA"},"content":{"rendered":"<div class=\"item_main_tabcontent_section\">\n<div class=\"item_main_tabcontent_inner\">\n<div class=\"item_main_details_coulumn\">\n<div class=\"item_main_details_coulumn__description\">\n<div class=\"item_main_free_text_wrap\">\n<p><img loading=\"lazy\" decoding=\"async\" class=\"\" src=\"https:\/\/static.vecteezy.com\/system\/resources\/previews\/023\/599\/751\/original\/diesel-logo-brand-symbol-black-design-luxury-clothes-fashion-illustration-free-vector.jpg\" alt=\"diesel logo marca s\u00edmbolo negro dise\u00f1o lujo ropa Moda vector ilustraci\u00f3n  23599751 Vector en Vecteezy\" width=\"103\" height=\"84\" \/><\/p>\n<h1 class=\"free_txt\"><span>M-RHONDA<\/span><\/h1>\n<p>&nbsp;<\/p>\n<p class=\"free_txt\">Prendas de punto un tejido de manga larga con estampado de leopardo con una suave textura de mohair cepillado y ajuste amplio. Una prenda lady-like con una combinaci\u00f3n de colores violeta y negro que desprende encanto.<\/p>\n<p>&nbsp;<\/p>\n<p class=\"free_txt\"><strong>Especificaciones:<\/strong><\/p>\n<p class=\"free_txt\">\n<p>Ribete de canal\u00e9 holgado<\/p>\n<p class=\"free_txt\">Lavar a mano<\/p>\n<p class=\"free_txt\">No usar lej\u00eda<\/p>\n<p class=\"free_txt\">No secar en secadora<\/p>\n<p class=\"free_txt\">Lavar en seco a 110 \u2103 (delicado)<\/p>\n<p class=\"free_txt\">Secar en plano a la sombra<\/p>\n<p>&nbsp;<\/p>\n<p class=\"free_txt\"><strong>Caracter\u00edsticas:<\/strong><\/p>\n<p>&nbsp;<\/p>\n<p class=\"free_txt\"><strong>Marca:<\/strong> DIESEL.<\/p>\n<p class=\"free_txt\"><strong>Modelo:<\/strong> A01272-OCBAV.<\/p>\n<p class=\"free_txt\"><strong>G\u00e9nero:<\/strong> Femenino.<\/p>\n<p><span><strong>Color:<\/strong> Violeta\/Negro.<\/span><\/p>\n<p><span><strong>Materiales:<\/strong> 39% acr\u00edlico, 32% poliamida-nylon, 19% mohair, 6% lana, 3% ray\u00f3n viscosa, elastano- 1 % spandex.<\/span><\/p>\n<\/div>\n<\/div>\n<\/div>\n<\/div>\n<\/div>\n","protected":false},"excerpt":{"rendered":"<p>M-RHONDA &nbsp; Prendas de punto un tejido de manga larga con estampado de leopardo con una suave textura de mohair<\/p>\n","protected":false},"featured_media":56550,"comment_status":"open","ping_status":"closed","template":"","meta":{"nf_dc_page":""},"product_brand":[],"product_cat":[73],"product_tag":[],"class_list":{"0":"post-56549","1":"product","2":"type-product","3":"status-publish","4":"has-post-thumbnail","6":"product_cat-femenino","8":"first","9":"instock","10":"shipping-taxable","11":"purchasable","12":"product-type-simple"},"_links":{"self":[{"href":"https:\/\/brandss.com.py\/index\/wp-json\/wp\/v2\/product\/56549","targetHints":{"allow":["GET"]}}],"collection":[{"href":"https:\/\/brandss.com.py\/index\/wp-json\/wp\/v2\/product"}],"about":[{"href":"https:\/\/brandss.com.py\/index\/wp-json\/wp\/v2\/types\/product"}],"replies":[{"embeddable":true,"href":"https:\/\/brandss.com.py\/index\/wp-json\/wp\/v2\/comments?post=56549"}],"version-history":[{"count":1,"href":"https:\/\/brandss.com.py\/index\/wp-json\/wp\/v2\/product\/56549\/revisions"}],"predecessor-version":[{"id":56556,"href":"https:\/\/brandss.com.py\/index\/wp-json\/wp\/v2\/product\/56549\/revisions\/56556"}],"wp:featuredmedia":[{"embeddable":true,"href":"https:\/\/brandss.com.py\/index\/wp-json\/wp\/v2\/media\/56550"}],"wp:attachment":[{"href":"https:\/\/brandss.com.py\/index\/wp-json\/wp\/v2\/media?parent=56549"}],"wp:term":[{"taxonomy":"product_brand","embeddable":true,"href":"https:\/\/brandss.com.py\/index\/wp-json\/wp\/v2\/product_brand?post=56549"},{"taxonomy":"product_cat","embeddable":true,"href":"https:\/\/brandss.com.py\/index\/wp-json\/wp\/v2\/product_cat?post=56549"},{"taxonomy":"product_tag","embeddable":true,"href":"https:\/\/brandss.com.py\/index\/wp-json\/wp\/v2\/product_tag?post=56549"}],"curies":[{"name":"wp","href":"https:\/\/api.w.org\/{rel}","templated":true}]}}