{"id":56574,"date":"2024-08-23T15:24:13","date_gmt":"2024-08-23T15:24:13","guid":{"rendered":"https:\/\/brandss.com.py\/index\/?post_type=product&#038;p=56574"},"modified":"2024-08-23T15:25:26","modified_gmt":"2024-08-23T15:25:26","slug":"blusa-femenino-diesel-m-ought-a-veste-sin-mangas","status":"publish","type":"product","link":"https:\/\/brandss.com.py\/index\/producto\/blusa-femenino-diesel-m-ought-a-veste-sin-mangas\/","title":{"rendered":"BLUSA FEMENINO DIESEL M-OUGHT A VESTE SIN MANGAS"},"content":{"rendered":"<p><img loading=\"lazy\" decoding=\"async\" class=\"\" src=\"https:\/\/static.vecteezy.com\/system\/resources\/previews\/023\/599\/751\/original\/diesel-logo-brand-symbol-black-design-luxury-clothes-fashion-illustration-free-vector.jpg\" alt=\"diesel logo marca s\u00edmbolo negro dise\u00f1o lujo ropa Moda vector ilustraci\u00f3n  23599751 Vector en Vecteezy\" width=\"110\" height=\"89\" \/><\/p>\n<h1>M-OUGHT A VESTE.<\/h1>\n<p><strong>Marca:<\/strong> DIESEL.<\/p>\n<p><strong>Modelo:<\/strong> 00SGV6-OIASC.<\/p>\n<p><strong>G\u00e9nero:<\/strong> Femenino.<\/p>\n<p><strong>Color:<\/strong> Verde.<\/p>\n<p><strong>Composici\u00f3n:<\/strong> Viscosa &#8211; 100%.<\/p>\n","protected":false},"excerpt":{"rendered":"<p>M-OUGHT A VESTE. Marca: DIESEL. Modelo: 00SGV6-OIASC. G\u00e9nero: Femenino. Color: Verde. Composici\u00f3n: Viscosa &#8211; 100%.<\/p>\n","protected":false},"featured_media":56575,"comment_status":"open","ping_status":"closed","template":"","meta":{"nf_dc_page":""},"product_brand":[],"product_cat":[73],"product_tag":[],"class_list":{"0":"post-56574","1":"product","2":"type-product","3":"status-publish","4":"has-post-thumbnail","6":"product_cat-femenino","8":"first","9":"instock","10":"shipping-taxable","11":"purchasable","12":"product-type-simple"},"_links":{"self":[{"href":"https:\/\/brandss.com.py\/index\/wp-json\/wp\/v2\/product\/56574","targetHints":{"allow":["GET"]}}],"collection":[{"href":"https:\/\/brandss.com.py\/index\/wp-json\/wp\/v2\/product"}],"about":[{"href":"https:\/\/brandss.com.py\/index\/wp-json\/wp\/v2\/types\/product"}],"replies":[{"embeddable":true,"href":"https:\/\/brandss.com.py\/index\/wp-json\/wp\/v2\/comments?post=56574"}],"version-history":[{"count":1,"href":"https:\/\/brandss.com.py\/index\/wp-json\/wp\/v2\/product\/56574\/revisions"}],"predecessor-version":[{"id":56579,"href":"https:\/\/brandss.com.py\/index\/wp-json\/wp\/v2\/product\/56574\/revisions\/56579"}],"wp:featuredmedia":[{"embeddable":true,"href":"https:\/\/brandss.com.py\/index\/wp-json\/wp\/v2\/media\/56575"}],"wp:attachment":[{"href":"https:\/\/brandss.com.py\/index\/wp-json\/wp\/v2\/media?parent=56574"}],"wp:term":[{"taxonomy":"product_brand","embeddable":true,"href":"https:\/\/brandss.com.py\/index\/wp-json\/wp\/v2\/product_brand?post=56574"},{"taxonomy":"product_cat","embeddable":true,"href":"https:\/\/brandss.com.py\/index\/wp-json\/wp\/v2\/product_cat?post=56574"},{"taxonomy":"product_tag","embeddable":true,"href":"https:\/\/brandss.com.py\/index\/wp-json\/wp\/v2\/product_tag?post=56574"}],"curies":[{"name":"wp","href":"https:\/\/api.w.org\/{rel}","templated":true}]}}