{"id":56589,"date":"2024-08-23T18:45:32","date_gmt":"2024-08-23T18:45:32","guid":{"rendered":"https:\/\/brandss.com.py\/index\/?post_type=product&#038;p=56589"},"modified":"2024-08-23T18:48:16","modified_gmt":"2024-08-23T18:48:16","slug":"pantalon-femenino-diesel-p-rally","status":"publish","type":"product","link":"https:\/\/brandss.com.py\/index\/producto\/pantalon-femenino-diesel-p-rally\/","title":{"rendered":"PANTAL\u00d3N FEMENINO DIESEL P-RALLY"},"content":{"rendered":"<p><img loading=\"lazy\" decoding=\"async\" class=\"\" src=\"https:\/\/static.vecteezy.com\/system\/resources\/previews\/023\/599\/751\/original\/diesel-logo-brand-symbol-black-design-luxury-clothes-fashion-illustration-free-vector.jpg\" alt=\"diesel logo marca s\u00edmbolo negro dise\u00f1o lujo ropa Moda vector ilustraci\u00f3n  23599751 Vector en Vecteezy\" width=\"91\" height=\"74\" \/><\/p>\n<h1>P-RALLY<\/h1>\n<p><strong>Detalles:<\/strong><\/p>\n<p><strong>Marca:<\/strong> DIESEL.<\/p>\n<p><strong>Modelo:<\/strong> A05462-OLEAD.<\/p>\n<p><strong>G\u00e9nero:<\/strong> Femenino.<\/p>\n<p><strong>Color:<\/strong> Naranja, rojo, blanco, azul.<\/p>\n<p>&nbsp;<\/p>\n","protected":false},"excerpt":{"rendered":"<p>P-RALLY Detalles: Marca: DIESEL. Modelo: A05462-OLEAD. G\u00e9nero: Femenino. Color: Naranja, rojo, blanco, azul. &nbsp;<\/p>\n","protected":false},"featured_media":56590,"comment_status":"open","ping_status":"closed","template":"","meta":{"nf_dc_page":""},"product_brand":[],"product_cat":[73],"product_tag":[],"class_list":{"0":"post-56589","1":"product","2":"type-product","3":"status-publish","4":"has-post-thumbnail","6":"product_cat-femenino","8":"first","9":"instock","10":"shipping-taxable","11":"purchasable","12":"product-type-simple"},"_links":{"self":[{"href":"https:\/\/brandss.com.py\/index\/wp-json\/wp\/v2\/product\/56589","targetHints":{"allow":["GET"]}}],"collection":[{"href":"https:\/\/brandss.com.py\/index\/wp-json\/wp\/v2\/product"}],"about":[{"href":"https:\/\/brandss.com.py\/index\/wp-json\/wp\/v2\/types\/product"}],"replies":[{"embeddable":true,"href":"https:\/\/brandss.com.py\/index\/wp-json\/wp\/v2\/comments?post=56589"}],"version-history":[{"count":2,"href":"https:\/\/brandss.com.py\/index\/wp-json\/wp\/v2\/product\/56589\/revisions"}],"predecessor-version":[{"id":56594,"href":"https:\/\/brandss.com.py\/index\/wp-json\/wp\/v2\/product\/56589\/revisions\/56594"}],"wp:featuredmedia":[{"embeddable":true,"href":"https:\/\/brandss.com.py\/index\/wp-json\/wp\/v2\/media\/56590"}],"wp:attachment":[{"href":"https:\/\/brandss.com.py\/index\/wp-json\/wp\/v2\/media?parent=56589"}],"wp:term":[{"taxonomy":"product_brand","embeddable":true,"href":"https:\/\/brandss.com.py\/index\/wp-json\/wp\/v2\/product_brand?post=56589"},{"taxonomy":"product_cat","embeddable":true,"href":"https:\/\/brandss.com.py\/index\/wp-json\/wp\/v2\/product_cat?post=56589"},{"taxonomy":"product_tag","embeddable":true,"href":"https:\/\/brandss.com.py\/index\/wp-json\/wp\/v2\/product_tag?post=56589"}],"curies":[{"name":"wp","href":"https:\/\/api.w.org\/{rel}","templated":true}]}}