{"id":56607,"date":"2024-08-24T13:22:34","date_gmt":"2024-08-24T13:22:34","guid":{"rendered":"https:\/\/brandss.com.py\/index\/?post_type=product&#038;p=56607"},"modified":"2025-01-27T16:33:42","modified_gmt":"2025-01-27T16:33:42","slug":"parrilla-reclette-electrica-dsp-3-en-1-de-1400w","status":"publish","type":"product","link":"https:\/\/brandss.com.py\/index\/producto\/parrilla-reclette-electrica-dsp-3-en-1-de-1400w\/","title":{"rendered":"PARRILLA RECLETTE EL\u00c9CTRICA DSP 3 EN 1 DE 1400W"},"content":{"rendered":"<p><img loading=\"lazy\" decoding=\"async\" class=\"\" src=\"https:\/\/api.patentes-y-marcas.com\/uploads\/BOPIBrand_imagen\/dsp-a016000127.jpg\" alt=\"dsp - Informaci\u00f3n sobre la marca\" width=\"180\" height=\"75\" \/><\/p>\n<h1>KB1084<\/h1>\n<p><span>Con la nueva raclette universal DSP 3 en 1 para cocinar en la mesa, su almuerzo o cena familiar con amigos ahora ser\u00e1 a\u00fan m\u00e1s agradable, interesante, variado y, lo m\u00e1s importante, sin muchos problemas. Simplemente prepare productos crudos y frescos, marinados. trozos de carne, aves o pescado, tocino, salchichas, ma\u00edz, champi\u00f1ones, verduras y especias. Y tus invitados podr\u00e1n elegir de forma independiente los productos deseados y prepararlos ellos mismos, sin levantarse de la mesa. El aparato de sobremesa universal DSP a\u00f1adir\u00e1 un ambiente especial a tu cena, adem\u00e1s es muy c\u00f3modo y f\u00e1cil de usar y te garantiza el placer de cocinar una deliciosa comida casera junto a tus seres queridos. Despu\u00e9s de todo, \u00a1no hay nada m\u00e1s agradable que hablar y cocinar juntos! La parrilla raclette universal DSP 3 en 1 est\u00e1 dise\u00f1ada para una empresa de hasta 8 personas y est\u00e1 equipada con varios paneles intercambiables. Una placa de metal de doble cara con revestimiento antiadherente en un lado, una parrilla (en relieve) en el otro. El otro lado: una sart\u00e9n (plana), que te permitir\u00e1 cocinar tus platos favoritos lo m\u00e1s r\u00e1pido posible. La placa es ideal para cocinar cualquier tipo de carne, salchichas, anchoas, chuletas, verduras a la parrilla, pescado y otros productos. Placa de piedra para una fritura m\u00e1s lenta y especialmente suave de carne, pescado y otros mariscos. Cocinar sobre una piedra sin duda le sorprender\u00e1 y deleitar\u00e1 gratamente con una mesa inusual, el exquisito sabor de los platos reci\u00e9n preparados y la posibilidad de controlar usted mismo el grado de dorado de los alimentos. Truco de vida: dore el bistec en una parrilla de metal hasta que se forme una costra delicada y rayada en la parte superior, luego ll\u00e9velo al grado correcto de cocci\u00f3n en un plato de piedra y \u00a1tendr\u00e1 el bistec perfecto en casa! 8 raclettes con mangos de madera sin calefacci\u00f3n para derretir queso raclette y cocinar o calentar salsas individuales. El queso raclette derretido es ideal con patatas hervidas y otras verduras. Pruebe este plato nacional suizo y definitivamente se volver\u00e1 fan\u00e1tico de \u00e9l. La parrilla universal para raclette DSP 3 en 1 es muy c\u00f3moda de usar, ya que est\u00e1 equipada con asas con aislamiento t\u00e9rmico para transportar el dispositivo y, despu\u00e9s de la comida, los platos. y la raclette se puede lavar en el lavavajillas.<\/span><\/p>\n<p><strong>Caracter\u00edsticas:<\/strong><\/p>\n<ul>\n<li><span>Voltaje: 220-240 V ~ 50\/60 Hz<\/span><\/li>\n<li><span>Potencia: 1200-1400W<\/span><\/li>\n<li><span>Placa de aluminio de doble cara y placa de m\u00e1rmol.<\/span><\/li>\n<li><span>El tama\u00f1o de la placa de aluminio de doble cara: 21,0*21,0 cm<\/span><\/li>\n<li><span>El tama\u00f1o de la losa de m\u00e1rmol: 21,0*21,0 cm<\/span><\/li>\n<li><span>Indicaci\u00f3n luminosa<\/span><\/li>\n<li><span>Temperatura ajustable<\/span><\/li>\n<li><span>Con interruptor de seguridad<\/span><\/li>\n<\/ul>\n","protected":false},"excerpt":{"rendered":"<p>KB1084 Con la nueva raclette universal DSP 3 en 1 para cocinar en la mesa, su almuerzo o cena familiar<\/p>\n","protected":false},"featured_media":56609,"comment_status":"open","ping_status":"closed","template":"","meta":{"nf_dc_page":""},"product_brand":[],"product_cat":[83],"product_tag":[],"class_list":{"0":"post-56607","1":"product","2":"type-product","3":"status-publish","4":"has-post-thumbnail","6":"product_cat-hogar","8":"first","9":"instock","10":"shipping-taxable","11":"purchasable","12":"product-type-simple"},"_links":{"self":[{"href":"https:\/\/brandss.com.py\/index\/wp-json\/wp\/v2\/product\/56607","targetHints":{"allow":["GET"]}}],"collection":[{"href":"https:\/\/brandss.com.py\/index\/wp-json\/wp\/v2\/product"}],"about":[{"href":"https:\/\/brandss.com.py\/index\/wp-json\/wp\/v2\/types\/product"}],"replies":[{"embeddable":true,"href":"https:\/\/brandss.com.py\/index\/wp-json\/wp\/v2\/comments?post=56607"}],"version-history":[{"count":1,"href":"https:\/\/brandss.com.py\/index\/wp-json\/wp\/v2\/product\/56607\/revisions"}],"predecessor-version":[{"id":56616,"href":"https:\/\/brandss.com.py\/index\/wp-json\/wp\/v2\/product\/56607\/revisions\/56616"}],"wp:featuredmedia":[{"embeddable":true,"href":"https:\/\/brandss.com.py\/index\/wp-json\/wp\/v2\/media\/56609"}],"wp:attachment":[{"href":"https:\/\/brandss.com.py\/index\/wp-json\/wp\/v2\/media?parent=56607"}],"wp:term":[{"taxonomy":"product_brand","embeddable":true,"href":"https:\/\/brandss.com.py\/index\/wp-json\/wp\/v2\/product_brand?post=56607"},{"taxonomy":"product_cat","embeddable":true,"href":"https:\/\/brandss.com.py\/index\/wp-json\/wp\/v2\/product_cat?post=56607"},{"taxonomy":"product_tag","embeddable":true,"href":"https:\/\/brandss.com.py\/index\/wp-json\/wp\/v2\/product_tag?post=56607"}],"curies":[{"name":"wp","href":"https:\/\/api.w.org\/{rel}","templated":true}]}}