{"id":56674,"date":"2024-08-26T12:28:09","date_gmt":"2024-08-26T12:28:09","guid":{"rendered":"https:\/\/brandss.com.py\/index\/?post_type=product&#038;p=56674"},"modified":"2024-08-26T12:29:19","modified_gmt":"2024-08-26T12:29:19","slug":"batidora-de-pie-dsp-electrico-de-3-2-litros-de-350w","status":"publish","type":"product","link":"https:\/\/brandss.com.py\/index\/producto\/batidora-de-pie-dsp-electrico-de-3-2-litros-de-350w\/","title":{"rendered":"BATIDORA DE PIE DSP EL\u00c9CTRICO DE 3.2 LITROS DE 350W"},"content":{"rendered":"<p><img loading=\"lazy\" decoding=\"async\" class=\"\" src=\"https:\/\/api.patentes-y-marcas.com\/uploads\/BOPIBrand_imagen\/dsp-a016000127.jpg\" alt=\"dsp - Informaci\u00f3n sobre la marca\" width=\"139\" height=\"58\" \/><\/p>\n<h1>KM3034<\/h1>\n<p><span>La batidora\u00a0\u00a0<\/span><strong><span>DSP\u00a0<\/span><\/strong><span>\u00a0es un excelente ayudante de cocina. Est\u00e1 equipado con accesorios para batir y mezclar, y har\u00e1 un excelente trabajo preparando masas, cremas y c\u00f3cteles, salsas y mucho m\u00e1s. El\u00a0mezclador\u00a0\u00a0<\/span><strong><span>DSP\u00a0<\/span><\/strong><span>\u00a0se puede utilizar en modo manual y sobre un soporte fijo. La configuraci\u00f3n de 5 velocidades de funcionamiento le permite elegir el modo m\u00e1s eficaz para la tarea en cuesti\u00f3n. El cuerpo de la batidora est\u00e1 hecho de pl\u00e1stico y los accesorios son de acero inoxidable. El mezclador\u00a0\u00a0<\/span><strong><span>DSP\u00a0<\/span><\/strong><span>\u00a0es la relaci\u00f3n \u00f3ptima entre funcionalidad y precio.<\/span><\/p>\n<p><strong><span>La batidora DSP KM-3004\u00a0\u00a0<\/span><\/strong><span>\u00a0est\u00e1 fabricada con una forma cl\u00e1sica, pero con bordes m\u00e1s lisos para que deje de parecer una plancha prehist\u00f3rica. El material de fabricaci\u00f3n tambi\u00e9n sigue siendo pl\u00e1stico, pero a este modelo se le han a\u00f1adido una serie de funciones y modos de velocidad interesantes.<\/span><\/p>\n<p><span>La batidora est\u00e1 equipada con un peque\u00f1o bol de acero inoxidable con un volumen de 3,2 litros, con abrazaderas que permiten combinarlo y fijarlo para crear una peque\u00f1a m\u00e1quina mezcladora de masa. Gracias a la\u00a0batidora con bol\u00a0\u00a0<\/span><strong><span>DSP KM-3034\u00a0<\/span><\/strong><span>\u00a0, podr\u00e1s complacer f\u00e1cilmente a toda tu familia con interesantes pasteles, cremas, preparar deliciosas salsas o batir huevos.<\/span><\/p>\n<p><span>Gracias a los 5 modos de velocidad y a la alta potencia de la\u00a0 batidora\u00a0<\/span><strong><span>DSP KM-3034<\/span><\/strong><span>\u00a0, que es de 350W, podr\u00e1s recrear f\u00e1cilmente todo tipo de masas, desde l\u00edquidas, aireadas hasta masas densas y fuertes. Y dos batidores te permitir\u00e1n batir de forma r\u00e1pida y eficaz el producto que necesitas, ya sean claras de huevo o un souffl\u00e9 aireado. El mezclador\u00a0\u00a0<\/span><strong><span>DSP KM-3034\u00a0<\/span><\/strong><span>\u00a0es un dispositivo muy conveniente y f\u00e1cil de usar y limpiar.<\/span><\/p>\n<p>&nbsp;<\/p>\n<p><strong><span>Ventajas de una batidora con bol de 3,2 l &#8211; DSP KM-3034 350W:<\/span><\/strong><\/p>\n<ul>\n<li><span>Potencia: 220V 50Hz<\/span><\/li>\n<li><span>Dispositivo potente y peque\u00f1o: 350 W;<\/span><\/li>\n<li><span>Modo de funcionamiento de 5 velocidades;<\/span><\/li>\n<li><span>2 juegos de accesorios: batidores y accesorio para masa;<\/span><\/li>\n<li><span>Boquillas f\u00e1ciles de limpiar;<\/span><\/li>\n<li><span>Cuenco met\u00e1lico;<\/span><\/li>\n<li><span>Material de la caja: pl\u00e1stico, metal;<\/span><\/li>\n<li><span>Inclinaci\u00f3n del soporte 45 grados;<\/span><\/li>\n<li><span>Bot\u00f3n para una c\u00f3moda extracci\u00f3n de boquillas;<\/span><\/li>\n<li><span>Longitud del cable de alimentaci\u00f3n: 90 cm<\/span><\/li>\n<li><span>Tama\u00f1o del mezclador, cm: 18x8x13<\/span><\/li>\n<li><span>Tama\u00f1o del cuenco, cm: 22&#215;15<\/span><\/li>\n<li><span>Volumen del recipiente, litros: 4<\/span><\/li>\n<li><span>\u00a0Peso del paquete, kg: 3,1<\/span><\/li>\n<\/ul>\n<p>&nbsp;<\/p>\n<p><strong><span>El kit incluye:\u00a0<\/span><\/strong><\/p>\n<ul>\n<li><span>batidora de mano con bol DSP KM-3034 350W;<\/span><\/li>\n<li><span>cuenco &#8211; 3,2 litros;<\/span><\/li>\n<li><span>accesorio para batir 2 piezas;<\/span><\/li>\n<li><span>accesorio para masa 2 piezas;<\/span><\/li>\n<li><span>instrucciones;<\/span><\/li>\n<li><span>paquete<\/span><\/li>\n<\/ul>\n","protected":false},"excerpt":{"rendered":"<p>KM3034 La batidora\u00a0\u00a0DSP\u00a0\u00a0es un excelente ayudante de cocina. Est\u00e1 equipado con accesorios para batir y mezclar, y har\u00e1 un excelente<\/p>\n","protected":false},"featured_media":56675,"comment_status":"open","ping_status":"closed","template":"","meta":{"nf_dc_page":""},"product_brand":[],"product_cat":[83],"product_tag":[],"class_list":{"0":"post-56674","1":"product","2":"type-product","3":"status-publish","4":"has-post-thumbnail","6":"product_cat-hogar","8":"first","9":"instock","10":"shipping-taxable","11":"purchasable","12":"product-type-simple"},"_links":{"self":[{"href":"https:\/\/brandss.com.py\/index\/wp-json\/wp\/v2\/product\/56674","targetHints":{"allow":["GET"]}}],"collection":[{"href":"https:\/\/brandss.com.py\/index\/wp-json\/wp\/v2\/product"}],"about":[{"href":"https:\/\/brandss.com.py\/index\/wp-json\/wp\/v2\/types\/product"}],"replies":[{"embeddable":true,"href":"https:\/\/brandss.com.py\/index\/wp-json\/wp\/v2\/comments?post=56674"}],"version-history":[{"count":1,"href":"https:\/\/brandss.com.py\/index\/wp-json\/wp\/v2\/product\/56674\/revisions"}],"predecessor-version":[{"id":56690,"href":"https:\/\/brandss.com.py\/index\/wp-json\/wp\/v2\/product\/56674\/revisions\/56690"}],"wp:featuredmedia":[{"embeddable":true,"href":"https:\/\/brandss.com.py\/index\/wp-json\/wp\/v2\/media\/56675"}],"wp:attachment":[{"href":"https:\/\/brandss.com.py\/index\/wp-json\/wp\/v2\/media?parent=56674"}],"wp:term":[{"taxonomy":"product_brand","embeddable":true,"href":"https:\/\/brandss.com.py\/index\/wp-json\/wp\/v2\/product_brand?post=56674"},{"taxonomy":"product_cat","embeddable":true,"href":"https:\/\/brandss.com.py\/index\/wp-json\/wp\/v2\/product_cat?post=56674"},{"taxonomy":"product_tag","embeddable":true,"href":"https:\/\/brandss.com.py\/index\/wp-json\/wp\/v2\/product_tag?post=56674"}],"curies":[{"name":"wp","href":"https:\/\/api.w.org\/{rel}","templated":true}]}}