{"id":56730,"date":"2024-08-27T12:15:06","date_gmt":"2024-08-27T12:15:06","guid":{"rendered":"https:\/\/brandss.com.py\/index\/?post_type=product&#038;p=56730"},"modified":"2024-08-27T12:16:03","modified_gmt":"2024-08-27T12:16:03","slug":"cafetera-espresso-dsp-electrica-de-1-8l-de-850w","status":"publish","type":"product","link":"https:\/\/brandss.com.py\/index\/producto\/cafetera-espresso-dsp-electrica-de-1-8l-de-850w\/","title":{"rendered":"CAFETERA ESPRESSO DSP EL\u00c9CTRICA DE 1.8L DE 850W"},"content":{"rendered":"<p><img loading=\"lazy\" decoding=\"async\" class=\"\" src=\"https:\/\/api.patentes-y-marcas.com\/uploads\/BOPIBrand_imagen\/dsp-a016000127.jpg\" alt=\"dsp - Informaci\u00f3n sobre la marca\" width=\"91\" height=\"38\" \/><\/p>\n<h1>KA3092<\/h1>\n<p><span>La cafetera de c\u00e1psulas universal DSP KA-3092 es un moderno <\/span><span>dispositivo profesional multifuncional que puede preparar <\/span><span>un delicioso caf\u00e9.<\/span><\/p>\n<p><strong>Caracter\u00edsticas:<\/strong><\/p>\n<p><span>Esta cafetera es nueva en el mercado mundial;<\/span><br \/>\n<span>La cafetera tiene un cuerpo compacto y elegante;<\/span><br \/>\n<span>&#8211; La cafetera te servir\u00e1 durante muchos a\u00f1os, llenando tu vida de comodidad.<\/span><\/p>\n<p><strong>Caracter\u00edsticas:<\/strong><\/p>\n<p><span>&#8211; Material de la caja: pl\u00e1stico;<\/span><br \/>\n<span>Volumen del dep\u00f3sito de agua: 0,8 l;<\/span><br \/>\n<span>Presi\u00f3n: 15 bares;<\/span><br \/>\n<span>-Potencia: 850 W;<\/span><br \/>\n<span>Tipo: algarroba;<\/span><br \/>\n<span>&#8211; Tipo de control: electr\u00f3nico.<\/span><br \/>\n<span>&#8211; Cafetera para capuchino &#8211; S\u00ed<\/span><\/p>\n<p><strong>Caracter\u00edsticas:<\/strong><\/p>\n<p><span>Hacer espresso<\/span><br \/>\n<span>Hacer capuchino<\/span><br \/>\n<span>Hacer caf\u00e9 con leche<\/span><br \/>\n<span>Hacer americano<\/span><br \/>\n<span>Posibilidad de preparar caf\u00e9 que incluya leche espumosa, porque la cafetera tiene un suministro de vapor incorporado (capuchinadora)<\/span><\/p>\n<p><strong>Contenido:<\/strong><\/p>\n<p><span>1. Cafetera de c\u00e1psulas universal DSP KA-3092<\/span><br \/>\n<span>2. Cuchara dosificadora<\/span><br \/>\n<span>3. Instrucciones<\/span><br \/>\n<span>4. Embalaje de f\u00e1brica.<\/span><\/p>\n<div class=\"pro_tit\"><strong>Detalles del producto:<\/strong><\/div>\n<div><\/div>\n<div id=\"pastingspan1\"><span>Voltaje: 220-240 V~50\/60 Hz<\/span><\/div>\n<div id=\"pastingspan1\"><span>Salida: 850W<\/span><\/div>\n<div id=\"pastingspan1\"><span>Bomba de 15 bares<\/span><\/div>\n<div id=\"pastingspan1\"><span>ULKA: bomba italiana<\/span><\/div>\n<div id=\"pastingspan1\"><span>Controles de pantalla t\u00e1ctil<\/span><\/div>\n<div id=\"pastingspan1\"><span>Carcasa de acero inoxidable<\/span><\/div>\n<div id=\"pastingspan1\"><span>Puede preparar caf\u00e9 o vapor c\u00f3modamente.<\/span><\/div>\n<div id=\"pastingspan1\"><span>Tanque de agua transparente desmontable de 1,8 l<\/span><\/div>\n<div id=\"pastingspan1\"><span>5 botones para encendido\/apagado, una taza, dos tazas, funci\u00f3n de vapor y configuraci\u00f3n<\/span><\/div>\n<div id=\"pastingspan1\"><span>Con v\u00e1lvula de seguridad puede liberar presi\u00f3n autom\u00e1ticamente.<\/span><\/div>\n<div id=\"pastingspan1\"><span>Caldera de aleaci\u00f3n de aluminio fundido a presi\u00f3n<\/span><\/div>\n<div id=\"pastingspan1\"><span>Portafiltros de aleaci\u00f3n de aluminio acoplado con filtro doble de acero inoxidable para mejorar la calidad del caf\u00e9.<\/span><\/div>\n<div id=\"pastingspan1\"><span>Seguro y confiable, con dispositivo de protecci\u00f3n contra sobrecalentamiento y sobrepresi\u00f3n.<\/span><\/div>\n<div id=\"pastingspan1\"><span>Boquilla espumadora desmontable y bandeja de goteo para una f\u00e1cil limpieza.<\/span><\/div>\n<div id=\"pastingspan1\"><span>Placa calentadora de tazas de acero inoxidable duradera para precalentar tazas de caf\u00e9<\/span><\/div>\n<div id=\"pastingspan1\"><span>Bandeja de goteo extra\u00edble con indicador de nivel de agua.<\/span><\/div>\n<div id=\"pastingspan1\"><span>Accesorios: Filtro de dos tazas + empujador<\/span><\/div>\n","protected":false},"excerpt":{"rendered":"<p>KA3092 La cafetera de c\u00e1psulas universal DSP KA-3092 es un moderno dispositivo profesional multifuncional que puede preparar un delicioso caf\u00e9.<\/p>\n","protected":false},"featured_media":56731,"comment_status":"open","ping_status":"closed","template":"","meta":{"nf_dc_page":""},"product_brand":[],"product_cat":[83],"product_tag":[],"class_list":{"0":"post-56730","1":"product","2":"type-product","3":"status-publish","4":"has-post-thumbnail","6":"product_cat-hogar","8":"first","9":"instock","10":"shipping-taxable","11":"purchasable","12":"product-type-simple"},"_links":{"self":[{"href":"https:\/\/brandss.com.py\/index\/wp-json\/wp\/v2\/product\/56730","targetHints":{"allow":["GET"]}}],"collection":[{"href":"https:\/\/brandss.com.py\/index\/wp-json\/wp\/v2\/product"}],"about":[{"href":"https:\/\/brandss.com.py\/index\/wp-json\/wp\/v2\/types\/product"}],"replies":[{"embeddable":true,"href":"https:\/\/brandss.com.py\/index\/wp-json\/wp\/v2\/comments?post=56730"}],"version-history":[{"count":1,"href":"https:\/\/brandss.com.py\/index\/wp-json\/wp\/v2\/product\/56730\/revisions"}],"predecessor-version":[{"id":56737,"href":"https:\/\/brandss.com.py\/index\/wp-json\/wp\/v2\/product\/56730\/revisions\/56737"}],"wp:featuredmedia":[{"embeddable":true,"href":"https:\/\/brandss.com.py\/index\/wp-json\/wp\/v2\/media\/56731"}],"wp:attachment":[{"href":"https:\/\/brandss.com.py\/index\/wp-json\/wp\/v2\/media?parent=56730"}],"wp:term":[{"taxonomy":"product_brand","embeddable":true,"href":"https:\/\/brandss.com.py\/index\/wp-json\/wp\/v2\/product_brand?post=56730"},{"taxonomy":"product_cat","embeddable":true,"href":"https:\/\/brandss.com.py\/index\/wp-json\/wp\/v2\/product_cat?post=56730"},{"taxonomy":"product_tag","embeddable":true,"href":"https:\/\/brandss.com.py\/index\/wp-json\/wp\/v2\/product_tag?post=56730"}],"curies":[{"name":"wp","href":"https:\/\/api.w.org\/{rel}","templated":true}]}}