{"id":56738,"date":"2024-08-27T13:03:03","date_gmt":"2024-08-27T13:03:03","guid":{"rendered":"https:\/\/brandss.com.py\/index\/?post_type=product&#038;p=56738"},"modified":"2024-08-27T13:04:07","modified_gmt":"2024-08-27T13:04:07","slug":"hervidor-electrico-dsp-de-1-7l-de-2200w","status":"publish","type":"product","link":"https:\/\/brandss.com.py\/index\/producto\/hervidor-electrico-dsp-de-1-7l-de-2200w\/","title":{"rendered":"HERVIDOR EL\u00c9CTRICO DSP DE 1.7L DE 2200W"},"content":{"rendered":"<p><img loading=\"lazy\" decoding=\"async\" class=\"\" src=\"https:\/\/api.patentes-y-marcas.com\/uploads\/BOPIBrand_imagen\/dsp-a016000127.jpg\" alt=\"dsp - Informaci\u00f3n sobre la marca\" width=\"91\" height=\"38\" \/><\/p>\n<h1>KK1111A<\/h1>\n<p>\u00a1El hervidor el\u00e9ctrico DSP KK-1111A<span>\u00a0es una decoraci\u00f3n funcional para la cocina!<\/span><br \/>\n<span>Este elegante\u00a0\u00a0<\/span><span>hervidor<\/span><span>\u00a0, con un mango muy c\u00f3modo y un dise\u00f1o ergon\u00f3mico, hervir\u00e1 agua lo m\u00e1s r\u00e1pido posible y podr\u00e1 disfrutar inmediatamente de una taza de arom\u00e1tico t\u00e9 de Ceil\u00e1n. O un caf\u00e9 fuerte y rico.\u00a0<\/span><br \/>\nEl hervidor el\u00e9ctrico DSP KK-1111A<span>\u00a0es muy confiable y acogedor, hecho con un dise\u00f1o hogare\u00f1o.<\/span><br \/>\n<span>Usar el hervidor es absolutamente seguro, porque su pico est\u00e1 especialmente dise\u00f1ado para reducir la probabilidad de que usted se moje repentinamente.<\/span><br \/>\n<span>Agregue un poco de entusiasmo a su cocina con una tetera DSP KK-1111A elegante y f\u00e1cil de usar, que agregar\u00e1 a\u00fan m\u00e1s comodidad y simplicidad a su vida.\u00a0<\/span><br \/>\n<span>\u00a1No hay nada mejor que pasar las tardes en la cocina con tu familia! Para conversaciones interesantes, bromas, risas y tazas de t\u00e9 arom\u00e1tico y casero.<\/span><\/p>\n<p>Comience su ma\u00f1ana con una fragante taza de t\u00e9, y luego su d\u00eda estar\u00e1 lleno de nuevas victorias y logros, que podr\u00e1 contarles a sus seres queridos mientras toma una taza del mismo t\u00e9, caliente e incre\u00edblemente sabroso.<\/p>\n<p><span>Un hervidor el\u00e9ctrico tiene un bonito dise\u00f1o y un funcionamiento r\u00e1pido. La capacidad es de 1,7 litros. Hervir agua con este hervidor no le resultar\u00e1 dif\u00edcil. Basta con verter agua y presionar el bot\u00f3n de inicio, que se encuentra en el mango del dispositivo. Al precio de tener ventanas especiales, podr\u00e1s informarte de la necesidad de a\u00f1adir agua sin abrir la tapa.\u00a0<\/span><\/p>\n<p><span>Hay un filtro especial en la boquilla del modelo que evita que entre cal en la taza. Gracias al amplio dise\u00f1o del ca\u00f1o, se puede verter agua incluso directamente del grifo. Este dispositivo es capaz de hervir 200 ml de agua en 45 segundos.<\/span><\/p>\n<p>&nbsp;<\/p>\n<p><strong>Facilidad de uso<\/strong><\/p>\n<p><span>El bot\u00f3n de encendido\/apagado y el bot\u00f3n para abrir la tapa son f\u00e1cilmente accesibles. Adem\u00e1s, el hervidor Multiquick est\u00e1 dise\u00f1ado tanto para diestros como para zurdos. Tiene dos indicadores de nivel de agua sim\u00e9tricos y la jarra se puede colocar sobre el elemento calefactor en cualquier \u00e1ngulo.<\/span><\/p>\n<p><strong><span>Presupuesto:<\/span><\/strong><\/p>\n<ul>\n<li><span>Marca:DSP<\/span><\/li>\n<li><span>Modelo: KK-1111A<\/span><\/li>\n<li><span>Tipo: Hervidor el\u00e9ctrico<\/span><\/li>\n<li><span>Volumen: 1,7 (litros)<\/span><\/li>\n<li><span>Tipo de elemento calefactor: elemento calefactor oculto<\/span><\/li>\n<li><span>Consumo de energ\u00eda: 2200W<\/span><\/li>\n<li><span>Material de la carcasa: Pl\u00e1stico<\/span><\/li>\n<li><span>Funci\u00f3n de apagado autom\u00e1tico: S\u00ed<\/span><\/li>\n<li><span>Apagado autom\u00e1tico cuando no hay agua: S\u00ed\u00a0<\/span><\/li>\n<li><span>Rotaci\u00f3n de 360 \u200b\u200bgrados: S\u00ed<\/span><\/li>\n<\/ul>\n","protected":false},"excerpt":{"rendered":"<p>KK1111A \u00a1El hervidor el\u00e9ctrico DSP KK-1111A\u00a0es una decoraci\u00f3n funcional para la cocina! Este elegante\u00a0\u00a0hervidor\u00a0, con un mango muy c\u00f3modo y<\/p>\n","protected":false},"featured_media":56739,"comment_status":"open","ping_status":"closed","template":"","meta":{"nf_dc_page":""},"product_brand":[],"product_cat":[83],"product_tag":[],"class_list":{"0":"post-56738","1":"product","2":"type-product","3":"status-publish","4":"has-post-thumbnail","6":"product_cat-hogar","8":"first","9":"instock","10":"shipping-taxable","11":"purchasable","12":"product-type-simple"},"_links":{"self":[{"href":"https:\/\/brandss.com.py\/index\/wp-json\/wp\/v2\/product\/56738","targetHints":{"allow":["GET"]}}],"collection":[{"href":"https:\/\/brandss.com.py\/index\/wp-json\/wp\/v2\/product"}],"about":[{"href":"https:\/\/brandss.com.py\/index\/wp-json\/wp\/v2\/types\/product"}],"replies":[{"embeddable":true,"href":"https:\/\/brandss.com.py\/index\/wp-json\/wp\/v2\/comments?post=56738"}],"version-history":[{"count":1,"href":"https:\/\/brandss.com.py\/index\/wp-json\/wp\/v2\/product\/56738\/revisions"}],"predecessor-version":[{"id":56749,"href":"https:\/\/brandss.com.py\/index\/wp-json\/wp\/v2\/product\/56738\/revisions\/56749"}],"wp:featuredmedia":[{"embeddable":true,"href":"https:\/\/brandss.com.py\/index\/wp-json\/wp\/v2\/media\/56739"}],"wp:attachment":[{"href":"https:\/\/brandss.com.py\/index\/wp-json\/wp\/v2\/media?parent=56738"}],"wp:term":[{"taxonomy":"product_brand","embeddable":true,"href":"https:\/\/brandss.com.py\/index\/wp-json\/wp\/v2\/product_brand?post=56738"},{"taxonomy":"product_cat","embeddable":true,"href":"https:\/\/brandss.com.py\/index\/wp-json\/wp\/v2\/product_cat?post=56738"},{"taxonomy":"product_tag","embeddable":true,"href":"https:\/\/brandss.com.py\/index\/wp-json\/wp\/v2\/product_tag?post=56738"}],"curies":[{"name":"wp","href":"https:\/\/api.w.org\/{rel}","templated":true}]}}