{"id":56750,"date":"2024-08-27T15:40:39","date_gmt":"2024-08-27T15:40:39","guid":{"rendered":"https:\/\/brandss.com.py\/index\/?post_type=product&#038;p=56750"},"modified":"2024-08-27T15:41:56","modified_gmt":"2024-08-27T15:41:56","slug":"hervidor-electrico-dsp-de-1-7l-de-2200w-2","status":"publish","type":"product","link":"https:\/\/brandss.com.py\/index\/producto\/hervidor-electrico-dsp-de-1-7l-de-2200w-2\/","title":{"rendered":"HERVIDOR EL\u00c9CTRICO DSP DE 1.7L DE 2200W"},"content":{"rendered":"<p><img loading=\"lazy\" decoding=\"async\" class=\"\" src=\"https:\/\/api.patentes-y-marcas.com\/uploads\/BOPIBrand_imagen\/dsp-a016000127.jpg\" alt=\"dsp - Informaci\u00f3n sobre la marca\" width=\"94\" height=\"39\" \/><\/p>\n<h1>KK1110<\/h1>\n<p><span>El hervidor\u00a0\u00a0el\u00e9ctrico\u00a0<\/span>DSP KK-1110<span>\u00a0\u00a0es de excelente calidad, bonito dise\u00f1o y r\u00e1pido funcionamiento. La capacidad es de 1,7 litros.<\/span><\/p>\n<p><span>No le resultar\u00e1 dif\u00edcil\u00a0hervir\u00a0agua con esta tetera. Simplemente llene con agua y presione el bot\u00f3n de inicio, que se encuentra en el mango del dispositivo. La presencia de ventanas especiales le permite controlar el nivel del agua sin abrir la tapa.<\/span><\/p>\n<p>Hay un filtro especial en<span>\u00a0la boquilla del modelo que evita que entre cal en la taza. Gracias al dise\u00f1o del ca\u00f1o ancho, se puede verter agua incluso directamente desde el grifo.<\/span><\/p>\n<p><strong><span>C\u00f3mo elegir un hervidor el\u00e9ctrico:<\/span><\/strong><\/p>\n<p>Parecer\u00eda<span>\u00a0que un hervidor es un dispositivo simple, cuya selecci\u00f3n no deber\u00eda plantear ninguna dificultad. Pero hoy en d\u00eda hay muchos modelos a la venta con diferentes caracter\u00edsticas de rendimiento y funcionalidad. Debe tomarse en serio la elecci\u00f3n de un hervidor para convertirse en propietario de un modelo confiable que se adapte a sus necesidades con el m\u00e1ximo n\u00famero de caracter\u00edsticas.<\/span><\/p>\n<p><strong><span>Volumen<\/span><\/strong><\/p>\n<p>Al elegir<span>\u00a0un hervidor el\u00e9ctrico para el hogar o la oficina, es necesario comprender cu\u00e1ntas personas lo utilizar\u00e1n. Para una familia de 34 personas, un hervidor con un volumen de 1,51,8 litros es suficiente. Para usar en una cocina de oficina, es mejor comprar un modelo con una capacidad de 22,5 o prestar atenci\u00f3n a la termoolla. Tambi\u00e9n hay a la venta teteras peque\u00f1as hasta 1.<\/span><\/p>\n<p><strong><span>Fuerza<\/span><\/strong><\/p>\n<p>Cuanto<span>\u00a0mayor es la potencia, m\u00e1s r\u00e1pido se calienta el agua del hervidor. La potencia de los modelos modernos comienza en 600 W (hervidores de peque\u00f1o volumen) y alcanza los 2.002 500 W (volumen 2 o m\u00e1s). La potencia est\u00e1 directamente relacionada con el volumen del hervidor. Por ejemplo, si necesitas un hervidor de agua con una capacidad de 2 litros, es mejor que su potencia sea de al menos 2.000 W.<\/span><\/p>\n<p><strong><span>Tipos de elementos calefactores<\/span><\/strong><\/p>\n<p><strong><span>Serpent\u00edn de calentamiento abierto (TEH)<\/span><\/strong><\/p>\n<p>Esta<span>\u00a0caldera de espiral est\u00e1 ubicada directamente dentro del cuerpo en el que se vierte el agua. Estos modelos son econ\u00f3micos y tienen un bajo nivel de ruido. Pero son inc\u00f3modos de limpiar y una espiral abierta crea m\u00e1s incrustaciones. En tales teteras no se puede hervir una peque\u00f1a cantidad de agua; la espiral siempre debe estar completamente cubierta con ella.<\/span><\/p>\n<p><strong><span>Espiral oculta<\/span><\/strong><\/p>\n<p>Las teteras<span>\u00a0con una espiral oculta (ubicada debajo de la parte inferior de un disco de metal) son m\u00e1s c\u00f3modas de limpiar y se forman menos incrustaciones en la parte superior. Y la capacidad de estos modelos generalmente ya no contiene un calentador que ocupe espacio en el interior. Estas teteras se pueden utilizar para hervir peque\u00f1as cantidades de agua. Entre las desventajas, destacamos un mayor nivel de ruido y un mayor consumo de energ\u00eda.<\/span><\/p>\n<p><strong><span>Calentador de disco met\u00e1lico<\/span><\/strong><\/p>\n<p>Aqu\u00ed<span>\u00a0los contactos el\u00e9ctricos est\u00e1n conectados directamente al disco. El agua en estas teteras se calienta con bastante rapidez, son c\u00f3modas de limpiar y el nivel de ruido es menor que el de los modelos con espiral cerrada. Las teteras con calentador de disco son las m\u00e1s avanzadas de todas.<\/span><\/p>\n<p><strong><span>Material del cuerpo del hervidor el\u00e9ctrico<\/span><\/strong><\/p>\n<p>Los hervidores el\u00e9ctricos m\u00e1s<span>\u00a0habituales son los que tienen cuerpo de pl\u00e1stico. El pl\u00e1stico es un material pr\u00e1ctico, econ\u00f3mico y seguro. Los hervidores el\u00e9ctricos de vidrio tambi\u00e9n son populares hoy en d\u00eda.\u00a0<\/span><\/p>\n<p><strong>Caracter\u00edsticas principales:<\/strong>\u00a0\u00a0:<\/p>\n<ul>\n<li>Marca DSP<\/li>\n<li>Material de la carcasa Pl\u00e1stico de calidad alimentaria<\/li>\n<li>Volumen 1,7 litros<\/li>\n<li>Consumo de energ\u00eda 2200 W<\/li>\n<li>Funci\u00f3n de apagado autom\u00e1tico S\u00ed<\/li>\n<li>Condici\u00f3n nueva<\/li>\n<li>Apagado autom\u00e1tico cuando no hay agua S\u00ed<\/li>\n<li>Luz de hervidor S\u00ed<\/li>\n<\/ul>\n<p><strong>Equipo:<\/strong><\/p>\n<ul>\n<li>Hervidor\u00a0\u00a0DSP KK1110<\/li>\n<li>Base de red con cable de alimentaci\u00f3n.<\/li>\n<li>Embalaje en caja<\/li>\n<\/ul>\n<p>&nbsp;<\/p>\n","protected":false},"excerpt":{"rendered":"<p>KK1110 El hervidor\u00a0\u00a0el\u00e9ctrico\u00a0DSP KK-1110\u00a0\u00a0es de excelente calidad, bonito dise\u00f1o y r\u00e1pido funcionamiento. La capacidad es de 1,7 litros. No le<\/p>\n","protected":false},"featured_media":56751,"comment_status":"open","ping_status":"closed","template":"","meta":{"nf_dc_page":""},"product_brand":[],"product_cat":[83],"product_tag":[],"class_list":{"0":"post-56750","1":"product","2":"type-product","3":"status-publish","4":"has-post-thumbnail","6":"product_cat-hogar","8":"first","9":"instock","10":"shipping-taxable","11":"purchasable","12":"product-type-simple"},"_links":{"self":[{"href":"https:\/\/brandss.com.py\/index\/wp-json\/wp\/v2\/product\/56750","targetHints":{"allow":["GET"]}}],"collection":[{"href":"https:\/\/brandss.com.py\/index\/wp-json\/wp\/v2\/product"}],"about":[{"href":"https:\/\/brandss.com.py\/index\/wp-json\/wp\/v2\/types\/product"}],"replies":[{"embeddable":true,"href":"https:\/\/brandss.com.py\/index\/wp-json\/wp\/v2\/comments?post=56750"}],"version-history":[{"count":1,"href":"https:\/\/brandss.com.py\/index\/wp-json\/wp\/v2\/product\/56750\/revisions"}],"predecessor-version":[{"id":56765,"href":"https:\/\/brandss.com.py\/index\/wp-json\/wp\/v2\/product\/56750\/revisions\/56765"}],"wp:featuredmedia":[{"embeddable":true,"href":"https:\/\/brandss.com.py\/index\/wp-json\/wp\/v2\/media\/56751"}],"wp:attachment":[{"href":"https:\/\/brandss.com.py\/index\/wp-json\/wp\/v2\/media?parent=56750"}],"wp:term":[{"taxonomy":"product_brand","embeddable":true,"href":"https:\/\/brandss.com.py\/index\/wp-json\/wp\/v2\/product_brand?post=56750"},{"taxonomy":"product_cat","embeddable":true,"href":"https:\/\/brandss.com.py\/index\/wp-json\/wp\/v2\/product_cat?post=56750"},{"taxonomy":"product_tag","embeddable":true,"href":"https:\/\/brandss.com.py\/index\/wp-json\/wp\/v2\/product_tag?post=56750"}],"curies":[{"name":"wp","href":"https:\/\/api.w.org\/{rel}","templated":true}]}}