{"id":56766,"date":"2024-08-27T18:33:49","date_gmt":"2024-08-27T18:33:49","guid":{"rendered":"https:\/\/brandss.com.py\/index\/?post_type=product&#038;p=56766"},"modified":"2024-08-27T18:35:45","modified_gmt":"2024-08-27T18:35:45","slug":"cocedor-de-huevos-durabase-electrico-programado","status":"publish","type":"product","link":"https:\/\/brandss.com.py\/index\/producto\/cocedor-de-huevos-durabase-electrico-programado\/","title":{"rendered":"COCEDOR DE HUEVOS DURABASE EL\u00c9CTRICO PROGRAMADO"},"content":{"rendered":"<p><img loading=\"lazy\" decoding=\"async\" class=\"\" src=\"https:\/\/www.manual.ec\/thumbs\/brands\/l\/4889-durabase_logo.webp\" alt=\"Manual de usuario Durabase Sewing (48 p\u00e1ginas)\" width=\"93\" height=\"93\" \/><\/p>\n<h1>HUEVERA<\/h1>\n<p>Las molestas mediciones en escalas dif\u00edciles de leer, los residuos de cal quemados y los tiempos de cocci\u00f3n imprecisos son ahora cosa del pasado: el COCEHUEVOS PROGRAMADO cocina hasta 6 huevos exactamente seg\u00fan tus deseos, \u00a1m\u00e1s c\u00f3modo que nunca! Simplemente agregue la cantidad de agua, pinche los huevos y use el dial para seleccionar el nivel deseado de dureza, de suave a duro.<\/p>\n<p>\u00a1Taza con pinchazo de huevo incluido! Gracias al tiempo de cocci\u00f3n controlado electr\u00f3nicamente, la se\u00f1al suena con precisi\u00f3n y podr\u00e1s espantar los huevos en el recipiente extra\u00edble en un instante.<\/p>\n<p>Carcasa revestida de acero inoxidable.<\/p>\n<p>\u00a1Siempre el huevo perfecto, cocinado a la perfecci\u00f3n!<\/p>\n","protected":false},"excerpt":{"rendered":"<p>HUEVERA Las molestas mediciones en escalas dif\u00edciles de leer, los residuos de cal quemados y los tiempos de cocci\u00f3n imprecisos<\/p>\n","protected":false},"featured_media":56767,"comment_status":"open","ping_status":"closed","template":"","meta":{"nf_dc_page":""},"product_brand":[],"product_cat":[83],"product_tag":[],"class_list":{"0":"post-56766","1":"product","2":"type-product","3":"status-publish","4":"has-post-thumbnail","6":"product_cat-hogar","8":"first","9":"instock","10":"shipping-taxable","11":"purchasable","12":"product-type-simple"},"_links":{"self":[{"href":"https:\/\/brandss.com.py\/index\/wp-json\/wp\/v2\/product\/56766","targetHints":{"allow":["GET"]}}],"collection":[{"href":"https:\/\/brandss.com.py\/index\/wp-json\/wp\/v2\/product"}],"about":[{"href":"https:\/\/brandss.com.py\/index\/wp-json\/wp\/v2\/types\/product"}],"replies":[{"embeddable":true,"href":"https:\/\/brandss.com.py\/index\/wp-json\/wp\/v2\/comments?post=56766"}],"version-history":[{"count":1,"href":"https:\/\/brandss.com.py\/index\/wp-json\/wp\/v2\/product\/56766\/revisions"}],"predecessor-version":[{"id":56772,"href":"https:\/\/brandss.com.py\/index\/wp-json\/wp\/v2\/product\/56766\/revisions\/56772"}],"wp:featuredmedia":[{"embeddable":true,"href":"https:\/\/brandss.com.py\/index\/wp-json\/wp\/v2\/media\/56767"}],"wp:attachment":[{"href":"https:\/\/brandss.com.py\/index\/wp-json\/wp\/v2\/media?parent=56766"}],"wp:term":[{"taxonomy":"product_brand","embeddable":true,"href":"https:\/\/brandss.com.py\/index\/wp-json\/wp\/v2\/product_brand?post=56766"},{"taxonomy":"product_cat","embeddable":true,"href":"https:\/\/brandss.com.py\/index\/wp-json\/wp\/v2\/product_cat?post=56766"},{"taxonomy":"product_tag","embeddable":true,"href":"https:\/\/brandss.com.py\/index\/wp-json\/wp\/v2\/product_tag?post=56766"}],"curies":[{"name":"wp","href":"https:\/\/api.w.org\/{rel}","templated":true}]}}