{"id":56789,"date":"2024-08-28T13:18:32","date_gmt":"2024-08-28T13:18:32","guid":{"rendered":"https:\/\/brandss.com.py\/index\/?post_type=product&#038;p=56789"},"modified":"2024-08-28T13:35:58","modified_gmt":"2024-08-28T13:35:58","slug":"calzado-deportivo-femenino-new-balance-fuelcell-996-v5","status":"publish","type":"product","link":"https:\/\/brandss.com.py\/index\/producto\/calzado-deportivo-femenino-new-balance-fuelcell-996-v5\/","title":{"rendered":"CALZADO DEPORTIVO FEMENINO NEW BALANCE FUELCELL 996 V5"},"content":{"rendered":"<p><img loading=\"lazy\" decoding=\"async\" class=\"\" src=\"https:\/\/cdn.freebiesupply.com\/logos\/large\/2x\/new-balance-2-logo-png-transparent.png\" alt=\"New Balance Logo PNG Transparent &amp; SVG Vector - Freebie Supply\" width=\"71\" height=\"71\" \/><\/p>\n<h1>FUELCELL 996 V5<\/h1>\n<p><span>El modelo FuelCell 996 V5 de New Balance est\u00e1 dise\u00f1ado para ayudarte a seguir en movimiento dentro y fuera de la cancha. Con una entresuela FuelCell superior con 2 mm adicionales de espuma acolchada de su predecesor y una suela de goma NDurance para mayor tracci\u00f3n y durabilidad en \u00e1reas de alto desgaste, este calzado de tenis combina rendimiento, comodidad y estilo en cada paso.<\/span><\/p>\n<ul>\n<li><span>La espuma FuelCell brinda una sensaci\u00f3n de propulsi\u00f3n para ayudarte a avanzar.<\/span><\/li>\n<li><span>Tecnolog\u00eda superior NDure dise\u00f1ada para una durabilidad superior<\/span><\/li>\n<li><span>Construcci\u00f3n sint\u00e9tica\/malla<\/span><\/li>\n<li><span>Mayor estabilidad lateral con una l\u00ednea superior de entresuela m\u00e1s alta<\/span><\/li>\n<li><span>Soporte de PU en la punta para mayor durabilidad donde sea necesario<\/span><\/li>\n<li><span>La suela exterior NDurance de longitud completa proporciona tracci\u00f3n y durabilidad superiores para ayudar a que el calzado se desgaste m\u00e1s.<\/span><\/li>\n<li><span>Suela con patr\u00f3n de espiga que no deja marcas, dise\u00f1ada espec\u00edficamente para jugar en canchas duras<\/span><\/li>\n<li><span>La ca\u00f1a grande de TPU se ve a trav\u00e9s de la suela exterior para una mayor estabilidad torsional<\/span><\/li>\n<li><span>Cierre de cordones ajustable para un ajuste personalizado.<\/span><\/li>\n<\/ul>\n<p>&nbsp;<\/p>\n<p><strong>Caracter\u00edsticas principales<\/strong><\/p>\n<p>&nbsp;<\/p>\n<ul>\n<li><strong>Marca<\/strong>\u00a0: New Balance<\/li>\n<li><strong>Modelo:<\/strong> WCH996P5 (NBPHDB708G)<\/li>\n<li><strong>G\u00e9nero<\/strong> : Femenino<\/li>\n<li><strong>Material<\/strong>\u00a0: poli\u00e9ster 100%, cuero sint\u00e9tico<\/li>\n<li><strong>Color<\/strong>\u00a0: p\u00farpura<\/li>\n<\/ul>\n","protected":false},"excerpt":{"rendered":"<p>FUELCELL 996 V5 El modelo FuelCell 996 V5 de New Balance est\u00e1 dise\u00f1ado para ayudarte a seguir en movimiento dentro<\/p>\n","protected":false},"featured_media":56790,"comment_status":"open","ping_status":"closed","template":"","meta":{"nf_dc_page":""},"product_brand":[],"product_cat":[73],"product_tag":[],"class_list":{"0":"post-56789","1":"product","2":"type-product","3":"status-publish","4":"has-post-thumbnail","6":"product_cat-femenino","8":"first","9":"instock","10":"shipping-taxable","11":"purchasable","12":"product-type-simple"},"_links":{"self":[{"href":"https:\/\/brandss.com.py\/index\/wp-json\/wp\/v2\/product\/56789","targetHints":{"allow":["GET"]}}],"collection":[{"href":"https:\/\/brandss.com.py\/index\/wp-json\/wp\/v2\/product"}],"about":[{"href":"https:\/\/brandss.com.py\/index\/wp-json\/wp\/v2\/types\/product"}],"replies":[{"embeddable":true,"href":"https:\/\/brandss.com.py\/index\/wp-json\/wp\/v2\/comments?post=56789"}],"version-history":[{"count":1,"href":"https:\/\/brandss.com.py\/index\/wp-json\/wp\/v2\/product\/56789\/revisions"}],"predecessor-version":[{"id":56796,"href":"https:\/\/brandss.com.py\/index\/wp-json\/wp\/v2\/product\/56789\/revisions\/56796"}],"wp:featuredmedia":[{"embeddable":true,"href":"https:\/\/brandss.com.py\/index\/wp-json\/wp\/v2\/media\/56790"}],"wp:attachment":[{"href":"https:\/\/brandss.com.py\/index\/wp-json\/wp\/v2\/media?parent=56789"}],"wp:term":[{"taxonomy":"product_brand","embeddable":true,"href":"https:\/\/brandss.com.py\/index\/wp-json\/wp\/v2\/product_brand?post=56789"},{"taxonomy":"product_cat","embeddable":true,"href":"https:\/\/brandss.com.py\/index\/wp-json\/wp\/v2\/product_cat?post=56789"},{"taxonomy":"product_tag","embeddable":true,"href":"https:\/\/brandss.com.py\/index\/wp-json\/wp\/v2\/product_tag?post=56789"}],"curies":[{"name":"wp","href":"https:\/\/api.w.org\/{rel}","templated":true}]}}