{"id":56797,"date":"2024-08-28T13:34:02","date_gmt":"2024-08-28T13:34:02","guid":{"rendered":"https:\/\/brandss.com.py\/index\/?post_type=product&#038;p=56797"},"modified":"2024-08-28T13:35:30","modified_gmt":"2024-08-28T13:35:30","slug":"calzado-deportivo-femenino-new-balance-847v","status":"publish","type":"product","link":"https:\/\/brandss.com.py\/index\/producto\/calzado-deportivo-femenino-new-balance-847v\/","title":{"rendered":"CALZADO DEPORTIVO FEMENINO NEW BALANCE 847V"},"content":{"rendered":"<p><img loading=\"lazy\" decoding=\"async\" class=\"alignleft\" src=\"https:\/\/cdn.freebiesupply.com\/logos\/large\/2x\/new-balance-2-logo-png-transparent.png\" alt=\"New Balance Logo PNG Transparent &amp; SVG Vector - Freebie Supply\" width=\"81\" height=\"81\" \/><\/p>\n<p>&nbsp;<\/p>\n<p>&nbsp;<\/p>\n<p>&nbsp;<\/p>\n<h1>847V<\/h1>\n<p><span>Envuelve tus pies con una comodidad total. El calzado para caminar New Balance 847v3 para mujer utiliza espumas de primera calidad para envolver el tal\u00f3n, amortiguar la parte superior del pie y aumentar la comodidad de la planta del pie para un bienestar durante todo el d\u00eda que es casi demasiado c\u00f3modo para quit\u00e1rselo. Esta \u00faltima versi\u00f3n cuenta con una entresuela ABZORB ultrarreactiva de longitud completa con un inserto de PU y una placa de strobel, que proporciona la mejor comodidad durante todo el d\u00eda, mientras que el ROLLBAR te mantiene firme y cargada.<\/span><\/p>\n<p><strong><span>Nota de ajuste:<\/span><\/strong><span>\u00a0el ajuste de la versi\u00f3n 3 es est\u00e1ndar NB, pero es 1\/2 tama\u00f1o m\u00e1s grande que el WW847v2, que era 1\/2 tama\u00f1o m\u00e1s corto de lo normal.<\/span><\/p>\n<p>&nbsp;<\/p>\n<p><strong>DETALLES:<\/strong><\/p>\n<p>&nbsp;<\/p>\n<p><strong>Marca:<\/strong> New Balance.<\/p>\n<p><strong>Modelo:<\/strong> WW847BK3<\/p>\n<p><strong>G\u00e9nero:<\/strong> Femenino.<\/p>\n<p><strong>Color:<\/strong> Negro.<\/p>\n<p><strong>Composici\u00f3n:<\/strong><\/p>\n<div class=\"pdp-product-info-col\">\n<p class=\"pdp-caption align-left\"><span>-Material superior:\u00a0 <\/span>Tela<\/p>\n<\/div>\n<div class=\"pdp-product-info-col\">\n<p class=\"pdp-caption align-left\"><span>-Material de la suela: <\/span>Suela de goma<\/p>\n<\/div>\n","protected":false},"excerpt":{"rendered":"<p>&nbsp; &nbsp; &nbsp; 847V Envuelve tus pies con una comodidad total. El calzado para caminar New Balance 847v3 para mujer<\/p>\n","protected":false},"featured_media":56798,"comment_status":"open","ping_status":"closed","template":"","meta":{"nf_dc_page":""},"product_brand":[],"product_cat":[73],"product_tag":[],"class_list":{"0":"post-56797","1":"product","2":"type-product","3":"status-publish","4":"has-post-thumbnail","6":"product_cat-femenino","8":"first","9":"instock","10":"shipping-taxable","11":"purchasable","12":"product-type-simple"},"_links":{"self":[{"href":"https:\/\/brandss.com.py\/index\/wp-json\/wp\/v2\/product\/56797","targetHints":{"allow":["GET"]}}],"collection":[{"href":"https:\/\/brandss.com.py\/index\/wp-json\/wp\/v2\/product"}],"about":[{"href":"https:\/\/brandss.com.py\/index\/wp-json\/wp\/v2\/types\/product"}],"replies":[{"embeddable":true,"href":"https:\/\/brandss.com.py\/index\/wp-json\/wp\/v2\/comments?post=56797"}],"version-history":[{"count":1,"href":"https:\/\/brandss.com.py\/index\/wp-json\/wp\/v2\/product\/56797\/revisions"}],"predecessor-version":[{"id":56802,"href":"https:\/\/brandss.com.py\/index\/wp-json\/wp\/v2\/product\/56797\/revisions\/56802"}],"wp:featuredmedia":[{"embeddable":true,"href":"https:\/\/brandss.com.py\/index\/wp-json\/wp\/v2\/media\/56798"}],"wp:attachment":[{"href":"https:\/\/brandss.com.py\/index\/wp-json\/wp\/v2\/media?parent=56797"}],"wp:term":[{"taxonomy":"product_brand","embeddable":true,"href":"https:\/\/brandss.com.py\/index\/wp-json\/wp\/v2\/product_brand?post=56797"},{"taxonomy":"product_cat","embeddable":true,"href":"https:\/\/brandss.com.py\/index\/wp-json\/wp\/v2\/product_cat?post=56797"},{"taxonomy":"product_tag","embeddable":true,"href":"https:\/\/brandss.com.py\/index\/wp-json\/wp\/v2\/product_tag?post=56797"}],"curies":[{"name":"wp","href":"https:\/\/api.w.org\/{rel}","templated":true}]}}