{"id":56803,"date":"2024-08-28T13:54:06","date_gmt":"2024-08-28T13:54:06","guid":{"rendered":"https:\/\/brandss.com.py\/index\/?post_type=product&#038;p=56803"},"modified":"2024-08-28T13:55:04","modified_gmt":"2024-08-28T13:55:04","slug":"calzado-deportivo-femenino-new-balance-fresh-foam-x-880v12","status":"publish","type":"product","link":"https:\/\/brandss.com.py\/index\/producto\/calzado-deportivo-femenino-new-balance-fresh-foam-x-880v12\/","title":{"rendered":"CALZADO DEPORTIVO FEMENINO NEW BALANCE FRESH FOAM X 880V12"},"content":{"rendered":"<p><img loading=\"lazy\" decoding=\"async\" class=\"\" src=\"https:\/\/cdn.freebiesupply.com\/logos\/large\/2x\/new-balance-2-logo-png-transparent.png\" alt=\"New Balance Logo PNG Transparent &amp; SVG Vector - Freebie Supply\" width=\"70\" height=\"70\" \/><\/p>\n<h1>FRESH FOAM X 880V12<\/h1>\n<p>Cuando se trata de correr, ir m\u00e1s all\u00e1 no es solo una forma de hablar. Ya sea ejercicio matutino, entrenamiento intenso o relajaci\u00f3n para despejar la mente, un r\u00e9gimen diario de kil\u00f3metros de entrenamiento, combinado con el movimiento habitual a lo largo del d\u00eda, exige mucho de una zapatilla para correr. Con la idea de correr c\u00f3modamente durante m\u00e1s tiempo, la 880 se dise\u00f1\u00f3 para proporcionar un rendimiento constante para el corredor neutral. La Fresh Foam X 880v12 es una modernizaci\u00f3n que se puede ver y sentir. Un compuesto de espuma suave y una configuraci\u00f3n de entresuela de doble capa se presentan junto con una elegante parte superior de malla jacquard con zonas estrat\u00e9gicas de soporte y transpirabilidad.<\/p>\n<div class=\"product-details-header ml-2 mb-2\"><strong>Caracter\u00edsticas<\/strong><\/div>\n<div class=\"ecom-bullets ml-3 mt-0\">\n<ul>\n<li>Construcci\u00f3n de entresuela de doble capa con amortiguaci\u00f3n de espuma en la parte superior y Fresh Foam X debajo del pie<\/li>\n<li>Parte superior de malla t\u00e9cnica de tejido de doble capa<\/li>\n<li>Suela de caucho soplado<\/li>\n<li>La gota de energ\u00eda especial presenta colores divertidos y llamativos.<\/li>\n<li>Detalles reflectantes<\/li>\n<\/ul>\n<p>&nbsp;<\/p>\n<p><strong>Detalles:<\/strong><\/p>\n<p>&nbsp;<\/p>\n<p><strong>Marca:<\/strong> New Balance.<\/p>\n<p><strong>Modelo:<\/strong> W880B12.<\/p>\n<p><strong>G\u00e9nero:<\/strong> Femenino.<\/p>\n<p><strong><span class=\"font-body-large bold\">Color:<\/span>\u00a0<\/strong><span class=\"display-color-name color-name-desktop font-body regular\" data-productid=\"W880B12-B-05\"><span>Negro con neblina violeta y acero<\/span><\/span><\/p>\n<\/div>\n","protected":false},"excerpt":{"rendered":"<p>FRESH FOAM X 880V12 Cuando se trata de correr, ir m\u00e1s all\u00e1 no es solo una forma de hablar. Ya<\/p>\n","protected":false},"featured_media":56804,"comment_status":"open","ping_status":"closed","template":"","meta":{"nf_dc_page":""},"product_brand":[],"product_cat":[73],"product_tag":[],"class_list":{"0":"post-56803","1":"product","2":"type-product","3":"status-publish","4":"has-post-thumbnail","6":"product_cat-femenino","8":"first","9":"instock","10":"shipping-taxable","11":"purchasable","12":"product-type-simple"},"_links":{"self":[{"href":"https:\/\/brandss.com.py\/index\/wp-json\/wp\/v2\/product\/56803","targetHints":{"allow":["GET"]}}],"collection":[{"href":"https:\/\/brandss.com.py\/index\/wp-json\/wp\/v2\/product"}],"about":[{"href":"https:\/\/brandss.com.py\/index\/wp-json\/wp\/v2\/types\/product"}],"replies":[{"embeddable":true,"href":"https:\/\/brandss.com.py\/index\/wp-json\/wp\/v2\/comments?post=56803"}],"version-history":[{"count":1,"href":"https:\/\/brandss.com.py\/index\/wp-json\/wp\/v2\/product\/56803\/revisions"}],"predecessor-version":[{"id":56811,"href":"https:\/\/brandss.com.py\/index\/wp-json\/wp\/v2\/product\/56803\/revisions\/56811"}],"wp:featuredmedia":[{"embeddable":true,"href":"https:\/\/brandss.com.py\/index\/wp-json\/wp\/v2\/media\/56804"}],"wp:attachment":[{"href":"https:\/\/brandss.com.py\/index\/wp-json\/wp\/v2\/media?parent=56803"}],"wp:term":[{"taxonomy":"product_brand","embeddable":true,"href":"https:\/\/brandss.com.py\/index\/wp-json\/wp\/v2\/product_brand?post=56803"},{"taxonomy":"product_cat","embeddable":true,"href":"https:\/\/brandss.com.py\/index\/wp-json\/wp\/v2\/product_cat?post=56803"},{"taxonomy":"product_tag","embeddable":true,"href":"https:\/\/brandss.com.py\/index\/wp-json\/wp\/v2\/product_tag?post=56803"}],"curies":[{"name":"wp","href":"https:\/\/api.w.org\/{rel}","templated":true}]}}