{"id":56812,"date":"2024-08-28T14:40:40","date_gmt":"2024-08-28T14:40:40","guid":{"rendered":"https:\/\/brandss.com.py\/index\/?post_type=product&#038;p=56812"},"modified":"2024-08-28T14:43:04","modified_gmt":"2024-08-28T14:43:04","slug":"calzado-deportivo-femenino-new-balance-840-v3","status":"publish","type":"product","link":"https:\/\/brandss.com.py\/index\/producto\/calzado-deportivo-femenino-new-balance-840-v3\/","title":{"rendered":"CALZADO DEPORTIVO FEMENINO NEW BALANCE  840 V3"},"content":{"rendered":"<p><img loading=\"lazy\" decoding=\"async\" class=\"\" src=\"https:\/\/cdn.freebiesupply.com\/logos\/large\/2x\/new-balance-2-logo-png-transparent.png\" alt=\"New Balance Logo PNG Transparent &amp; SVG Vector - Freebie Supply\" width=\"73\" height=\"73\" \/><\/p>\n<h1>840 V3<\/h1>\n<p><span>El New Balance WW840v3 es un calzado informal para caminar de cuero para mujer, dise\u00f1ado como una zapatilla deportiva vers\u00e1til que puede soportar distintas velocidades y superficies de caminata. Actualizada con una parte superior de cuero transpirable para una comodidad fresca y un ajuste flexible, la WW840V3 de New Balance es un elegante calzado para mujer que ayuda a mantener tus pies protegidos mientras te esfuerzas por alcanzar tus objetivos de caminata todos los d\u00edas. El elegante calzado para caminar para mujer tiene amortiguaci\u00f3n ABZORB debajo del pie para ayudar a absorber los impactos y una suela exterior resistente para un uso duradero.<\/span><\/p>\n<p><span>\u00a0<\/span><\/p>\n<p><span><strong>Caracter\u00edsticas:<\/strong><\/span><\/p>\n<p>&nbsp;<\/p>\n<ul>\n<li><span>Parte superior de cuero<\/span><\/li>\n<li><span>El zapato para caminar est\u00e1 dise\u00f1ado como una zapatilla deportiva vers\u00e1til.<\/span><\/li>\n<li><span>Amortiguaci\u00f3n ABZORB para ayudar a absorber impactos fuertes y una suela de goma duradera<\/span><\/li>\n<li><span>Te brinda la protecci\u00f3n y comodidad que necesitas para caminar todos los d\u00edas.<\/span><\/li>\n<li><span>La suela exterior de caucho soplado en el antepi\u00e9 proporciona un rebote superior.<\/span><\/li>\n<li><span>840<\/span><\/li>\n<\/ul>\n<p>&nbsp;<\/p>\n<p><strong>Detalles:<\/strong><\/p>\n<p>&nbsp;<\/p>\n<p><strong>Marca:<\/strong> New Balance..<\/p>\n<p><strong>Modelo:<\/strong> WW840GP3.<\/p>\n<p><strong>G\u00e9nero:<\/strong> Femenino.<\/p>\n<p><strong>Color: <\/strong>Blanco\/Azul\/Gris<\/p>\n<p><strong>Composici\u00f3n:<\/strong><\/p>\n<p>-Suela exterior: Compuesto de caucho Ndurance\u00a9 para m\u00e1xima durabilidad de la suela exterior.<\/p>\n<p>-Superior: Cuero.<\/p>\n<p>-Entresuela: La entresuela ABZORB absorbe el impacto a trav\u00e9s de una combinaci\u00f3n de amortiguaci\u00f3n y resistencia a la compresi\u00f3n.<\/p>\n","protected":false},"excerpt":{"rendered":"<p>840 V3 El New Balance WW840v3 es un calzado informal para caminar de cuero para mujer, dise\u00f1ado como una zapatilla<\/p>\n","protected":false},"featured_media":56813,"comment_status":"open","ping_status":"closed","template":"","meta":{"nf_dc_page":""},"product_brand":[],"product_cat":[73],"product_tag":[],"class_list":{"0":"post-56812","1":"product","2":"type-product","3":"status-publish","4":"has-post-thumbnail","6":"product_cat-femenino","8":"first","9":"instock","10":"shipping-taxable","11":"purchasable","12":"product-type-simple"},"_links":{"self":[{"href":"https:\/\/brandss.com.py\/index\/wp-json\/wp\/v2\/product\/56812","targetHints":{"allow":["GET"]}}],"collection":[{"href":"https:\/\/brandss.com.py\/index\/wp-json\/wp\/v2\/product"}],"about":[{"href":"https:\/\/brandss.com.py\/index\/wp-json\/wp\/v2\/types\/product"}],"replies":[{"embeddable":true,"href":"https:\/\/brandss.com.py\/index\/wp-json\/wp\/v2\/comments?post=56812"}],"version-history":[{"count":1,"href":"https:\/\/brandss.com.py\/index\/wp-json\/wp\/v2\/product\/56812\/revisions"}],"predecessor-version":[{"id":56820,"href":"https:\/\/brandss.com.py\/index\/wp-json\/wp\/v2\/product\/56812\/revisions\/56820"}],"wp:featuredmedia":[{"embeddable":true,"href":"https:\/\/brandss.com.py\/index\/wp-json\/wp\/v2\/media\/56813"}],"wp:attachment":[{"href":"https:\/\/brandss.com.py\/index\/wp-json\/wp\/v2\/media?parent=56812"}],"wp:term":[{"taxonomy":"product_brand","embeddable":true,"href":"https:\/\/brandss.com.py\/index\/wp-json\/wp\/v2\/product_brand?post=56812"},{"taxonomy":"product_cat","embeddable":true,"href":"https:\/\/brandss.com.py\/index\/wp-json\/wp\/v2\/product_cat?post=56812"},{"taxonomy":"product_tag","embeddable":true,"href":"https:\/\/brandss.com.py\/index\/wp-json\/wp\/v2\/product_tag?post=56812"}],"curies":[{"name":"wp","href":"https:\/\/api.w.org\/{rel}","templated":true}]}}