{"id":56821,"date":"2024-08-28T15:08:07","date_gmt":"2024-08-28T15:08:07","guid":{"rendered":"https:\/\/brandss.com.py\/index\/?post_type=product&#038;p=56821"},"modified":"2024-08-28T15:09:56","modified_gmt":"2024-08-28T15:09:56","slug":"calzado-deportivo-femenino-new-balance-410-v6-low","status":"publish","type":"product","link":"https:\/\/brandss.com.py\/index\/producto\/calzado-deportivo-femenino-new-balance-410-v6-low\/","title":{"rendered":"CALZADO DEPORTIVO FEMENINO NEW BALANCE 410 V6 LOW"},"content":{"rendered":"<p><img loading=\"lazy\" decoding=\"async\" class=\"\" src=\"https:\/\/cdn.freebiesupply.com\/logos\/large\/2x\/new-balance-2-logo-png-transparent.png\" alt=\"New Balance Logo PNG Transparent &amp; SVG Vector - Freebie Supply\" width=\"91\" height=\"91\" \/><\/p>\n<h1>410 V6 LOW<\/h1>\n<p><span>Luce elegante y si\u00e9ntete c\u00f3moda con estos calzados de la serie 400 de New Balance. El estilo de ca\u00f1a baja y el ancho est\u00e1ndar del calzado las hacen perfectas para las mujeres que siempre est\u00e1n en movimiento. El color negro y el dise\u00f1o elegante combinar\u00e1n con cualquier atuendo, mientras que el tipo y el modelo atl\u00e9ticos brindan el soporte necesario para tu estilo de vida activo. Estos calzados son de la marca New Balance y vienen con el c\u00f3digo de estilo WT410SB6. Son una gran incorporaci\u00f3n a cualquier colecci\u00f3n y seguro que se convertir\u00e1n en tus calzados favoritos. Ya sea que salgas a correr o simplemente a hacer recados, estos zcalzados son la elecci\u00f3n perfecta.<\/span><\/p>\n<p><strong>Detalles:<\/strong><\/p>\n<p><strong>Marca:<\/strong> New Balance.<\/p>\n<p><strong>Modelo:<\/strong> WT410SB6.<\/p>\n<p><strong>G\u00e9nero:<\/strong> Femenino.<\/p>\n<p><strong>Color:<\/strong>\u00a0Negro\/Peon\u00eda\/Mango<\/p>\n","protected":false},"excerpt":{"rendered":"<p>410 V6 LOW Luce elegante y si\u00e9ntete c\u00f3moda con estos calzados de la serie 400 de New Balance. El estilo<\/p>\n","protected":false},"featured_media":56822,"comment_status":"open","ping_status":"closed","template":"","meta":{"nf_dc_page":""},"product_brand":[],"product_cat":[73],"product_tag":[],"class_list":{"0":"post-56821","1":"product","2":"type-product","3":"status-publish","4":"has-post-thumbnail","6":"product_cat-femenino","8":"first","9":"instock","10":"shipping-taxable","11":"purchasable","12":"product-type-simple"},"_links":{"self":[{"href":"https:\/\/brandss.com.py\/index\/wp-json\/wp\/v2\/product\/56821","targetHints":{"allow":["GET"]}}],"collection":[{"href":"https:\/\/brandss.com.py\/index\/wp-json\/wp\/v2\/product"}],"about":[{"href":"https:\/\/brandss.com.py\/index\/wp-json\/wp\/v2\/types\/product"}],"replies":[{"embeddable":true,"href":"https:\/\/brandss.com.py\/index\/wp-json\/wp\/v2\/comments?post=56821"}],"version-history":[{"count":1,"href":"https:\/\/brandss.com.py\/index\/wp-json\/wp\/v2\/product\/56821\/revisions"}],"predecessor-version":[{"id":56827,"href":"https:\/\/brandss.com.py\/index\/wp-json\/wp\/v2\/product\/56821\/revisions\/56827"}],"wp:featuredmedia":[{"embeddable":true,"href":"https:\/\/brandss.com.py\/index\/wp-json\/wp\/v2\/media\/56822"}],"wp:attachment":[{"href":"https:\/\/brandss.com.py\/index\/wp-json\/wp\/v2\/media?parent=56821"}],"wp:term":[{"taxonomy":"product_brand","embeddable":true,"href":"https:\/\/brandss.com.py\/index\/wp-json\/wp\/v2\/product_brand?post=56821"},{"taxonomy":"product_cat","embeddable":true,"href":"https:\/\/brandss.com.py\/index\/wp-json\/wp\/v2\/product_cat?post=56821"},{"taxonomy":"product_tag","embeddable":true,"href":"https:\/\/brandss.com.py\/index\/wp-json\/wp\/v2\/product_tag?post=56821"}],"curies":[{"name":"wp","href":"https:\/\/api.w.org\/{rel}","templated":true}]}}