{"id":56828,"date":"2024-08-28T17:10:13","date_gmt":"2024-08-28T17:10:13","guid":{"rendered":"https:\/\/brandss.com.py\/index\/?post_type=product&#038;p=56828"},"modified":"2024-08-28T17:47:08","modified_gmt":"2024-08-28T17:47:08","slug":"calzado-deportivo-femenino-new-balance-574-classic","status":"publish","type":"product","link":"https:\/\/brandss.com.py\/index\/producto\/calzado-deportivo-femenino-new-balance-574-classic\/","title":{"rendered":"CALZADO DEPORTIVO FEMENINO NEW BALANCE 574 CLASSIC"},"content":{"rendered":"<p><img loading=\"lazy\" decoding=\"async\" class=\"\" src=\"https:\/\/cdn.freebiesupply.com\/logos\/large\/2x\/new-balance-2-logo-png-transparent.png\" alt=\"New Balance Logo PNG Transparent &amp; SVG Vector - Freebie Supply\" width=\"82\" height=\"82\" \/><\/p>\n<h1>574 CLASSIC<\/h1>\n<p>&nbsp;<\/p>\n<p>No se necesita exageraci\u00f3n. Atemporal, ic\u00f3nico e impresionante: el New Balance 574 No Hype 1 es todo menos aburrido. Inspiradas en los senderos y dise\u00f1adas para las carreteras, estas siluetas conservan detalles ic\u00f3nicos de 574, como la ligera amortiguaci\u00f3n de espuma EVA en la entresuela y el tal\u00f3n para mantener tus pies acolchados y seguros. La parte superior de cuero aporta sofisticaci\u00f3n, mientras que la suela de goma duradera brinda tracci\u00f3n sin concesiones para pies activos. Bien &#8216;equilibrado&#8217; en todos los aspectos.<\/p>\n<p>El cierre con cordones ofrece un ajuste seguro.<\/p>\n<p>&nbsp;<\/p>\n<p><strong>Detalles:<\/strong><\/p>\n<p>&nbsp;<\/p>\n<p><strong>Marca:<\/strong> New Balance.<\/p>\n<p><strong>Modelo:<\/strong> GC574DFN.<\/p>\n<p><strong>G\u00e9nero:<\/strong> Femenino.<\/p>\n<p><strong>Color:<\/strong> Negro\/ Beige<\/p>\n","protected":false},"excerpt":{"rendered":"<p>574 CLASSIC &nbsp; No se necesita exageraci\u00f3n. Atemporal, ic\u00f3nico e impresionante: el New Balance 574 No Hype 1 es todo<\/p>\n","protected":false},"featured_media":56829,"comment_status":"open","ping_status":"closed","template":"","meta":{"nf_dc_page":""},"product_brand":[],"product_cat":[73],"product_tag":[],"class_list":{"0":"post-56828","1":"product","2":"type-product","3":"status-publish","4":"has-post-thumbnail","6":"product_cat-femenino","8":"first","9":"instock","10":"shipping-taxable","11":"purchasable","12":"product-type-simple"},"_links":{"self":[{"href":"https:\/\/brandss.com.py\/index\/wp-json\/wp\/v2\/product\/56828","targetHints":{"allow":["GET"]}}],"collection":[{"href":"https:\/\/brandss.com.py\/index\/wp-json\/wp\/v2\/product"}],"about":[{"href":"https:\/\/brandss.com.py\/index\/wp-json\/wp\/v2\/types\/product"}],"replies":[{"embeddable":true,"href":"https:\/\/brandss.com.py\/index\/wp-json\/wp\/v2\/comments?post=56828"}],"version-history":[{"count":1,"href":"https:\/\/brandss.com.py\/index\/wp-json\/wp\/v2\/product\/56828\/revisions"}],"predecessor-version":[{"id":56834,"href":"https:\/\/brandss.com.py\/index\/wp-json\/wp\/v2\/product\/56828\/revisions\/56834"}],"wp:featuredmedia":[{"embeddable":true,"href":"https:\/\/brandss.com.py\/index\/wp-json\/wp\/v2\/media\/56829"}],"wp:attachment":[{"href":"https:\/\/brandss.com.py\/index\/wp-json\/wp\/v2\/media?parent=56828"}],"wp:term":[{"taxonomy":"product_brand","embeddable":true,"href":"https:\/\/brandss.com.py\/index\/wp-json\/wp\/v2\/product_brand?post=56828"},{"taxonomy":"product_cat","embeddable":true,"href":"https:\/\/brandss.com.py\/index\/wp-json\/wp\/v2\/product_cat?post=56828"},{"taxonomy":"product_tag","embeddable":true,"href":"https:\/\/brandss.com.py\/index\/wp-json\/wp\/v2\/product_tag?post=56828"}],"curies":[{"name":"wp","href":"https:\/\/api.w.org\/{rel}","templated":true}]}}