{"id":56835,"date":"2024-08-28T18:37:50","date_gmt":"2024-08-28T18:37:50","guid":{"rendered":"https:\/\/brandss.com.py\/index\/?post_type=product&#038;p=56835"},"modified":"2024-08-28T18:39:14","modified_gmt":"2024-08-28T18:39:14","slug":"calzado-deportivo-femenino-new-balance-574-sport","status":"publish","type":"product","link":"https:\/\/brandss.com.py\/index\/producto\/calzado-deportivo-femenino-new-balance-574-sport\/","title":{"rendered":"CALZADO DEPORTIVO FEMENINO NEW BALANCE 574 SPORT"},"content":{"rendered":"<p><img loading=\"lazy\" decoding=\"async\" class=\"\" src=\"https:\/\/cdn.freebiesupply.com\/logos\/large\/2x\/new-balance-2-logo-png-transparent.png\" alt=\"New Balance Logo PNG Transparent &amp; SVG Vector - Freebie Supply\" width=\"64\" height=\"64\" \/><\/p>\n<h1>574 SPORT<\/h1>\n<p><span>El calzado New Balance 574 es una combinaci\u00f3n del ic\u00f3nico modelo 574 con un dise\u00f1o moderno. A diferencia de los primeros modelos, este est\u00e1 mejorado: utiliza una suela <\/span><span class=\"text-link js-find-technology\" data-link=\"https:\/\/newbalance.ua\/technology\"><span>Fresh Foam<\/span><\/span><span>\u00a0suavizada , que proporciona una gran comodidad durante el uso diario y proporciona una amortiguaci\u00f3n adicional.<\/span><\/p>\n<p>New Balance desde un principio ha seguido un camino independiente, desarrollando productos con una identidad \u00fanica sin importar lo que piensen los dem\u00e1s. Hoy mantiene este esp\u00edritu audaz e independiente sin seguir las tendencias.<\/p>\n<p>&nbsp;<\/p>\n<p><strong>Detalles:\u00a0<\/strong><\/p>\n<p>&nbsp;<\/p>\n<div class=\"product-specification-item\" data-v-0f687d4c=\"\" data-v-68b21aa8=\"\"><strong>Marca:<\/strong>\u00a0New Balance.<\/div>\n<div class=\"product-specification-item\" data-v-0f687d4c=\"\" data-v-68b21aa8=\"\"><strong>Modelo:<\/strong> WS574PMD.<\/div>\n<div data-v-0f687d4c=\"\" data-v-68b21aa8=\"\"><strong>G\u00e9nero:<\/strong> Femenino.<\/div>\n<div data-v-0f687d4c=\"\" data-v-68b21aa8=\"\"><strong>Color:<\/strong> Negro\/ Blanco\/ Azul claro.<\/div>\n<div data-v-0f687d4c=\"\" data-v-68b21aa8=\"\"><strong>Composici\u00f3n:\u00a0<\/strong><\/div>\n<div data-v-0f687d4c=\"\" data-v-68b21aa8=\"\">\n<div class=\"product-specification-item\" data-v-0f687d4c=\"\" data-v-68b21aa8=\"\">-Interior: tejido<\/div>\n<div class=\"product-specification-item\" data-v-0f687d4c=\"\" data-v-68b21aa8=\"\">-Parte superior: Cuero natural &#8211; Ante, Sint\u00e9tico\/-Sint\u00e9tico de calidad, Textil\/-Textil<\/div>\n<div class=\"product-specification-item\" data-v-0f687d4c=\"\" data-v-68b21aa8=\"\">-Suela: material de alta calidad<\/div>\n<div class=\"product-specification-item\" data-v-0f687d4c=\"\" data-v-68b21aa8=\"\">-Tecnolog\u00edas:\u00a0 Fresh Foam<\/div>\n<\/div>\n","protected":false},"excerpt":{"rendered":"<p>574 SPORT El calzado New Balance 574 es una combinaci\u00f3n del ic\u00f3nico modelo 574 con un dise\u00f1o moderno. A diferencia<\/p>\n","protected":false},"featured_media":56836,"comment_status":"open","ping_status":"closed","template":"","meta":{"nf_dc_page":""},"product_brand":[],"product_cat":[73],"product_tag":[],"class_list":{"0":"post-56835","1":"product","2":"type-product","3":"status-publish","4":"has-post-thumbnail","6":"product_cat-femenino","8":"first","9":"instock","10":"shipping-taxable","11":"purchasable","12":"product-type-simple"},"_links":{"self":[{"href":"https:\/\/brandss.com.py\/index\/wp-json\/wp\/v2\/product\/56835","targetHints":{"allow":["GET"]}}],"collection":[{"href":"https:\/\/brandss.com.py\/index\/wp-json\/wp\/v2\/product"}],"about":[{"href":"https:\/\/brandss.com.py\/index\/wp-json\/wp\/v2\/types\/product"}],"replies":[{"embeddable":true,"href":"https:\/\/brandss.com.py\/index\/wp-json\/wp\/v2\/comments?post=56835"}],"version-history":[{"count":1,"href":"https:\/\/brandss.com.py\/index\/wp-json\/wp\/v2\/product\/56835\/revisions"}],"predecessor-version":[{"id":56847,"href":"https:\/\/brandss.com.py\/index\/wp-json\/wp\/v2\/product\/56835\/revisions\/56847"}],"wp:featuredmedia":[{"embeddable":true,"href":"https:\/\/brandss.com.py\/index\/wp-json\/wp\/v2\/media\/56836"}],"wp:attachment":[{"href":"https:\/\/brandss.com.py\/index\/wp-json\/wp\/v2\/media?parent=56835"}],"wp:term":[{"taxonomy":"product_brand","embeddable":true,"href":"https:\/\/brandss.com.py\/index\/wp-json\/wp\/v2\/product_brand?post=56835"},{"taxonomy":"product_cat","embeddable":true,"href":"https:\/\/brandss.com.py\/index\/wp-json\/wp\/v2\/product_cat?post=56835"},{"taxonomy":"product_tag","embeddable":true,"href":"https:\/\/brandss.com.py\/index\/wp-json\/wp\/v2\/product_tag?post=56835"}],"curies":[{"name":"wp","href":"https:\/\/api.w.org\/{rel}","templated":true}]}}