{"id":56848,"date":"2024-08-28T19:08:31","date_gmt":"2024-08-28T19:08:31","guid":{"rendered":"https:\/\/brandss.com.py\/index\/?post_type=product&#038;p=56848"},"modified":"2024-08-29T11:51:47","modified_gmt":"2024-08-29T11:51:47","slug":"calzado-deportivo-femenino-new-balance-fresh-foam-680-v7","status":"publish","type":"product","link":"https:\/\/brandss.com.py\/index\/producto\/calzado-deportivo-femenino-new-balance-fresh-foam-680-v7\/","title":{"rendered":"CALZADO DEPORTIVO FEMENINO NEW BALANCE FRESH FOAM 680 V7"},"content":{"rendered":"<p><img loading=\"lazy\" decoding=\"async\" class=\"\" src=\"https:\/\/cdn.freebiesupply.com\/logos\/large\/2x\/new-balance-2-logo-png-transparent.png\" alt=\"New Balance Logo PNG Transparent &amp; SVG Vector - Freebie Supply\" width=\"71\" height=\"71\" \/><\/p>\n<h1>FRESH FOAM 680 V7<\/h1>\n<p>Los calzados New Balance Fresh Foam 680v7 para mujer son ideales para quienes quieran empezar a correr con unos calzados modernos y c\u00f3modos. Con una entresuela Fresh Foam de doble densidad para mayor comodidad, una plantilla moldeada para mayor sujeci\u00f3n y una cobertura de goma \u00f3ptima para mayor durabilidad, estos calzados proporcionan una sensaci\u00f3n de suavidad en cada paso. Con una malla de aire dise\u00f1ada de forma suave que permite que el pie permanezca libre mientras te mueves, estos calzados para correr para mujer ofrecen una experiencia que tus pies adorar\u00e1n.<\/p>\n<p><span>La New Balance 680v7 es un\u00a0 calzado para correr dise\u00f1ada para correr sobre superficies pavimentadas. Ideal para corredores principiantes. Tienen muy buena amortiguaci\u00f3n a base de Fresh Foam, lo que garantiza seguridad y protecci\u00f3n suficiente para las articulaciones. Cuentan con una parte superior sint\u00e9tica sin costuras para una excelente transpirabilidad y comodidad. Los zapatos tienen un tal\u00f3n estable, que proporciona un excelente apoyo al pie y confianza al correr. Tambi\u00e9n se utilizan refuerzos en los dedos para aumentar la fuerza de la parte superior. Se utilizaron elementos reflectantes para mejorar la seguridad despu\u00e9s del anochecer.<\/span><\/p>\n<p><span>La banda de rodadura est\u00e1 fabricada con goma mec\u00e1nicamente resistente y espuma EVA, lo que proporciona a estas botas una mayor resistencia al desgaste, tan importante para su uso diario.<\/span><\/p>\n<div><\/div>\n<div class=\"product-details-header ml-2 mb-2\"><strong>Caracter\u00edsticas<\/strong><\/div>\n<div><\/div>\n<div class=\"ecom-bullets ml-3 mt-0\">\n<ul>\n<li>La amortiguaci\u00f3n de la entresuela Fresh Foam est\u00e1 dise\u00f1ada con precisi\u00f3n para brindar una pisada liviana y ultra amortiguada.<\/li>\n<li>La parte superior de malla dise\u00f1ada permite la transpirabilidad.<\/li>\n<li>La parte superior presenta una construcci\u00f3n sin costuras para un ajuste y una sensaci\u00f3n elegantes.<\/li>\n<li>El inserto moldeado ayuda a proporcionar soporte adicional.<\/li>\n<li>Suela de goma para mayor durabilidad y tracci\u00f3n.<\/li>\n<li>El cierre de cordones garantiza un ajuste seguro.<\/li>\n<li><span class=\"weight\"><span class=\"feather\">\u00a0<\/span>\u00a0214 gramos (7,5 oz)<\/span><\/li>\n<\/ul>\n<p>&nbsp;<\/p>\n<p><strong>Detalles:<\/strong><\/p>\n<p>&nbsp;<\/p>\n<p><span><strong>Marca:<\/strong> New Balance.<\/span><\/p>\n<p><span><strong>Modelo:<\/strong> W680CN7.<\/span><\/p>\n<p><strong>G\u00e9nero:<\/strong> Femenino.<\/p>\n<p><strong>Color:<\/strong> Marino\/ Verde\/ Blanco\/ Azul claro<\/p>\n<p><strong>Composici\u00f3n:<\/strong><\/p>\n<p><span>-Material superior: material textil<\/span><\/p>\n<p><span>-Material interior: material textil<\/span><br \/>\n<span>-Tipo de suela: material sint\u00e9tico<\/span><\/p>\n<\/div>\n","protected":false},"excerpt":{"rendered":"<p>FRESH FOAM 680 V7 Los calzados New Balance Fresh Foam 680v7 para mujer son ideales para quienes quieran empezar a<\/p>\n","protected":false},"featured_media":56849,"comment_status":"open","ping_status":"closed","template":"","meta":{"nf_dc_page":""},"product_brand":[],"product_cat":[73],"product_tag":[],"class_list":{"0":"post-56848","1":"product","2":"type-product","3":"status-publish","4":"has-post-thumbnail","6":"product_cat-femenino","8":"first","9":"instock","10":"shipping-taxable","11":"purchasable","12":"product-type-simple"},"_links":{"self":[{"href":"https:\/\/brandss.com.py\/index\/wp-json\/wp\/v2\/product\/56848","targetHints":{"allow":["GET"]}}],"collection":[{"href":"https:\/\/brandss.com.py\/index\/wp-json\/wp\/v2\/product"}],"about":[{"href":"https:\/\/brandss.com.py\/index\/wp-json\/wp\/v2\/types\/product"}],"replies":[{"embeddable":true,"href":"https:\/\/brandss.com.py\/index\/wp-json\/wp\/v2\/comments?post=56848"}],"version-history":[{"count":1,"href":"https:\/\/brandss.com.py\/index\/wp-json\/wp\/v2\/product\/56848\/revisions"}],"predecessor-version":[{"id":56855,"href":"https:\/\/brandss.com.py\/index\/wp-json\/wp\/v2\/product\/56848\/revisions\/56855"}],"wp:featuredmedia":[{"embeddable":true,"href":"https:\/\/brandss.com.py\/index\/wp-json\/wp\/v2\/media\/56849"}],"wp:attachment":[{"href":"https:\/\/brandss.com.py\/index\/wp-json\/wp\/v2\/media?parent=56848"}],"wp:term":[{"taxonomy":"product_brand","embeddable":true,"href":"https:\/\/brandss.com.py\/index\/wp-json\/wp\/v2\/product_brand?post=56848"},{"taxonomy":"product_cat","embeddable":true,"href":"https:\/\/brandss.com.py\/index\/wp-json\/wp\/v2\/product_cat?post=56848"},{"taxonomy":"product_tag","embeddable":true,"href":"https:\/\/brandss.com.py\/index\/wp-json\/wp\/v2\/product_tag?post=56848"}],"curies":[{"name":"wp","href":"https:\/\/api.w.org\/{rel}","templated":true}]}}