{"id":56856,"date":"2024-08-29T12:17:43","date_gmt":"2024-08-29T12:17:43","guid":{"rendered":"https:\/\/brandss.com.py\/index\/?post_type=product&#038;p=56856"},"modified":"2025-07-02T16:56:03","modified_gmt":"2025-07-02T16:56:03","slug":"calzado-deportivo-unisex-new-balance-phantom-interstellar-xc-72","status":"publish","type":"product","link":"https:\/\/brandss.com.py\/index\/producto\/calzado-deportivo-unisex-new-balance-phantom-interstellar-xc-72\/","title":{"rendered":"CALZADO DEPORTIVO UNISEX NEW BALANCE PHANTOM INTERSTELLAR XC-72"},"content":{"rendered":"<p><img loading=\"lazy\" decoding=\"async\" class=\"\" src=\"https:\/\/cdn.freebiesupply.com\/logos\/large\/2x\/new-balance-2-logo-black-and-white.png\" alt=\"New Balance Logo PNG Transparent &amp; SVG Vector - Freebie Supply\" width=\"71\" height=\"71\" \/><\/p>\n<h1>PHANTOM INTERSTELLAR XC-72<\/h1>\n<p>El calzado deportivo XC72, una versi\u00f3n actualizada de un dise\u00f1o inspirado en los archivos de la d\u00e9cada de 1970, est\u00e1 llena de estilo contempor\u00e1neo. Dise\u00f1adas para usar durante todo el d\u00eda, estos c\u00f3modos calzados cuentan con tres ic\u00f3nicas huellas en la suela, inspirada en la tradici\u00f3n que contribuye a un estilo progresista y vanguardista.<\/p>\n<p>La suela exterior dividida verticalmente presenta dos dise\u00f1os de tracci\u00f3n en terrenos duros: el &#8220;agarre&#8221; del XC15 y el patr\u00f3n de tachuelas del 375. Clip de estabilidad en el tal\u00f3n con el patr\u00f3n de suela en espiga 620 Parte superior de ante y malla reciclada con contenido reciclado en logotipo N.<\/p>\n<p>&nbsp;<\/p>\n<p><strong>Detalles:<\/strong><\/p>\n<p>&nbsp;<\/p>\n<p><strong>Marca:<\/strong> New Balance.<\/p>\n<p><strong>Modelo:<\/strong> UXC72SG.<\/p>\n<p><strong>G\u00e9nero:<\/strong> Unisex.<\/p>\n<p><strong>Color:<\/strong> Negro\/ Gris\/ Verdes.<\/p>\n<p>&nbsp;<\/p>\n","protected":false},"excerpt":{"rendered":"<p>PHANTOM INTERSTELLAR XC-72 El calzado deportivo XC72, una versi\u00f3n actualizada de un dise\u00f1o inspirado en los archivos de la d\u00e9cada<\/p>\n","protected":false},"featured_media":56857,"comment_status":"open","ping_status":"closed","template":"","meta":{"nf_dc_page":""},"product_brand":[],"product_cat":[73,76],"product_tag":[],"class_list":{"0":"post-56856","1":"product","2":"type-product","3":"status-publish","4":"has-post-thumbnail","6":"product_cat-femenino","7":"product_cat-masculino","9":"first","10":"instock","11":"shipping-taxable","12":"purchasable","13":"product-type-simple"},"_links":{"self":[{"href":"https:\/\/brandss.com.py\/index\/wp-json\/wp\/v2\/product\/56856","targetHints":{"allow":["GET"]}}],"collection":[{"href":"https:\/\/brandss.com.py\/index\/wp-json\/wp\/v2\/product"}],"about":[{"href":"https:\/\/brandss.com.py\/index\/wp-json\/wp\/v2\/types\/product"}],"replies":[{"embeddable":true,"href":"https:\/\/brandss.com.py\/index\/wp-json\/wp\/v2\/comments?post=56856"}],"version-history":[{"count":1,"href":"https:\/\/brandss.com.py\/index\/wp-json\/wp\/v2\/product\/56856\/revisions"}],"predecessor-version":[{"id":56865,"href":"https:\/\/brandss.com.py\/index\/wp-json\/wp\/v2\/product\/56856\/revisions\/56865"}],"wp:featuredmedia":[{"embeddable":true,"href":"https:\/\/brandss.com.py\/index\/wp-json\/wp\/v2\/media\/56857"}],"wp:attachment":[{"href":"https:\/\/brandss.com.py\/index\/wp-json\/wp\/v2\/media?parent=56856"}],"wp:term":[{"taxonomy":"product_brand","embeddable":true,"href":"https:\/\/brandss.com.py\/index\/wp-json\/wp\/v2\/product_brand?post=56856"},{"taxonomy":"product_cat","embeddable":true,"href":"https:\/\/brandss.com.py\/index\/wp-json\/wp\/v2\/product_cat?post=56856"},{"taxonomy":"product_tag","embeddable":true,"href":"https:\/\/brandss.com.py\/index\/wp-json\/wp\/v2\/product_tag?post=56856"}],"curies":[{"name":"wp","href":"https:\/\/api.w.org\/{rel}","templated":true}]}}