{"id":56874,"date":"2024-08-29T13:39:53","date_gmt":"2024-08-29T13:39:53","guid":{"rendered":"https:\/\/brandss.com.py\/index\/?post_type=product&#038;p=56874"},"modified":"2024-08-29T13:40:47","modified_gmt":"2024-08-29T13:40:47","slug":"calzado-deportivo-femenino-new-balance-fresh-foam-x880v13","status":"publish","type":"product","link":"https:\/\/brandss.com.py\/index\/producto\/calzado-deportivo-femenino-new-balance-fresh-foam-x880v13\/","title":{"rendered":"CALZADO DEPORTIVO FEMENINO NEW BALANCE FRESH FOAM X880V13"},"content":{"rendered":"<p><img loading=\"lazy\" decoding=\"async\" class=\"\" src=\"https:\/\/cdn.freebiesupply.com\/logos\/large\/2x\/new-balance-2-logo-black-and-white.png\" alt=\"New Balance Logo PNG Transparent &amp; SVG Vector - Freebie Supply\" width=\"68\" height=\"68\" \/><\/p>\n<h1>FRESH FOAM X880V13<\/h1>\n<p><span>La funcionalidad se combina con la moda en la New Balance Fresh Foam X 880v13.\u00a0Los calzados Fresh Foam X M880W13 de New Balance ofrecen un rendimiento superior para el uso diario. Con la tecnolog\u00eda de entresuela Fresh Foam X, el calzado ofrece amortiguaci\u00f3n y soporte. La suela de goma NDurance aumenta la durabilidad, para que puedas correr m\u00e1s lejos y m\u00e1s r\u00e1pido. La simplicidad elegante completa el look.<\/span><\/p>\n<p>&nbsp;<\/p>\n<div class=\"product-details-header ml-2 mb-2\"><strong>Caracter\u00edsticas:<\/strong><\/div>\n<div><\/div>\n<div class=\"ecom-bullets ml-3 mt-0\">\n<ul>\n<li><span>La entresuela de espuma Fresh Foam X con aproximadamente un 3 % de contenido de origen biol\u00f3gico ofrece la experiencia Fresh Foam m\u00e1s amortiguada para una comodidad incre\u00edble. El contenido de origen biol\u00f3gico est\u00e1 elaborado a partir de recursos renovables para ayudar a reducir nuestra huella de carbono.<\/span><\/li>\n<li><span>Parte superior sint\u00e9tica\/malla<\/span><\/li>\n<li><span>La parte superior presenta una construcci\u00f3n sin costuras para un ajuste y una sensaci\u00f3n elegantes.<\/span><\/li>\n<li><span>La tecnolog\u00eda de suela de caucho NDurance proporciona una durabilidad superior en \u00e1reas de alto desgaste para ayudar a aprovechar al m\u00e1ximo los zapatos.<\/span><\/li>\n<li><span>Cierre de cordones ajustable para un ajuste seguro.<\/span><\/li>\n<li><span>Ca\u00edda de 10 mm; debido a las variaciones creadas durante los procesos de desarrollo y fabricaci\u00f3n, todas las referencias a una ca\u00edda de 10 mm son aproximadas<\/span><\/li>\n<li><span class=\"weight\"><span class=\"feather\">\u00a0<\/span>\u00a0<span>300 gramos (10,6 oz)<\/span><\/span><\/li>\n<\/ul>\n<\/div>\n<div class=\"product-details-header ml-2 mb-2\"><strong>Material<\/strong><\/div>\n<div class=\"ecom-bullets ml-3 mt-0\">\n<ul>\n<li><span>La parte superior de malla dise\u00f1ada brinda una sensaci\u00f3n elegante y moderna, maximizando el ajuste y la comodidad.<\/span><\/li>\n<\/ul>\n<\/div>\n<p>&nbsp;<\/p>\n<p><strong>Detalles:<\/strong><\/p>\n<p>&nbsp;<\/p>\n<p><strong>Marca:<\/strong> New Balance.<\/p>\n<p><strong>Modelo: <\/strong>M880W13.<\/p>\n<p><strong>G\u00e9nero:<\/strong> Femenino.<\/p>\n<p><strong>Color:<\/strong> Blanco\/ Granito\/ Plata metalizada.<\/p>\n","protected":false},"excerpt":{"rendered":"<p>FRESH FOAM X880V13 La funcionalidad se combina con la moda en la New Balance Fresh Foam X 880v13.\u00a0Los calzados Fresh<\/p>\n","protected":false},"featured_media":56875,"comment_status":"open","ping_status":"closed","template":"","meta":{"nf_dc_page":""},"product_brand":[],"product_cat":[73],"product_tag":[],"class_list":{"0":"post-56874","1":"product","2":"type-product","3":"status-publish","4":"has-post-thumbnail","6":"product_cat-femenino","8":"first","9":"instock","10":"shipping-taxable","11":"purchasable","12":"product-type-simple"},"_links":{"self":[{"href":"https:\/\/brandss.com.py\/index\/wp-json\/wp\/v2\/product\/56874","targetHints":{"allow":["GET"]}}],"collection":[{"href":"https:\/\/brandss.com.py\/index\/wp-json\/wp\/v2\/product"}],"about":[{"href":"https:\/\/brandss.com.py\/index\/wp-json\/wp\/v2\/types\/product"}],"replies":[{"embeddable":true,"href":"https:\/\/brandss.com.py\/index\/wp-json\/wp\/v2\/comments?post=56874"}],"version-history":[{"count":1,"href":"https:\/\/brandss.com.py\/index\/wp-json\/wp\/v2\/product\/56874\/revisions"}],"predecessor-version":[{"id":56881,"href":"https:\/\/brandss.com.py\/index\/wp-json\/wp\/v2\/product\/56874\/revisions\/56881"}],"wp:featuredmedia":[{"embeddable":true,"href":"https:\/\/brandss.com.py\/index\/wp-json\/wp\/v2\/media\/56875"}],"wp:attachment":[{"href":"https:\/\/brandss.com.py\/index\/wp-json\/wp\/v2\/media?parent=56874"}],"wp:term":[{"taxonomy":"product_brand","embeddable":true,"href":"https:\/\/brandss.com.py\/index\/wp-json\/wp\/v2\/product_brand?post=56874"},{"taxonomy":"product_cat","embeddable":true,"href":"https:\/\/brandss.com.py\/index\/wp-json\/wp\/v2\/product_cat?post=56874"},{"taxonomy":"product_tag","embeddable":true,"href":"https:\/\/brandss.com.py\/index\/wp-json\/wp\/v2\/product_tag?post=56874"}],"curies":[{"name":"wp","href":"https:\/\/api.w.org\/{rel}","templated":true}]}}