{"id":56882,"date":"2024-08-29T14:21:06","date_gmt":"2024-08-29T14:21:06","guid":{"rendered":"https:\/\/brandss.com.py\/index\/?post_type=product&#038;p=56882"},"modified":"2024-11-20T16:37:28","modified_gmt":"2024-11-20T16:37:28","slug":"calzado-deportivo-femenino-new-balance-520v7","status":"publish","type":"product","link":"https:\/\/brandss.com.py\/index\/producto\/calzado-deportivo-femenino-new-balance-520v7\/","title":{"rendered":"CALZADO DEPORTIVO FEMENINO NEW BALANCE 520V7"},"content":{"rendered":"<p><img loading=\"lazy\" decoding=\"async\" class=\"\" src=\"https:\/\/cdn.freebiesupply.com\/logos\/large\/2x\/new-balance-2-logo-black-and-white.png\" alt=\"New Balance Logo PNG Transparent &amp; SVG Vector - Freebie Supply\" width=\"64\" height=\"64\" \/><\/p>\n<h1>520V7<\/h1>\n<p>El 520v7 est\u00e1 dise\u00f1ado para quienes buscan comodidad y tambi\u00e9n un dise\u00f1o de gran rendimiento. Este zapato se inspira en el calzado para correr de alta calidad, lo que garantiza que la comodidad y el soporte sean la prioridad. Elaborado en materiales de primera calidad permite una m\u00e1xima perdurabilidad as\u00ed mismo cuenta con un dise\u00f1o deportivo ideal para running el cual cuenta con capellada en tela de punto y malla mejorando la ventilaci\u00f3n interna adem\u00e1s posee superposiciones sint\u00e9ticas las cuales ayudan a mantener la forma de igual manera posee leng\u00fceta acolchada y en malla teniendo un empeine transpirable y c\u00f3modo el cual agrega cierre en cordones para un ajuste personalizado adicionalmente cuenta con cuello acolchado al igual que la plantilla dando comodidad en cada paso y adiciono logo new balance estampado en el lateral externo dando m\u00e1s estilo de igual manera a\u00f1ade entresuela con tecnolog\u00eda fresh foam la cual se caracteriza por ser de una sola pieza de espuma que proporciona una suave y natural pisada mientras que la suela elaborada en goma permite una tracci\u00f3n superior en diferentes superficies.<\/p>\n<p>&nbsp;<\/p>\n<p><strong>Detalles:<\/strong><\/p>\n<p>&nbsp;<\/p>\n<p><strong>Marca:<\/strong> New Balance.<\/p>\n<p><strong>Modelo:<\/strong> W520RW7.<\/p>\n<p><strong>G\u00e9nero:<\/strong> Femenino.<\/p>\n<p><strong>Color:<\/strong> Blanco\/ Fucsia\/ Amarillo\/ Gris.<\/p>\n","protected":false},"excerpt":{"rendered":"<p>520V7 El 520v7 est\u00e1 dise\u00f1ado para quienes buscan comodidad y tambi\u00e9n un dise\u00f1o de gran rendimiento. Este zapato se inspira<\/p>\n","protected":false},"featured_media":56883,"comment_status":"open","ping_status":"closed","template":"","meta":{"nf_dc_page":""},"product_brand":[],"product_cat":[73],"product_tag":[],"class_list":{"0":"post-56882","1":"product","2":"type-product","3":"status-publish","4":"has-post-thumbnail","6":"product_cat-femenino","8":"first","9":"instock","10":"shipping-taxable","11":"purchasable","12":"product-type-simple"},"_links":{"self":[{"href":"https:\/\/brandss.com.py\/index\/wp-json\/wp\/v2\/product\/56882","targetHints":{"allow":["GET"]}}],"collection":[{"href":"https:\/\/brandss.com.py\/index\/wp-json\/wp\/v2\/product"}],"about":[{"href":"https:\/\/brandss.com.py\/index\/wp-json\/wp\/v2\/types\/product"}],"replies":[{"embeddable":true,"href":"https:\/\/brandss.com.py\/index\/wp-json\/wp\/v2\/comments?post=56882"}],"version-history":[{"count":1,"href":"https:\/\/brandss.com.py\/index\/wp-json\/wp\/v2\/product\/56882\/revisions"}],"predecessor-version":[{"id":56888,"href":"https:\/\/brandss.com.py\/index\/wp-json\/wp\/v2\/product\/56882\/revisions\/56888"}],"wp:featuredmedia":[{"embeddable":true,"href":"https:\/\/brandss.com.py\/index\/wp-json\/wp\/v2\/media\/56883"}],"wp:attachment":[{"href":"https:\/\/brandss.com.py\/index\/wp-json\/wp\/v2\/media?parent=56882"}],"wp:term":[{"taxonomy":"product_brand","embeddable":true,"href":"https:\/\/brandss.com.py\/index\/wp-json\/wp\/v2\/product_brand?post=56882"},{"taxonomy":"product_cat","embeddable":true,"href":"https:\/\/brandss.com.py\/index\/wp-json\/wp\/v2\/product_cat?post=56882"},{"taxonomy":"product_tag","embeddable":true,"href":"https:\/\/brandss.com.py\/index\/wp-json\/wp\/v2\/product_tag?post=56882"}],"curies":[{"name":"wp","href":"https:\/\/api.w.org\/{rel}","templated":true}]}}