{"id":56889,"date":"2024-08-29T15:15:13","date_gmt":"2024-08-29T15:15:13","guid":{"rendered":"https:\/\/brandss.com.py\/index\/?post_type=product&#038;p=56889"},"modified":"2024-08-29T15:16:11","modified_gmt":"2024-08-29T15:16:11","slug":"calzado-deportivo-femenino-new-balance-220-series","status":"publish","type":"product","link":"https:\/\/brandss.com.py\/index\/producto\/calzado-deportivo-femenino-new-balance-220-series\/","title":{"rendered":"CALZADO DEPORTIVO FEMENINO NEW BALANCE 220 SERIES"},"content":{"rendered":"<p><img loading=\"lazy\" decoding=\"async\" class=\"\" src=\"https:\/\/cdn.freebiesupply.com\/logos\/large\/2x\/new-balance-2-logo-black-and-white.png\" alt=\"New Balance Logo PNG Transparent &amp; SVG Vector - Freebie Supply\" width=\"82\" height=\"82\" \/><\/p>\n<h1>220 SERIES<\/h1>\n<p><span>Los calzados New Balance W WL220TD son una gran opci\u00f3n para las mujeres que valoran la combinaci\u00f3n de estilo y comodidad. Estos calzados cl\u00e1sicos, inspirados en los modelos de running de los a\u00f1os setenta, destacan no solo por su elegante color negro, sino tambi\u00e9n por su confecci\u00f3n de m\u00e1xima calidad. La parte superior est\u00e1 hecha de piel de ante natural y materiales sint\u00e9ticos, lo que hace que los calzados no solo sean duraderas sino tambi\u00e9n eficaces.<\/span><\/p>\n<p><span>El modelo WL220TD ofrece una comodidad excepcional gracias a la entresuela de EVA, que amortigua perfectamente la pisada. La suela de goma garantiza tracci\u00f3n y estabilidad en diversas superficies. Tanto si vas a pasear por la ciudad, a hacer compras o a reunirte con amigos, estos calzados bajos ser\u00e1n el complemento perfecto para cualquier estilo casual.<\/span><\/p>\n<p><span>Los zapatos tienen una punta redonda y un cierre con cordones, lo que permite ajustarlos f\u00e1cilmente al pie. Adem\u00e1s, el forro interior de material textil proporciona comodidad durante un uso prolongado. Con un peso de solo 0,6 kg y una altura de tac\u00f3n de 2,0 cm, son extremadamente ligeros y c\u00f3modos.<\/span><\/p>\n<p><span>Pide los calzados New Balance W WL220TD y disfruta no solo de un look moderno, sino tambi\u00e9n de una comodidad excepcional que har\u00e1 de cada salida un placer.<\/span><\/p>\n<div class=\"E3MinNeQVe\"><span>Calzado deportivo cl\u00e1sico inspirado en los calzados de correr de los a\u00f1os 70. El modelo est\u00e1 fabricado en piel serraje de primera calidad y materiales sint\u00e9ticos.<\/span><\/div>\n<div><\/div>\n<div><strong>Detalles:<\/strong><\/div>\n<ul>\n<li><strong><span>Marca\u00a0<\/span><span>:\u00a0<\/span><\/strong><span>New Balance.<\/span><\/li>\n<li><strong><span>Modelo\u00a0<\/span><span>:<\/span><\/strong>\u00a0<span>WL220TD.<\/span><\/li>\n<li><strong><span>G\u00e9nero<\/span><span>:<\/span><\/strong>\u00a0<span>Femenino.<\/span><\/li>\n<li><strong><span>Color\u00a0<\/span><span>:<\/span><\/strong>\u00a0<span>Negro\/ Blanco\/ Arena.<\/span><\/li>\n<\/ul>\n","protected":false},"excerpt":{"rendered":"<p>220 SERIES Los calzados New Balance W WL220TD son una gran opci\u00f3n para las mujeres que valoran la combinaci\u00f3n de<\/p>\n","protected":false},"featured_media":56890,"comment_status":"open","ping_status":"closed","template":"","meta":{"nf_dc_page":""},"product_brand":[],"product_cat":[73],"product_tag":[],"class_list":{"0":"post-56889","1":"product","2":"type-product","3":"status-publish","4":"has-post-thumbnail","6":"product_cat-femenino","8":"first","9":"instock","10":"shipping-taxable","11":"purchasable","12":"product-type-simple"},"_links":{"self":[{"href":"https:\/\/brandss.com.py\/index\/wp-json\/wp\/v2\/product\/56889","targetHints":{"allow":["GET"]}}],"collection":[{"href":"https:\/\/brandss.com.py\/index\/wp-json\/wp\/v2\/product"}],"about":[{"href":"https:\/\/brandss.com.py\/index\/wp-json\/wp\/v2\/types\/product"}],"replies":[{"embeddable":true,"href":"https:\/\/brandss.com.py\/index\/wp-json\/wp\/v2\/comments?post=56889"}],"version-history":[{"count":1,"href":"https:\/\/brandss.com.py\/index\/wp-json\/wp\/v2\/product\/56889\/revisions"}],"predecessor-version":[{"id":56896,"href":"https:\/\/brandss.com.py\/index\/wp-json\/wp\/v2\/product\/56889\/revisions\/56896"}],"wp:featuredmedia":[{"embeddable":true,"href":"https:\/\/brandss.com.py\/index\/wp-json\/wp\/v2\/media\/56890"}],"wp:attachment":[{"href":"https:\/\/brandss.com.py\/index\/wp-json\/wp\/v2\/media?parent=56889"}],"wp:term":[{"taxonomy":"product_brand","embeddable":true,"href":"https:\/\/brandss.com.py\/index\/wp-json\/wp\/v2\/product_brand?post=56889"},{"taxonomy":"product_cat","embeddable":true,"href":"https:\/\/brandss.com.py\/index\/wp-json\/wp\/v2\/product_cat?post=56889"},{"taxonomy":"product_tag","embeddable":true,"href":"https:\/\/brandss.com.py\/index\/wp-json\/wp\/v2\/product_tag?post=56889"}],"curies":[{"name":"wp","href":"https:\/\/api.w.org\/{rel}","templated":true}]}}