{"id":56897,"date":"2024-08-29T15:36:04","date_gmt":"2024-08-29T15:36:04","guid":{"rendered":"https:\/\/brandss.com.py\/index\/?post_type=product&#038;p=56897"},"modified":"2024-08-29T15:37:25","modified_gmt":"2024-08-29T15:37:25","slug":"calzado-deportivo-femenino-new-balance-574","status":"publish","type":"product","link":"https:\/\/brandss.com.py\/index\/producto\/calzado-deportivo-femenino-new-balance-574\/","title":{"rendered":"CALZADO DEPORTIVO FEMENINO NEW BALANCE 574"},"content":{"rendered":"<p><img loading=\"lazy\" decoding=\"async\" class=\"\" src=\"https:\/\/cdn.freebiesupply.com\/logos\/large\/2x\/new-balance-2-logo-black-and-white.png\" alt=\"New Balance Logo PNG Transparent &amp; SVG Vector - Freebie Supply\" width=\"74\" height=\"74\" \/><\/p>\n<h1>574<\/h1>\n<p>El New Balance 574 es un cl\u00e1sico de todos los tiempos. Ofreciendo un aspecto elegante y al mismo tiempo f\u00e1cil de llevar, el modelo tiene un dise\u00f1o retro-moderno. El 574 cuenta con amortiguaci\u00f3n en la entresuela ENCAP para brindar una sensaci\u00f3n c\u00f3moda y soporte bajo los pies. La amortiguaci\u00f3n ligera de EVA en la entresuela aumenta el factor de comodidad, permiti\u00e9ndote usarla f\u00e1cilmente durante todo el d\u00eda. Tambi\u00e9n tiene una parte superior de gamuza y malla que te permite moverte c\u00f3modamente.<\/p>\n<h3>Caracter\u00edsticas:<\/h3>\n<div class=\"caracteristicas_body\">\n<ul>\n<li>Empeine de ante\/malla.<\/li>\n<li>Cierre de cordones.<\/li>\n<li>Mediasuela con amortiguaci\u00f3n\u00a0<em>Encap<\/em>, una espuma ligera con borde de poliuretano duradero para mayor sujeci\u00f3n.<\/li>\n<li>Mediasuela con espuma\u00a0<em>EVA\u00a0<\/em>en el tal\u00f3n para un plus de comodidad.<\/li>\n<li>Suela de caucho para mayor durabilidad.<\/li>\n<\/ul>\n<p><strong>Detalles:<\/strong><\/p>\n<p><strong>Marca:<\/strong> New Balance.<\/p>\n<p><strong>Modelo:<\/strong> XGC574HY1.<\/p>\n<p><strong>G\u00e9nero:<\/strong> Femenino.<\/p>\n<p><strong>Color:<\/strong> Negro\/Blanco\/ Rojo\/ Gris.<\/p>\n<\/div>\n","protected":false},"excerpt":{"rendered":"<p>574 El New Balance 574 es un cl\u00e1sico de todos los tiempos. Ofreciendo un aspecto elegante y al mismo tiempo<\/p>\n","protected":false},"featured_media":56898,"comment_status":"open","ping_status":"closed","template":"","meta":{"nf_dc_page":""},"product_brand":[],"product_cat":[73],"product_tag":[],"class_list":{"0":"post-56897","1":"product","2":"type-product","3":"status-publish","4":"has-post-thumbnail","6":"product_cat-femenino","8":"first","9":"instock","10":"shipping-taxable","11":"purchasable","12":"product-type-simple"},"_links":{"self":[{"href":"https:\/\/brandss.com.py\/index\/wp-json\/wp\/v2\/product\/56897","targetHints":{"allow":["GET"]}}],"collection":[{"href":"https:\/\/brandss.com.py\/index\/wp-json\/wp\/v2\/product"}],"about":[{"href":"https:\/\/brandss.com.py\/index\/wp-json\/wp\/v2\/types\/product"}],"replies":[{"embeddable":true,"href":"https:\/\/brandss.com.py\/index\/wp-json\/wp\/v2\/comments?post=56897"}],"version-history":[{"count":1,"href":"https:\/\/brandss.com.py\/index\/wp-json\/wp\/v2\/product\/56897\/revisions"}],"predecessor-version":[{"id":56903,"href":"https:\/\/brandss.com.py\/index\/wp-json\/wp\/v2\/product\/56897\/revisions\/56903"}],"wp:featuredmedia":[{"embeddable":true,"href":"https:\/\/brandss.com.py\/index\/wp-json\/wp\/v2\/media\/56898"}],"wp:attachment":[{"href":"https:\/\/brandss.com.py\/index\/wp-json\/wp\/v2\/media?parent=56897"}],"wp:term":[{"taxonomy":"product_brand","embeddable":true,"href":"https:\/\/brandss.com.py\/index\/wp-json\/wp\/v2\/product_brand?post=56897"},{"taxonomy":"product_cat","embeddable":true,"href":"https:\/\/brandss.com.py\/index\/wp-json\/wp\/v2\/product_cat?post=56897"},{"taxonomy":"product_tag","embeddable":true,"href":"https:\/\/brandss.com.py\/index\/wp-json\/wp\/v2\/product_tag?post=56897"}],"curies":[{"name":"wp","href":"https:\/\/api.w.org\/{rel}","templated":true}]}}