{"id":56904,"date":"2024-08-29T17:12:44","date_gmt":"2024-08-29T17:12:44","guid":{"rendered":"https:\/\/brandss.com.py\/index\/?post_type=product&#038;p=56904"},"modified":"2024-08-29T17:13:51","modified_gmt":"2024-08-29T17:13:51","slug":"calzado-deportivo-femenino-new-balance-577-v4-cush","status":"publish","type":"product","link":"https:\/\/brandss.com.py\/index\/producto\/calzado-deportivo-femenino-new-balance-577-v4-cush\/","title":{"rendered":"CALZADO DEPORTIVO FEMENINO NEW BALANCE 577 V4 CUSH+"},"content":{"rendered":"<p><img loading=\"lazy\" decoding=\"async\" class=\"\" src=\"https:\/\/cdn.freebiesupply.com\/logos\/large\/2x\/new-balance-2-logo-black-and-white.png\" alt=\"New Balance Logo PNG Transparent &amp; SVG Vector - Freebie Supply\" width=\"83\" height=\"83\" \/><\/p>\n<h1>577 V4 CUSH+<\/h1>\n<p>La comodidad para todos los d\u00edas est\u00e1 aqu\u00ed con estas zapatillas New Balance 577 v4 para mujer. Con un inserto superior con memoria de largo completo y CUSH+ para lo \u00faltimo en comodidad, estas zapatillas ideales te brindan confianza en movimiento en cualquier momento y en cualquier lugar.<\/p>\n<p><strong>CARACTER\u00cdSTICAS:<\/strong><\/p>\n<ul>\n<li><span>Amortiguaci\u00f3n c\u00f3moda Cush+<\/span><\/li>\n<li><span>Inserci\u00f3n superior con memoria de longitud completa<\/span><\/li>\n<li><span>Suela de goma para mayor durabilidad.<\/span><\/li>\n<\/ul>\n<p><strong>CONSTRUCCI\u00d3N DE CALZADO<\/strong><\/p>\n<ul>\n<li><span>Parte superior de cuero<\/span><\/li>\n<li><span>Forro de poli\u00e9ster<\/span><\/li>\n<li><span>Entresuela Cush+<\/span><\/li>\n<li><span>Suela de goma<\/span><\/li>\n<li><span>Punta redonda<\/span><\/li>\n<li><span>Cierre con cordones<\/span><\/li>\n<li><span>Plantilla de espuma viscoel\u00e1stica<\/span><\/li>\n<\/ul>\n<p>&nbsp;<\/p>\n<p><strong>Detalles:<\/strong><\/p>\n<p>&nbsp;<\/p>\n<p><strong>Marca:<\/strong> New Balance.<\/p>\n<p><strong>Modelo:<\/strong> WX577HBA.<\/p>\n<p><strong>G\u00e9nero:<\/strong> Femenino.<\/p>\n<p><strong>Color:<\/strong> Negro\/ Gris\/ Blanco.<\/p>\n","protected":false},"excerpt":{"rendered":"<p>577 V4 CUSH+ La comodidad para todos los d\u00edas est\u00e1 aqu\u00ed con estas zapatillas New Balance 577 v4 para mujer.<\/p>\n","protected":false},"featured_media":56905,"comment_status":"open","ping_status":"closed","template":"","meta":{"nf_dc_page":""},"product_brand":[],"product_cat":[73],"product_tag":[],"class_list":{"0":"post-56904","1":"product","2":"type-product","3":"status-publish","4":"has-post-thumbnail","6":"product_cat-femenino","8":"first","9":"instock","10":"shipping-taxable","11":"purchasable","12":"product-type-simple"},"_links":{"self":[{"href":"https:\/\/brandss.com.py\/index\/wp-json\/wp\/v2\/product\/56904","targetHints":{"allow":["GET"]}}],"collection":[{"href":"https:\/\/brandss.com.py\/index\/wp-json\/wp\/v2\/product"}],"about":[{"href":"https:\/\/brandss.com.py\/index\/wp-json\/wp\/v2\/types\/product"}],"replies":[{"embeddable":true,"href":"https:\/\/brandss.com.py\/index\/wp-json\/wp\/v2\/comments?post=56904"}],"version-history":[{"count":1,"href":"https:\/\/brandss.com.py\/index\/wp-json\/wp\/v2\/product\/56904\/revisions"}],"predecessor-version":[{"id":56910,"href":"https:\/\/brandss.com.py\/index\/wp-json\/wp\/v2\/product\/56904\/revisions\/56910"}],"wp:featuredmedia":[{"embeddable":true,"href":"https:\/\/brandss.com.py\/index\/wp-json\/wp\/v2\/media\/56905"}],"wp:attachment":[{"href":"https:\/\/brandss.com.py\/index\/wp-json\/wp\/v2\/media?parent=56904"}],"wp:term":[{"taxonomy":"product_brand","embeddable":true,"href":"https:\/\/brandss.com.py\/index\/wp-json\/wp\/v2\/product_brand?post=56904"},{"taxonomy":"product_cat","embeddable":true,"href":"https:\/\/brandss.com.py\/index\/wp-json\/wp\/v2\/product_cat?post=56904"},{"taxonomy":"product_tag","embeddable":true,"href":"https:\/\/brandss.com.py\/index\/wp-json\/wp\/v2\/product_tag?post=56904"}],"curies":[{"name":"wp","href":"https:\/\/api.w.org\/{rel}","templated":true}]}}