{"id":56911,"date":"2024-08-29T18:20:26","date_gmt":"2024-08-29T18:20:26","guid":{"rendered":"https:\/\/brandss.com.py\/index\/?post_type=product&#038;p=56911"},"modified":"2024-08-29T18:24:49","modified_gmt":"2024-08-29T18:24:49","slug":"calzado-deportivo-femenino-new-balance-dynasoft-beaya-slipon-v2","status":"publish","type":"product","link":"https:\/\/brandss.com.py\/index\/producto\/calzado-deportivo-femenino-new-balance-dynasoft-beaya-slipon-v2\/","title":{"rendered":"CALZADO DEPORTIVO FEMENINO NEW BALANCE DYNASOFT BEAYA SLIPON V2"},"content":{"rendered":"<p><img loading=\"lazy\" decoding=\"async\" class=\"\" src=\"https:\/\/cdn.freebiesupply.com\/logos\/large\/2x\/new-balance-2-logo-black-and-white.png\" alt=\"New Balance Logo PNG Transparent &amp; SVG Vector - Freebie Supply\" width=\"99\" height=\"99\" \/><\/p>\n<h1>DYNASOFT BEAYA SLIPON V2.<\/h1>\n<p><span>Opte por un estilo divertido y llamativo con nuestras DynaSoft Beaya Slip On. Este vers\u00e1til calzado deportivo para mujer cuenta con una entresuela DynaSoft para brindar comodidad y soporte y una suela exterior de goma liviana con un tratamiento \u00fanico para un estilo visual adicional. Las bandas el\u00e1sticas en la parte superior de tela colorida le permiten ponerse o quitarse estas zapatillas casuales de manera r\u00e1pida y f\u00e1cil sin cordones ni cierres complicados que la ralenticen.<\/span><\/p>\n<p>&nbsp;<\/p>\n<p><strong>Detalles:<\/strong><\/p>\n<p>&nbsp;<\/p>\n<p><strong>Marca:<\/strong> New Balance.<\/p>\n<p><strong>Modelo:<\/strong> WSBEYCP2.<\/p>\n<p><strong>G\u00e9nero:<\/strong> Femenino.<\/p>\n<p><strong>Color:<\/strong> Rosa\/ Blanco\/ Lima.<\/p>\n","protected":false},"excerpt":{"rendered":"<p>DYNASOFT BEAYA SLIPON V2. Opte por un estilo divertido y llamativo con nuestras DynaSoft Beaya Slip On. Este vers\u00e1til calzado<\/p>\n","protected":false},"featured_media":56912,"comment_status":"open","ping_status":"closed","template":"","meta":{"nf_dc_page":""},"product_brand":[],"product_cat":[73],"product_tag":[],"class_list":{"0":"post-56911","1":"product","2":"type-product","3":"status-publish","4":"has-post-thumbnail","6":"product_cat-femenino","8":"first","9":"instock","10":"shipping-taxable","11":"purchasable","12":"product-type-simple"},"_links":{"self":[{"href":"https:\/\/brandss.com.py\/index\/wp-json\/wp\/v2\/product\/56911","targetHints":{"allow":["GET"]}}],"collection":[{"href":"https:\/\/brandss.com.py\/index\/wp-json\/wp\/v2\/product"}],"about":[{"href":"https:\/\/brandss.com.py\/index\/wp-json\/wp\/v2\/types\/product"}],"replies":[{"embeddable":true,"href":"https:\/\/brandss.com.py\/index\/wp-json\/wp\/v2\/comments?post=56911"}],"version-history":[{"count":1,"href":"https:\/\/brandss.com.py\/index\/wp-json\/wp\/v2\/product\/56911\/revisions"}],"predecessor-version":[{"id":56918,"href":"https:\/\/brandss.com.py\/index\/wp-json\/wp\/v2\/product\/56911\/revisions\/56918"}],"wp:featuredmedia":[{"embeddable":true,"href":"https:\/\/brandss.com.py\/index\/wp-json\/wp\/v2\/media\/56912"}],"wp:attachment":[{"href":"https:\/\/brandss.com.py\/index\/wp-json\/wp\/v2\/media?parent=56911"}],"wp:term":[{"taxonomy":"product_brand","embeddable":true,"href":"https:\/\/brandss.com.py\/index\/wp-json\/wp\/v2\/product_brand?post=56911"},{"taxonomy":"product_cat","embeddable":true,"href":"https:\/\/brandss.com.py\/index\/wp-json\/wp\/v2\/product_cat?post=56911"},{"taxonomy":"product_tag","embeddable":true,"href":"https:\/\/brandss.com.py\/index\/wp-json\/wp\/v2\/product_tag?post=56911"}],"curies":[{"name":"wp","href":"https:\/\/api.w.org\/{rel}","templated":true}]}}