{"id":56919,"date":"2024-08-29T18:54:03","date_gmt":"2024-08-29T18:54:03","guid":{"rendered":"https:\/\/brandss.com.py\/index\/?post_type=product&#038;p=56919"},"modified":"2024-08-29T18:55:39","modified_gmt":"2024-08-29T18:55:39","slug":"calzado-deportivo-femenino-new-balance-1540v3","status":"publish","type":"product","link":"https:\/\/brandss.com.py\/index\/producto\/calzado-deportivo-femenino-new-balance-1540v3\/","title":{"rendered":"CALZADO DEPORTIVO FEMENINO NEW BALANCE 1540V3"},"content":{"rendered":"<p><img loading=\"lazy\" decoding=\"async\" class=\"\" src=\"https:\/\/cdn.freebiesupply.com\/logos\/large\/2x\/new-balance-2-logo-black-and-white.png\" alt=\"New Balance Logo PNG Transparent &amp; SVG Vector - Freebie Supply\" width=\"95\" height=\"95\" \/><\/p>\n<h1>1540V3<\/h1>\n<div id=\"primary\" class=\"content-area\"><main id=\"main\" class=\"site-main\" role=\"main\"><\/p>\n<div id=\"single-product-container\" class=\"store-container\">\n<div class=\"container\">\n<div class=\"row\">\n<div id=\"product-119388\" class=\"product type-product post-119388 status-publish first instock product_cat-womens-shoes product_cat-new-balance-womens-shoes product_cat-running-new-balance-womens-shoes product_tag-1540v3 product_tag-diabetic product_tag-w1540sp3 product_tag-womens-lace-up product_tag-womens-1540v3 has-post-thumbnail taxable shipping-taxable purchasable product-type-variable\">\n<div class=\"col-md-12\">\n<div class=\"woocommerce-tabs wc-tabs-wrapper\">\n<div id=\"tab-description\" class=\"woocommerce-Tabs-panel woocommerce-Tabs-panel--description panel entry-content wc-tab\" role=\"tabpanel\" aria-labelledby=\"tab-title-description\">\n<p>La New Balance 1540v3 est\u00e1 equipada con tecnolog\u00eda que ayuda a brindar estabilidad kil\u00f3metro tras kil\u00f3metro y a combatir la sobrepronaci\u00f3n. Est\u00e1 hecha con dos capas de espuma de alto rendimiento que ofrece un soporte superior y un rebote suave. Dise\u00f1ada con una tecnolog\u00eda de entresuela ENCAP y Rollbar, esta zapatilla para correr ofrece control del movimiento de la parte trasera del pie para carreras de 5 km y m\u00e1s. Fabricada en EE. UU. durante m\u00e1s de 75 a\u00f1os y representando una porci\u00f3n limitada de las ventas en EE. UU., New Balance Made es una colecci\u00f3n premium que contiene un valor nacional del 70 % o m\u00e1s. El modelo W1540SP3 de New Balance para mujer\u00a0ha sido redise\u00f1ado para ofrecer un aspecto m\u00e1s estilizado sin sacrificar el soporte, la estabilidad y el ajuste espacioso. El modelo 1540 tiene el mayor soporte de arco de cualquier zapatilla para correr fabricada por New Balance y est\u00e1 disponible en anchos tan estrechos como AA y tan anchos como 4E. La clave del soporte es la suela exterior ancha, reforzada por la barra antivuelco completa con postes mediales y laterales. La horma SL2 espaciosa tiene una puntera alta y un empeine de corte generoso. La entresuela Encap con una base completa de Abzorb amortigua y absorbe los impactos y es muy flexible en la parte anterior del pie. La parte superior es de cuero sint\u00e9tico y malla con cuello y leng\u00fceta acolchados. Plantilla acolchada extra\u00edble y suela exterior de goma de larga duraci\u00f3n.<\/p>\n<h3>Caracter\u00edsticas<\/h3>\n<ul>\n<li>318 gramos (11,2 oz)<\/li>\n<li>Ca\u00edda de 10 mm<\/li>\n<li>Tecnolog\u00eda de entresuela ENCAP\u00ae<\/li>\n<li>ROLLBAR\u00ae con postes de TPU medial y lateral para un control de movimiento m\u00e1ximo<\/li>\n<li>Parte superior sint\u00e9tica\/malla<\/li>\n<\/ul>\n<h3>Cuidado<\/h3>\n<ul>\n<li>Utilice un cepillo de cerdas suaves (un cepillo de dientes viejo funciona bien) y un detergente suave (ya sea para lavavajillas o para ropa).<\/li>\n<li>Aseg\u00farese de utilizar un detergente libre de colorantes para evitar manchas.<\/li>\n<li>Recomendamos realizar una prueba puntual con el detergente para garantizar que no se produzcan manchas.<\/li>\n<li>Frote los zapatos con el cepillo y use un pa\u00f1o h\u00famedo para limpiarlos.<\/li>\n<li>Deje que los zapatos se sequen completamente al aire durante 24 horas.<\/li>\n<li>NO se recomienda poner los zapatos en un ciclo de lavado, ya que algunos materiales del calzado no deben exponerse al calor ni sumergirse en agua.<\/li>\n<\/ul>\n<p>&nbsp;<\/p>\n<p><strong>Detalles:<\/strong><\/p>\n<p>&nbsp;<\/p>\n<\/div>\n<p><strong>Marca:<\/strong> New Balance.<\/p>\n<p><strong>Modelo:<\/strong> W1540SP3.<\/p>\n<p><strong>G\u00e9nero:<\/strong> Femenino.<\/p>\n<p><strong>Color:<\/strong> Plata\/ Polaris\/ Blanco.<\/p>\n<\/div>\n<\/div>\n<\/div>\n<\/div>\n<\/div>\n<\/div>\n<p><\/main><\/div>\n","protected":false},"excerpt":{"rendered":"<p>1540V3 La New Balance 1540v3 est\u00e1 equipada con tecnolog\u00eda que ayuda a brindar estabilidad kil\u00f3metro tras kil\u00f3metro y a combatir<\/p>\n","protected":false},"featured_media":56920,"comment_status":"open","ping_status":"closed","template":"","meta":{"nf_dc_page":""},"product_brand":[],"product_cat":[73],"product_tag":[],"class_list":{"0":"post-56919","1":"product","2":"type-product","3":"status-publish","4":"has-post-thumbnail","6":"product_cat-femenino","8":"first","9":"instock","10":"shipping-taxable","11":"purchasable","12":"product-type-simple"},"_links":{"self":[{"href":"https:\/\/brandss.com.py\/index\/wp-json\/wp\/v2\/product\/56919","targetHints":{"allow":["GET"]}}],"collection":[{"href":"https:\/\/brandss.com.py\/index\/wp-json\/wp\/v2\/product"}],"about":[{"href":"https:\/\/brandss.com.py\/index\/wp-json\/wp\/v2\/types\/product"}],"replies":[{"embeddable":true,"href":"https:\/\/brandss.com.py\/index\/wp-json\/wp\/v2\/comments?post=56919"}],"version-history":[{"count":1,"href":"https:\/\/brandss.com.py\/index\/wp-json\/wp\/v2\/product\/56919\/revisions"}],"predecessor-version":[{"id":56926,"href":"https:\/\/brandss.com.py\/index\/wp-json\/wp\/v2\/product\/56919\/revisions\/56926"}],"wp:featuredmedia":[{"embeddable":true,"href":"https:\/\/brandss.com.py\/index\/wp-json\/wp\/v2\/media\/56920"}],"wp:attachment":[{"href":"https:\/\/brandss.com.py\/index\/wp-json\/wp\/v2\/media?parent=56919"}],"wp:term":[{"taxonomy":"product_brand","embeddable":true,"href":"https:\/\/brandss.com.py\/index\/wp-json\/wp\/v2\/product_brand?post=56919"},{"taxonomy":"product_cat","embeddable":true,"href":"https:\/\/brandss.com.py\/index\/wp-json\/wp\/v2\/product_cat?post=56919"},{"taxonomy":"product_tag","embeddable":true,"href":"https:\/\/brandss.com.py\/index\/wp-json\/wp\/v2\/product_tag?post=56919"}],"curies":[{"name":"wp","href":"https:\/\/api.w.org\/{rel}","templated":true}]}}