{"id":56927,"date":"2024-08-29T19:20:30","date_gmt":"2024-08-29T19:20:30","guid":{"rendered":"https:\/\/brandss.com.py\/index\/?post_type=product&#038;p=56927"},"modified":"2024-08-29T19:21:34","modified_gmt":"2024-08-29T19:21:34","slug":"calzado-deportivo-femenino-new-balance-fresh-foam-x-880-v12","status":"publish","type":"product","link":"https:\/\/brandss.com.py\/index\/producto\/calzado-deportivo-femenino-new-balance-fresh-foam-x-880-v12\/","title":{"rendered":"CALZADO DEPORTIVO FEMENINO NEW BALANCE FRESH FOAM X 880 V12"},"content":{"rendered":"<p><img loading=\"lazy\" decoding=\"async\" class=\"\" src=\"https:\/\/cdn.freebiesupply.com\/logos\/large\/2x\/new-balance-2-logo-black-and-white.png\" alt=\"New Balance Logo PNG Transparent &amp; SVG Vector - Freebie Supply\" width=\"85\" height=\"85\" \/><\/p>\n<h1>FRESH FOAM X 880 V12<\/h1>\n<p><span>El\u00a0 <\/span>calzado New Balance Fresh Foam X 880 V12<span>\u00a0\u00a0para\u00a0\u00a0<\/span>mujer\u00a0\u00a0es la compa\u00f1era ideal para tus sesiones\u00a0\u00a0de running\u00a0\u00a0por carreteras y senderos. Tan c\u00f3moda como siempre, es adecuada tanto para entrenamientos cortos como\u00a0 para salidas\u00a0de larga distancia. <span>Compuesta por una primera capa de espuma amortiguadora, la entresuela\u00a0\u00a0<\/span>absorbe los impactos\u00a0\u00a0en cada impacto con el suelo.\u00a0\u00a0Espuma\u00a0\u00a0fresca<\/p>\n<p><span>La parte superior sin costuras permite un\u00a0\u00a0<\/span>ajuste\u00a0\u00a0personalizado\u00a0 mientras que la malla t\u00e9cnica permite una\u00a0transpirabilidad\u00a0\u00f3ptima \u00a0. El cuello tiene una geometr\u00eda ergon\u00f3mica para una mejor\u00a0\u00a0protecci\u00f3n \u00a0del tal\u00f3n de Aquiles y una sujeci\u00f3n agradable a lo largo de los kil\u00f3metros.\u00a0<span>La suela de goma es duradera y resistente a la abrasi\u00f3n y garantiza\u00a0\u00a0<\/span>un agarre<span>\u00a0perfecto \u00a0durante tus sesiones de carrera.<\/span><\/p>\n<p><strong>Caracter\u00edsticas:<\/strong><\/p>\n<ul>\n<li><strong><span>Entresuela de doble capa<\/span><\/strong><span>\u00a0\u00a0: amortiguaci\u00f3n, absorci\u00f3n de impactos, comodidad<\/span><\/li>\n<li><strong><span>Fresh Foam X<\/span><\/strong><span>\u00a0\u00a0: retorno de energ\u00eda, flexibilidad y rebote<\/span><\/li>\n<li><strong><span>Parte superior sin costuras<\/span><\/strong><span>\u00a0\u00a0: comodidad y ajuste<\/span><\/li>\n<li><strong><span>Malla t\u00e9cnica<\/span><\/strong><span>\u00a0\u00a0: transpirabilidad.<\/span><\/li>\n<li><strong><span>Tal\u00f3n y cuello acolchados y ergon\u00f3micos<\/span><\/strong><span>\u00a0\u00a0: sujeci\u00f3n y comodidad<\/span><\/li>\n<li><strong><span>Protecci\u00f3n del tal\u00f3n de Aquiles<\/span><\/strong><\/li>\n<li><strong><span>Copa del tal\u00f3n<\/span><\/strong><span>\u00a0\u00a0: estabilidad<\/span><\/li>\n<li><strong><span>Detalles reflectantes<\/span><\/strong><span>\u00a0\u00a0: visibilidad<\/span><\/li>\n<li><strong><span>Suela de goma<\/span><\/strong><span>\u00a0\u00a0: durabilidad y agarre<\/span><\/li>\n<li><strong><span>Plantilla extra\u00edble<\/span><\/strong><\/li>\n<li><strong><span>Ancho B<\/span><\/strong><span>\u00a0\u00a0: est\u00e1ndar<\/span><\/li>\n<li><strong><span>Ca\u00edda<\/span><\/strong><span>\u00a0\u00a0: 10 mm<\/span><\/li>\n<li><strong><span>Peso observado en i-Run<\/span><\/strong><span>\u00a0\u00a0: 257 g en talla 40<\/span><\/li>\n<li><strong><span>Colores<\/span><\/strong><span>\u00a0\u00a0: verde claro, azul cielo y blanco<\/span><\/li>\n<\/ul>\n<p>&nbsp;<\/p>\n<p><strong>Detalles:<\/strong><\/p>\n<p>&nbsp;<\/p>\n<p><strong>Marca:<\/strong> New Balance.<\/p>\n<p><strong>Modelo:<\/strong> W880E12-B.<\/p>\n<p><strong>G\u00e9nero:<\/strong> Femenino.<\/p>\n<p><strong>Color:<\/strong> Verde vibrante\/ Blanco.<\/p>\n","protected":false},"excerpt":{"rendered":"<p>FRESH FOAM X 880 V12 El\u00a0 calzado New Balance Fresh Foam X 880 V12\u00a0\u00a0para\u00a0\u00a0mujer\u00a0\u00a0es la compa\u00f1era ideal para tus sesiones\u00a0\u00a0de<\/p>\n","protected":false},"featured_media":56928,"comment_status":"open","ping_status":"closed","template":"","meta":{"nf_dc_page":""},"product_brand":[],"product_cat":[73],"product_tag":[],"class_list":{"0":"post-56927","1":"product","2":"type-product","3":"status-publish","4":"has-post-thumbnail","6":"product_cat-femenino","8":"first","9":"instock","10":"shipping-taxable","11":"purchasable","12":"product-type-simple"},"_links":{"self":[{"href":"https:\/\/brandss.com.py\/index\/wp-json\/wp\/v2\/product\/56927","targetHints":{"allow":["GET"]}}],"collection":[{"href":"https:\/\/brandss.com.py\/index\/wp-json\/wp\/v2\/product"}],"about":[{"href":"https:\/\/brandss.com.py\/index\/wp-json\/wp\/v2\/types\/product"}],"replies":[{"embeddable":true,"href":"https:\/\/brandss.com.py\/index\/wp-json\/wp\/v2\/comments?post=56927"}],"version-history":[{"count":1,"href":"https:\/\/brandss.com.py\/index\/wp-json\/wp\/v2\/product\/56927\/revisions"}],"predecessor-version":[{"id":56939,"href":"https:\/\/brandss.com.py\/index\/wp-json\/wp\/v2\/product\/56927\/revisions\/56939"}],"wp:featuredmedia":[{"embeddable":true,"href":"https:\/\/brandss.com.py\/index\/wp-json\/wp\/v2\/media\/56928"}],"wp:attachment":[{"href":"https:\/\/brandss.com.py\/index\/wp-json\/wp\/v2\/media?parent=56927"}],"wp:term":[{"taxonomy":"product_brand","embeddable":true,"href":"https:\/\/brandss.com.py\/index\/wp-json\/wp\/v2\/product_brand?post=56927"},{"taxonomy":"product_cat","embeddable":true,"href":"https:\/\/brandss.com.py\/index\/wp-json\/wp\/v2\/product_cat?post=56927"},{"taxonomy":"product_tag","embeddable":true,"href":"https:\/\/brandss.com.py\/index\/wp-json\/wp\/v2\/product_tag?post=56927"}],"curies":[{"name":"wp","href":"https:\/\/api.w.org\/{rel}","templated":true}]}}