{"id":56940,"date":"2024-08-30T12:23:58","date_gmt":"2024-08-30T12:23:58","guid":{"rendered":"https:\/\/brandss.com.py\/index\/?post_type=product&#038;p=56940"},"modified":"2024-08-30T12:25:14","modified_gmt":"2024-08-30T12:25:14","slug":"calzado-deportivo-femenino-puma-better-foam-prowl-slip-on","status":"publish","type":"product","link":"https:\/\/brandss.com.py\/index\/producto\/calzado-deportivo-femenino-puma-better-foam-prowl-slip-on\/","title":{"rendered":"CALZADO DEPORTIVO FEMENINO PUMA BETTER FOAM PROWL SLIP ON"},"content":{"rendered":"<p><img loading=\"lazy\" decoding=\"async\" class=\"\" src=\"https:\/\/1000logos.net\/wp-content\/uploads\/2021\/04\/Puma-logo.png\" alt=\"PUMA Logo and symbol, meaning, history, PNG, brand\" width=\"90\" height=\"45\" \/><\/p>\n<h1>BETTER FOAM PROWL SLIP ON<\/h1>\n<p id=\"product-summary-v2\" class=\"trim-summary\"><span>Ligeras y flexibles, las Better Foam Prowl Slip On Wns son unas zapatillas estilizadas perfectas para movimientos r\u00e1pidos y \u00e1giles. La parte superior presenta una construcci\u00f3n sencilla, similar a un calcet\u00edn, que mejora la comodidad y la flexibilidad. Se dise\u00f1\u00f3 una nueva parte superior y se cre\u00f3 una nueva herramienta para continuar con esta franquicia. Parte de esta nueva franquicia es el componente sustentable en la herramienta de espuma. SOFTFOAM+ incorporado en la plantilla garantiza una comodidad integral para el pie.<\/span><\/p>\n<div class=\"attribute-group-v2\">\n<p class=\"attribute-group-title\"><strong>Material<\/strong><\/p>\n<div class=\"attribute-group-desc-table\">\n<div class=\"row\">\n<div class=\"attribute-table-col attribute-table-key\"><span>Material superior: <\/span><span>Malla<\/span><\/div>\n<\/div>\n<div class=\"row\">\n<div class=\"attribute-table-col attribute-table-key\"><span>Material de la suela: <\/span><span>Goma<\/span><\/div>\n<\/div>\n<\/div>\n<\/div>\n<div class=\"attribute-group-v2\">\n<p class=\"attribute-group-title\"><strong>Especificaciones generales<\/strong><\/p>\n<div class=\"attribute-group-desc-table\">\n<div class=\"row\">\n<div class=\"attribute-table-col attribute-table-key\"><span>Caracter\u00edstica 1: <\/span><span>Tecnolog\u00eda SoftFoam+.<\/span><\/div>\n<\/div>\n<div class=\"row\">\n<div class=\"attribute-table-col attribute-table-key\"><span>Nombre del producto de marca:<\/span><span> Better Foam Prowl Slip Wn.<\/span><\/div>\n<\/div>\n<div class=\"row\">\n<div class=\"attribute-table-col attribute-table-key\"><span>Caracter\u00edstica 6: <\/span><span>Marca denominativa PUMA en el lateral.<\/span><\/div>\n<\/div>\n<div><\/div>\n<div><strong>Detalles:<\/strong><\/div>\n<div><\/div>\n<div><strong>Marca:<\/strong> Puma.<\/div>\n<div><strong>Modelo:<\/strong> 376542-05.<\/div>\n<div><strong>G\u00e9nero:<\/strong> Femenino.<\/div>\n<div><strong>Color:<\/strong> Negro\/ Blanco\/ Azul claro.<\/div>\n<\/div>\n<\/div>\n","protected":false},"excerpt":{"rendered":"<p>BETTER FOAM PROWL SLIP ON Ligeras y flexibles, las Better Foam Prowl Slip On Wns son unas zapatillas estilizadas perfectas<\/p>\n","protected":false},"featured_media":56941,"comment_status":"open","ping_status":"closed","template":"","meta":{"nf_dc_page":""},"product_brand":[],"product_cat":[73],"product_tag":[],"class_list":{"0":"post-56940","1":"product","2":"type-product","3":"status-publish","4":"has-post-thumbnail","6":"product_cat-femenino","8":"first","9":"instock","10":"shipping-taxable","11":"purchasable","12":"product-type-simple"},"_links":{"self":[{"href":"https:\/\/brandss.com.py\/index\/wp-json\/wp\/v2\/product\/56940","targetHints":{"allow":["GET"]}}],"collection":[{"href":"https:\/\/brandss.com.py\/index\/wp-json\/wp\/v2\/product"}],"about":[{"href":"https:\/\/brandss.com.py\/index\/wp-json\/wp\/v2\/types\/product"}],"replies":[{"embeddable":true,"href":"https:\/\/brandss.com.py\/index\/wp-json\/wp\/v2\/comments?post=56940"}],"version-history":[{"count":1,"href":"https:\/\/brandss.com.py\/index\/wp-json\/wp\/v2\/product\/56940\/revisions"}],"predecessor-version":[{"id":56946,"href":"https:\/\/brandss.com.py\/index\/wp-json\/wp\/v2\/product\/56940\/revisions\/56946"}],"wp:featuredmedia":[{"embeddable":true,"href":"https:\/\/brandss.com.py\/index\/wp-json\/wp\/v2\/media\/56941"}],"wp:attachment":[{"href":"https:\/\/brandss.com.py\/index\/wp-json\/wp\/v2\/media?parent=56940"}],"wp:term":[{"taxonomy":"product_brand","embeddable":true,"href":"https:\/\/brandss.com.py\/index\/wp-json\/wp\/v2\/product_brand?post=56940"},{"taxonomy":"product_cat","embeddable":true,"href":"https:\/\/brandss.com.py\/index\/wp-json\/wp\/v2\/product_cat?post=56940"},{"taxonomy":"product_tag","embeddable":true,"href":"https:\/\/brandss.com.py\/index\/wp-json\/wp\/v2\/product_tag?post=56940"}],"curies":[{"name":"wp","href":"https:\/\/api.w.org\/{rel}","templated":true}]}}