{"id":56947,"date":"2024-08-30T13:17:02","date_gmt":"2024-08-30T13:17:02","guid":{"rendered":"https:\/\/brandss.com.py\/index\/?post_type=product&#038;p=56947"},"modified":"2024-08-30T13:17:55","modified_gmt":"2024-08-30T13:17:55","slug":"calzado-deportivo-femenino-puma-prowl-shine-slip-on","status":"publish","type":"product","link":"https:\/\/brandss.com.py\/index\/producto\/calzado-deportivo-femenino-puma-prowl-shine-slip-on\/","title":{"rendered":"CALZADO DEPORTIVO FEMENINO PUMA PROWL SHINE SLIP ON"},"content":{"rendered":"<p><img loading=\"lazy\" decoding=\"async\" class=\"\" src=\"https:\/\/1000logos.net\/wp-content\/uploads\/2021\/04\/Puma-logo.png\" alt=\"PUMA Logo and symbol, meaning, history, PNG, brand\" width=\"96\" height=\"48\" \/><\/p>\n<h1>PROWL SHINE SLIP ON<\/h1>\n<p>Mu\u00e9vete con velocidad y agilidad con las zapatillas de entrenamiento Prowl Slip-On Shine de Puma. Estas zapatillas ligeras y flexibles te brindar\u00e1n soporte en la pista o en el gimnasio gracias a la plantilla acolchada Softfoam+ de Puma y a la c\u00f3moda plantilla acolchada. La silueta de esta temporada se ve realzada por tonos oscuros intensos y un brillo met\u00e1lico llamativo, lo que le da un aspecto elegante y favorecedor. Ligero y flexible, el Prowl Slip On Wns es un entrenador estilizado perfecto para movimientos r\u00e1pidos y \u00e1giles. La parte superior cuenta con una construcci\u00f3n f\u00e1cil como calcet\u00edn que mejora la comodidad y la flexibilidad. SOFTFOAM+ incorporado en la plantilla, garantiza una historia hol\u00edstica y de comodidad de pie completo. Jugando con nuestro paquete de moto de categor\u00eda cruzada para mujer esta temporada, nos inspiramos en color e inspiraci\u00f3n met\u00e1lica para traer algunos colores frescos y tonos oscuros a esta silueta.<\/p>\n<h3 class=\"product-facts-title\">Caracter\u00edsticas:<\/h3>\n<ul class=\"a-unordered-list a-vertical a-spacing-small\">\n<li><span class=\"a-list-item a-size-base a-color-base\">Parte superior de malla<\/span><\/li>\n<\/ul>\n<ul class=\"a-unordered-list a-vertical a-spacing-small\">\n<li><span class=\"a-list-item a-size-base a-color-base\">Entrada sin cordones para poner y quitar f\u00e1cilmente<\/span><\/li>\n<\/ul>\n<ul class=\"a-unordered-list a-vertical a-spacing-small\">\n<li><span class=\"a-list-item a-size-base a-color-base\">Plantilla acolchada para mayor comodidad en movimiento<\/span><\/li>\n<\/ul>\n<ul class=\"a-unordered-list a-vertical a-spacing-small\">\n<li><span class=\"a-list-item a-size-base a-color-base\">Suela de goma<\/span><\/li>\n<\/ul>\n<p>&nbsp;<\/p>\n<p><strong>Detalles:<\/strong><\/p>\n<p>&nbsp;<\/p>\n<p><strong>Marca:<\/strong> Puma.<\/p>\n<p><strong>Modelo:<\/strong> <span class=\"uk-article-meta\">\u00a0195277-02<\/span><\/p>\n<p><strong>G\u00e9nero:<\/strong> Femenino.<\/p>\n<p><span class=\"uk-article-meta\"><strong>Color:<\/strong> Mauvewood\/ Rose Gold<\/span><\/p>\n","protected":false},"excerpt":{"rendered":"<p>PROWL SHINE SLIP ON Mu\u00e9vete con velocidad y agilidad con las zapatillas de entrenamiento Prowl Slip-On Shine de Puma. Estas<\/p>\n","protected":false},"featured_media":56948,"comment_status":"open","ping_status":"closed","template":"","meta":{"nf_dc_page":""},"product_brand":[],"product_cat":[73],"product_tag":[],"class_list":{"0":"post-56947","1":"product","2":"type-product","3":"status-publish","4":"has-post-thumbnail","6":"product_cat-femenino","8":"first","9":"instock","10":"shipping-taxable","11":"purchasable","12":"product-type-simple"},"_links":{"self":[{"href":"https:\/\/brandss.com.py\/index\/wp-json\/wp\/v2\/product\/56947","targetHints":{"allow":["GET"]}}],"collection":[{"href":"https:\/\/brandss.com.py\/index\/wp-json\/wp\/v2\/product"}],"about":[{"href":"https:\/\/brandss.com.py\/index\/wp-json\/wp\/v2\/types\/product"}],"replies":[{"embeddable":true,"href":"https:\/\/brandss.com.py\/index\/wp-json\/wp\/v2\/comments?post=56947"}],"version-history":[{"count":1,"href":"https:\/\/brandss.com.py\/index\/wp-json\/wp\/v2\/product\/56947\/revisions"}],"predecessor-version":[{"id":56954,"href":"https:\/\/brandss.com.py\/index\/wp-json\/wp\/v2\/product\/56947\/revisions\/56954"}],"wp:featuredmedia":[{"embeddable":true,"href":"https:\/\/brandss.com.py\/index\/wp-json\/wp\/v2\/media\/56948"}],"wp:attachment":[{"href":"https:\/\/brandss.com.py\/index\/wp-json\/wp\/v2\/media?parent=56947"}],"wp:term":[{"taxonomy":"product_brand","embeddable":true,"href":"https:\/\/brandss.com.py\/index\/wp-json\/wp\/v2\/product_brand?post=56947"},{"taxonomy":"product_cat","embeddable":true,"href":"https:\/\/brandss.com.py\/index\/wp-json\/wp\/v2\/product_cat?post=56947"},{"taxonomy":"product_tag","embeddable":true,"href":"https:\/\/brandss.com.py\/index\/wp-json\/wp\/v2\/product_tag?post=56947"}],"curies":[{"name":"wp","href":"https:\/\/api.w.org\/{rel}","templated":true}]}}