{"id":56971,"date":"2024-08-30T15:10:45","date_gmt":"2024-08-30T15:10:45","guid":{"rendered":"https:\/\/brandss.com.py\/index\/?post_type=product&#038;p=56971"},"modified":"2024-08-30T15:11:54","modified_gmt":"2024-08-30T15:11:54","slug":"calzado-deportivo-femenino-puma-softride-finesse","status":"publish","type":"product","link":"https:\/\/brandss.com.py\/index\/producto\/calzado-deportivo-femenino-puma-softride-finesse\/","title":{"rendered":"CALZADO DEPORTIVO FEMENINO PUMA SOFTRIDE FINESSE"},"content":{"rendered":"<p><img loading=\"lazy\" decoding=\"async\" class=\"\" src=\"https:\/\/1000logos.net\/wp-content\/uploads\/2021\/04\/Puma-logo.png\" alt=\"PUMA Logo and symbol, meaning, history, PNG, brand\" width=\"113\" height=\"56\" \/><\/p>\n<h1>SOFTRIDE FINESSE.<\/h1>\n<p>Para los corredores que prefieren no comprometer el estilo de las zapatillas, la delicadeza softride sigue siendo resistente sin dejar de estar a la moda. Con una parte superior transpirable, toneladas de textura, amortiguaci\u00f3n extrema para comodidad durante todo el d\u00eda, una suela exterior de goma dividida en zonas para mejorar la tracci\u00f3n, la marca puma audaz y una silueta deportiva, estos geniales calzados te ayudar\u00e1n a llegar lejos.<\/p>\n<h3>Caracter\u00edsticas Y Beneficios<\/h3>\n<ul>\n<li style=\"list-style-type: none\">\n<ul>\n<li>Espuma suave: La plantilla c\u00f3moda de puma para un calce instant\u00e1neo y una comodidad duradera que proporciona una amortiguaci\u00f3n suave en cada paso del d\u00eda<\/li>\n<\/ul>\n<\/li>\n<li style=\"list-style-type: none\">\n<ul>\n<li>Cierre de cordones para un ajuste ce\u00f1ido.<\/li>\n<li>Entresuela de espuma suave para una amortiguaci\u00f3n extrema y comodidad durante todo el d\u00eda.<\/li>\n<li>Goma dividida en zonas suela para mayor tracci\u00f3n.<\/li>\n<li>Insignia de puma en la leng\u00fceta y el tal\u00f3n.<\/li>\n<li>Logotipo del felino de puma en el lateral de la puntera.<\/li>\n<\/ul>\n<\/li>\n<\/ul>\n<p>&nbsp;<\/p>\n<p><strong>Detalles:<\/strong><\/p>\n<p>&nbsp;<\/p>\n<p><strong>Marca:<\/strong> Puma.<\/p>\n<p><strong>Modelo:<\/strong> 376038-13.<\/p>\n<p><strong>Modelo:<\/strong> Femenino.<\/p>\n<p><strong>Color:<\/strong> Harbour Mist\/ Lime Squeeze.<\/p>\n","protected":false},"excerpt":{"rendered":"<p>SOFTRIDE FINESSE. Para los corredores que prefieren no comprometer el estilo de las zapatillas, la delicadeza softride sigue siendo resistente<\/p>\n","protected":false},"featured_media":56972,"comment_status":"open","ping_status":"closed","template":"","meta":{"nf_dc_page":""},"product_brand":[],"product_cat":[73],"product_tag":[],"class_list":{"0":"post-56971","1":"product","2":"type-product","3":"status-publish","4":"has-post-thumbnail","6":"product_cat-femenino","8":"first","9":"instock","10":"shipping-taxable","11":"purchasable","12":"product-type-simple"},"_links":{"self":[{"href":"https:\/\/brandss.com.py\/index\/wp-json\/wp\/v2\/product\/56971","targetHints":{"allow":["GET"]}}],"collection":[{"href":"https:\/\/brandss.com.py\/index\/wp-json\/wp\/v2\/product"}],"about":[{"href":"https:\/\/brandss.com.py\/index\/wp-json\/wp\/v2\/types\/product"}],"replies":[{"embeddable":true,"href":"https:\/\/brandss.com.py\/index\/wp-json\/wp\/v2\/comments?post=56971"}],"version-history":[{"count":1,"href":"https:\/\/brandss.com.py\/index\/wp-json\/wp\/v2\/product\/56971\/revisions"}],"predecessor-version":[{"id":56977,"href":"https:\/\/brandss.com.py\/index\/wp-json\/wp\/v2\/product\/56971\/revisions\/56977"}],"wp:featuredmedia":[{"embeddable":true,"href":"https:\/\/brandss.com.py\/index\/wp-json\/wp\/v2\/media\/56972"}],"wp:attachment":[{"href":"https:\/\/brandss.com.py\/index\/wp-json\/wp\/v2\/media?parent=56971"}],"wp:term":[{"taxonomy":"product_brand","embeddable":true,"href":"https:\/\/brandss.com.py\/index\/wp-json\/wp\/v2\/product_brand?post=56971"},{"taxonomy":"product_cat","embeddable":true,"href":"https:\/\/brandss.com.py\/index\/wp-json\/wp\/v2\/product_cat?post=56971"},{"taxonomy":"product_tag","embeddable":true,"href":"https:\/\/brandss.com.py\/index\/wp-json\/wp\/v2\/product_tag?post=56971"}],"curies":[{"name":"wp","href":"https:\/\/api.w.org\/{rel}","templated":true}]}}