{"id":56978,"date":"2024-08-30T15:49:29","date_gmt":"2024-08-30T15:49:29","guid":{"rendered":"https:\/\/brandss.com.py\/index\/?post_type=product&#038;p=56978"},"modified":"2024-08-30T17:22:43","modified_gmt":"2024-08-30T17:22:43","slug":"calzado-deportivo-femenino-puma-better-foam-prowl-slip-knit","status":"publish","type":"product","link":"https:\/\/brandss.com.py\/index\/producto\/calzado-deportivo-femenino-puma-better-foam-prowl-slip-knit\/","title":{"rendered":"CALZADO DEPORTIVO FEMENINO PUMA BETTER FOAM PROWL SLIP KNIT"},"content":{"rendered":"<p><img loading=\"lazy\" decoding=\"async\" class=\"\" src=\"https:\/\/1000logos.net\/wp-content\/uploads\/2021\/04\/Puma-logo.png\" alt=\"PUMA Logo and symbol, meaning, history, PNG, brand\" width=\"102\" height=\"51\" \/><\/p>\n<h1>BETTER FOAM PROWL SLIP KNIT.<\/h1>\n<p>Ligera y flexible, la mejor espuma Prowl Slip On es un entrenador estilizado perfecto para movimientos r\u00e1pidos y \u00e1giles. La parte superior cuenta con una construcci\u00f3n f\u00e1cil como calcet\u00edn que mejora la comodidad y la flexibilidad. SOFTFOAM+ incorporado en la plantilla, garantiza una historia hol\u00edstica y de comodidad de pie completo.<\/p>\n<h3 class=\"product-facts-title\">Caracter\u00edsticas:<\/h3>\n<ul class=\"a-unordered-list a-vertical a-spacing-small\">\n<li><span class=\"a-list-item a-size-base a-color-base\">Entrenador estilizado ligero y flexible perfecto para movimientos r\u00e1pidos y \u00e1giles.<\/span><\/li>\n<\/ul>\n<ul class=\"a-unordered-list a-vertical a-spacing-small\">\n<li><span class=\"a-list-item a-size-base a-color-base\">La parte superior cuenta con una construcci\u00f3n f\u00e1cil como calcet\u00edn que mejora la comodidad y la flexibilidad.<\/span><\/li>\n<\/ul>\n<ul class=\"a-unordered-list a-vertical a-spacing-small\">\n<li><span class=\"a-list-item a-size-base a-color-base\">Soffoam+ incorporada en la plantilla, garantiza una historia hol\u00edstica y completa de comodidad para los pies.<\/span><\/li>\n<\/ul>\n<p>&nbsp;<\/p>\n<p><strong>Detalles:<\/strong><\/p>\n<p>&nbsp;<\/p>\n<p><strong>Marca:<\/strong> Puma.<\/p>\n<p><strong>Modelo:<\/strong> 378178-01.<\/p>\n<p><strong>G\u00e9nero:<\/strong> Femenino.<\/p>\n<p><strong>Color:<\/strong> Castlerock\/ Gray Violet\/ White.<\/p>\n","protected":false},"excerpt":{"rendered":"<p>BETTER FOAM PROWL SLIP KNIT. Ligera y flexible, la mejor espuma Prowl Slip On es un entrenador estilizado perfecto para<\/p>\n","protected":false},"featured_media":56979,"comment_status":"open","ping_status":"closed","template":"","meta":{"nf_dc_page":""},"product_brand":[],"product_cat":[73],"product_tag":[],"class_list":{"0":"post-56978","1":"product","2":"type-product","3":"status-publish","4":"has-post-thumbnail","6":"product_cat-femenino","8":"first","9":"instock","10":"shipping-taxable","11":"purchasable","12":"product-type-simple"},"_links":{"self":[{"href":"https:\/\/brandss.com.py\/index\/wp-json\/wp\/v2\/product\/56978","targetHints":{"allow":["GET"]}}],"collection":[{"href":"https:\/\/brandss.com.py\/index\/wp-json\/wp\/v2\/product"}],"about":[{"href":"https:\/\/brandss.com.py\/index\/wp-json\/wp\/v2\/types\/product"}],"replies":[{"embeddable":true,"href":"https:\/\/brandss.com.py\/index\/wp-json\/wp\/v2\/comments?post=56978"}],"version-history":[{"count":1,"href":"https:\/\/brandss.com.py\/index\/wp-json\/wp\/v2\/product\/56978\/revisions"}],"predecessor-version":[{"id":56984,"href":"https:\/\/brandss.com.py\/index\/wp-json\/wp\/v2\/product\/56978\/revisions\/56984"}],"wp:featuredmedia":[{"embeddable":true,"href":"https:\/\/brandss.com.py\/index\/wp-json\/wp\/v2\/media\/56979"}],"wp:attachment":[{"href":"https:\/\/brandss.com.py\/index\/wp-json\/wp\/v2\/media?parent=56978"}],"wp:term":[{"taxonomy":"product_brand","embeddable":true,"href":"https:\/\/brandss.com.py\/index\/wp-json\/wp\/v2\/product_brand?post=56978"},{"taxonomy":"product_cat","embeddable":true,"href":"https:\/\/brandss.com.py\/index\/wp-json\/wp\/v2\/product_cat?post=56978"},{"taxonomy":"product_tag","embeddable":true,"href":"https:\/\/brandss.com.py\/index\/wp-json\/wp\/v2\/product_tag?post=56978"}],"curies":[{"name":"wp","href":"https:\/\/api.w.org\/{rel}","templated":true}]}}