{"id":57010,"date":"2024-08-31T11:21:20","date_gmt":"2024-08-31T11:21:20","guid":{"rendered":"https:\/\/brandss.com.py\/index\/?post_type=product&#038;p=57010"},"modified":"2024-08-31T11:38:11","modified_gmt":"2024-08-31T11:38:11","slug":"calzado-deportivo-femenino-puma-softride-sophia-swirly","status":"publish","type":"product","link":"https:\/\/brandss.com.py\/index\/producto\/calzado-deportivo-femenino-puma-softride-sophia-swirly\/","title":{"rendered":"CALZADO DEPORTIVO FEMENINO PUMA SOFTRIDE SOPHIA SWIRLY"},"content":{"rendered":"<p><img loading=\"lazy\" decoding=\"async\" class=\"\" src=\"https:\/\/1000logos.net\/wp-content\/uploads\/2021\/04\/Puma-logo.png\" alt=\"PUMA Logo and symbol, meaning, history, PNG, brand\" width=\"98\" height=\"49\" \/><\/p>\n<h1>SOFTRIDE SOPHIA SWIRLY<\/h1>\n<p class=\"product-description\">Haz que tus pies se vean fabulosos con los calzados Puma Soft Sophia. Fascinantes estampados de remolino resaltan la parte superior de esta zapatilla con cordones que est\u00e1 mejorada con un FIT + para un bloqueo superior del mediopi\u00e9 que se engancha en los cordones y abraza esos peque\u00f1os pies para un excelente soporte.<\/p>\n<p><strong>Caracter\u00edticas:<\/strong><\/p>\n<ul class=\"product-description-bullet-points\">\n<li>100 % sint\u00e9tico.<\/li>\n<li>Suela de goma sint\u00e9tica<\/li>\n<li>A\u00f1ade un poco de color divertido.<\/li>\n<li>Parte superior sint\u00e9tica y textil.<\/li>\n<li>Forro y plantilla textiles.<\/li>\n<li>Puntera redonda.<\/li>\n<li>Cierre con cordones.<\/li>\n<li>Importado.<\/li>\n<\/ul>\n<p><strong>Detalles:<\/strong><\/p>\n<p><strong>Marca:<\/strong> Puma.<\/p>\n<p><strong>Modelo:<\/strong> 376863-01.<\/p>\n<p><strong>G\u00e9nero:<\/strong> Femenino.<\/p>\n<p><strong>Color:<\/strong> White Island Paradise Pink Glimmer.<\/p>\n","protected":false},"excerpt":{"rendered":"<p>SOFTRIDE SOPHIA SWIRLY Haz que tus pies se vean fabulosos con los calzados Puma Soft Sophia. Fascinantes estampados de remolino<\/p>\n","protected":false},"featured_media":57011,"comment_status":"open","ping_status":"closed","template":"","meta":{"nf_dc_page":""},"product_brand":[],"product_cat":[73],"product_tag":[],"class_list":{"0":"post-57010","1":"product","2":"type-product","3":"status-publish","4":"has-post-thumbnail","6":"product_cat-femenino","8":"first","9":"instock","10":"shipping-taxable","11":"purchasable","12":"product-type-simple"},"_links":{"self":[{"href":"https:\/\/brandss.com.py\/index\/wp-json\/wp\/v2\/product\/57010","targetHints":{"allow":["GET"]}}],"collection":[{"href":"https:\/\/brandss.com.py\/index\/wp-json\/wp\/v2\/product"}],"about":[{"href":"https:\/\/brandss.com.py\/index\/wp-json\/wp\/v2\/types\/product"}],"replies":[{"embeddable":true,"href":"https:\/\/brandss.com.py\/index\/wp-json\/wp\/v2\/comments?post=57010"}],"version-history":[{"count":1,"href":"https:\/\/brandss.com.py\/index\/wp-json\/wp\/v2\/product\/57010\/revisions"}],"predecessor-version":[{"id":57018,"href":"https:\/\/brandss.com.py\/index\/wp-json\/wp\/v2\/product\/57010\/revisions\/57018"}],"wp:featuredmedia":[{"embeddable":true,"href":"https:\/\/brandss.com.py\/index\/wp-json\/wp\/v2\/media\/57011"}],"wp:attachment":[{"href":"https:\/\/brandss.com.py\/index\/wp-json\/wp\/v2\/media?parent=57010"}],"wp:term":[{"taxonomy":"product_brand","embeddable":true,"href":"https:\/\/brandss.com.py\/index\/wp-json\/wp\/v2\/product_brand?post=57010"},{"taxonomy":"product_cat","embeddable":true,"href":"https:\/\/brandss.com.py\/index\/wp-json\/wp\/v2\/product_cat?post=57010"},{"taxonomy":"product_tag","embeddable":true,"href":"https:\/\/brandss.com.py\/index\/wp-json\/wp\/v2\/product_tag?post=57010"}],"curies":[{"name":"wp","href":"https:\/\/api.w.org\/{rel}","templated":true}]}}