{"id":57019,"date":"2024-08-31T12:20:55","date_gmt":"2024-08-31T12:20:55","guid":{"rendered":"https:\/\/brandss.com.py\/index\/?post_type=product&#038;p=57019"},"modified":"2024-08-31T12:22:00","modified_gmt":"2024-08-31T12:22:00","slug":"calzado-deportivo-femenino-puma-smash-platform-v2","status":"publish","type":"product","link":"https:\/\/brandss.com.py\/index\/producto\/calzado-deportivo-femenino-puma-smash-platform-v2\/","title":{"rendered":"CALZADO DEPORTIVO FEMENINO PUMA SMASH PLATFORM V2"},"content":{"rendered":"<p><img loading=\"lazy\" decoding=\"async\" class=\"\" src=\"https:\/\/1000logos.net\/wp-content\/uploads\/2021\/04\/Puma-logo.png\" alt=\"PUMA Logo and symbol, meaning, history, PNG, brand\" width=\"124\" height=\"62\" \/><\/p>\n<h1>SMASH PLATFORM V2.<\/h1>\n<p><span>Los calzados Puma Smash Platform V2 son la elecci\u00f3n perfecta para las mujeres que valoran una combinaci\u00f3n de comodidad y estilo moderno. Dise\u00f1adas pensando en el estilo de vida, estos calzados deportivos bajos se destacan por su elegante color blanco y su cl\u00e1sica punta redonda, lo que las convierte en una gran combinaci\u00f3n para muchos estilos casuales.<\/span><\/p>\n<p><span>Fabricadas en piel ecol\u00f3gica de alta calidad, relajan las piernas y aportan comodidad. La suela sint\u00e9tica garantiza un buen agarre y durabilidad, y la plantilla de tela aumenta adem\u00e1s la comodidad durante las actividades diarias. El cierre con cordones permite ajustar f\u00e1cilmente los calzados a las necesidades individuales del usuario.<\/span><\/p>\n<p><span>Los calzados Puma Smash Platform V2 se distinguen por una plataforma de 3,0 cm de altura, que aporta una sutil elevaci\u00f3n sin sobrecargar los pies. El logotipo de Puma en la parte superior enfatiza el car\u00e1cter deportivo del modelo, que se adapta perfectamente a las tendencias de moda.<\/span><\/p>\n<p><span>Estos calzadoss ligeros, que pesan tan solo 0,6 kg, son una gran opci\u00f3n tanto para las salidas cotidianas como para los d\u00edas m\u00e1s activos. Su dise\u00f1o universal hace que queden bien con vaqueros, pantalones cortos e incluso vestidos vaporosos. Al elegir las Puma Smash Platform V2, est\u00e1s invirtiendo en una combinaci\u00f3n de comodidad, estilo y calidad.<\/span><\/p>\n<div class=\"col-span-full\">\n<div>\n<p><span>Mejora tu estilo con los calzados PUMA Smash Platform v2 L para mujer. Estos calzados de plataforma de moda son la combinaci\u00f3n perfecta de moda y funcionalidad, y te brindan la altura que deseas sin comprometer la comodidad. Las PUMA Smash Platform v2 L presentan un dise\u00f1o elegante y moderno, lo que las convierte en la pieza destacada definitiva para cualquier atuendo. Sal con confianza sabiendo que estos calzados no solo son elegantes, sino que tambi\u00e9n brindan el soporte y la amortiguaci\u00f3n que necesitas para usarlas durante todo el d\u00eda. Lleva tu estilo a nuevas alturas con los calzados PUMA Smash Platform v2 L.<\/span><\/p>\n<\/div>\n<\/div>\n<div>\n<h3><span>Caracter\u00edsticas:<\/span><\/h3>\n<ul>\n<li><span>Perfil de bota bajo.<\/span><\/li>\n<li><span>Parte superior sint\u00e9tica.<\/span><\/li>\n<li><span>Suela de goma en forma de diamante.<\/span><\/li>\n<li><span>Cierre de encaje.<\/span><\/li>\n<li><span>Logotipo PUMA n.\u00ba 1 en la leng\u00fceta.<\/span><\/li>\n<li><span>Logotipo PUMA n.\u00ba 2 en el lateral.<\/span><\/li>\n<li><span>Franja caracter\u00edstica de PUMA en el lateral.<\/span><\/li>\n<li><span>Marca denominativa PUMA en el lateral del tal\u00f3n.<\/span><\/li>\n<\/ul>\n<\/div>\n<div>\n<h3 class=\"capitalize\"><span>Informaci\u00f3n del material<\/span><\/h3>\n<ul>\n<li><span>Plantilla: 100 % textil.<\/span><\/li>\n<li><span>Suela: 100% caucho.<\/span><\/li>\n<li><span>Parte superior: 70,18 % cuero, 29,82 % sint\u00e9tico.<\/span><\/li>\n<li><span>Forro: 100% textil.<\/span><\/li>\n<\/ul>\n<p>&nbsp;<\/p>\n<p><strong>Detalles:<\/strong><\/p>\n<p>&nbsp;<\/p>\n<p><strong>Marca:<\/strong> Puma.<\/p>\n<p><strong>Modelo:<\/strong> 373035-01.<\/p>\n<p><strong>G\u00e9nero:<\/strong> Femenino.<\/p>\n<p><strong>Color:<\/strong> Blanco.<\/p>\n<\/div>\n","protected":false},"excerpt":{"rendered":"<p>SMASH PLATFORM V2. Los calzados Puma Smash Platform V2 son la elecci\u00f3n perfecta para las mujeres que valoran una combinaci\u00f3n<\/p>\n","protected":false},"featured_media":57020,"comment_status":"open","ping_status":"closed","template":"","meta":{"nf_dc_page":""},"product_brand":[],"product_cat":[73],"product_tag":[],"class_list":{"0":"post-57019","1":"product","2":"type-product","3":"status-publish","4":"has-post-thumbnail","6":"product_cat-femenino","8":"first","9":"instock","10":"shipping-taxable","11":"purchasable","12":"product-type-simple"},"_links":{"self":[{"href":"https:\/\/brandss.com.py\/index\/wp-json\/wp\/v2\/product\/57019","targetHints":{"allow":["GET"]}}],"collection":[{"href":"https:\/\/brandss.com.py\/index\/wp-json\/wp\/v2\/product"}],"about":[{"href":"https:\/\/brandss.com.py\/index\/wp-json\/wp\/v2\/types\/product"}],"replies":[{"embeddable":true,"href":"https:\/\/brandss.com.py\/index\/wp-json\/wp\/v2\/comments?post=57019"}],"version-history":[{"count":1,"href":"https:\/\/brandss.com.py\/index\/wp-json\/wp\/v2\/product\/57019\/revisions"}],"predecessor-version":[{"id":57030,"href":"https:\/\/brandss.com.py\/index\/wp-json\/wp\/v2\/product\/57019\/revisions\/57030"}],"wp:featuredmedia":[{"embeddable":true,"href":"https:\/\/brandss.com.py\/index\/wp-json\/wp\/v2\/media\/57020"}],"wp:attachment":[{"href":"https:\/\/brandss.com.py\/index\/wp-json\/wp\/v2\/media?parent=57019"}],"wp:term":[{"taxonomy":"product_brand","embeddable":true,"href":"https:\/\/brandss.com.py\/index\/wp-json\/wp\/v2\/product_brand?post=57019"},{"taxonomy":"product_cat","embeddable":true,"href":"https:\/\/brandss.com.py\/index\/wp-json\/wp\/v2\/product_cat?post=57019"},{"taxonomy":"product_tag","embeddable":true,"href":"https:\/\/brandss.com.py\/index\/wp-json\/wp\/v2\/product_tag?post=57019"}],"curies":[{"name":"wp","href":"https:\/\/api.w.org\/{rel}","templated":true}]}}