{"id":57031,"date":"2024-08-31T13:55:33","date_gmt":"2024-08-31T13:55:33","guid":{"rendered":"https:\/\/brandss.com.py\/index\/?post_type=product&#038;p=57031"},"modified":"2024-08-31T13:56:56","modified_gmt":"2024-08-31T13:56:56","slug":"calzado-deportivo-femenino-puma-softride-sophia-slip-on-leopard","status":"publish","type":"product","link":"https:\/\/brandss.com.py\/index\/producto\/calzado-deportivo-femenino-puma-softride-sophia-slip-on-leopard\/","title":{"rendered":"CALZADO DEPORTIVO FEMENINO PUMA SOFTRIDE SOPHIA SLIP-ON LEOPARD"},"content":{"rendered":"<p><img loading=\"lazy\" decoding=\"async\" class=\"\" src=\"https:\/\/1000logos.net\/wp-content\/uploads\/2021\/04\/Puma-logo.png\" alt=\"PUMA Logo and symbol, meaning, history, PNG, brand\" width=\"114\" height=\"57\" \/><\/p>\n<h1>SOFTRIDE SOPHIA SLIP-ON LEOPARD.<\/h1>\n<p>Estamos entusiasmados por ampliar nuestra plataforma Softride esta temporada con un nuevo punto de vista para mujeres: presentamos Softride Sophia Slip On. Este estilo utiliza nuestra espuma EVA suave y c\u00f3moda y la plantilla Softfoam+, lo que garantiza una comodidad total. La parte superior presenta una construcci\u00f3n sin cordones y muestra nuestra marca Cat audaz que sabemos que atrae a los consumidores. Las herramientas est\u00e1n apiladas a un nivel de miniplataforma que le da un verdadero punto de vista de moda femenina, sin sacrificar la comodidad. La suela exterior est\u00e1 dise\u00f1ada teniendo en cuenta los movimientos de entrenamiento ligeros con las vainas de suela exterior de goma por zonas.<\/p>\n<h3 class=\"product-facts-title\"><span>Caracter\u00edsticas:<\/span><\/h3>\n<ul class=\"a-unordered-list a-vertical a-spacing-small\">\n<li><span class=\"a-list-item a-size-base a-color-base\"><span>Construcci\u00f3n Slip On para una comodidad f\u00e1cil y ponible.<\/span><\/span><\/li>\n<\/ul>\n<ul class=\"a-unordered-list a-vertical a-spacing-small\">\n<li><span class=\"a-list-item a-size-base a-color-base\"><span>La espuma m\u00e1s suave de PUMA ofrece una amortiguaci\u00f3n extrema y comodidad durante todo el d\u00eda. Plataforma apilada con un estilo moderno y una entresuela moldeada con detalles.<\/span><\/span><\/li>\n<\/ul>\n<ul class=\"a-unordered-list a-vertical a-spacing-small\">\n<li><span class=\"a-list-item a-size-base a-color-base\"><span>Goma dividida en zonas en el tal\u00f3n y la punta para una mayor tracci\u00f3n en la suela durante el entrenamiento.<\/span><\/span><\/li>\n<\/ul>\n<p>&nbsp;<\/p>\n<p><strong>Detalles:<\/strong><\/p>\n<p><strong>Marca:<\/strong> Puma.<\/p>\n<p><strong>Modelo:<\/strong> 376711-01.<\/p>\n<p><strong>G\u00e9nero:<\/strong> Femenino.<\/p>\n<p><strong>Color:<\/strong> Multicolor.<\/p>\n","protected":false},"excerpt":{"rendered":"<p>SOFTRIDE SOPHIA SLIP-ON LEOPARD. Estamos entusiasmados por ampliar nuestra plataforma Softride esta temporada con un nuevo punto de vista para<\/p>\n","protected":false},"featured_media":57032,"comment_status":"open","ping_status":"closed","template":"","meta":{"nf_dc_page":""},"product_brand":[],"product_cat":[73],"product_tag":[],"class_list":{"0":"post-57031","1":"product","2":"type-product","3":"status-publish","4":"has-post-thumbnail","6":"product_cat-femenino","8":"first","9":"instock","10":"shipping-taxable","11":"purchasable","12":"product-type-simple"},"_links":{"self":[{"href":"https:\/\/brandss.com.py\/index\/wp-json\/wp\/v2\/product\/57031","targetHints":{"allow":["GET"]}}],"collection":[{"href":"https:\/\/brandss.com.py\/index\/wp-json\/wp\/v2\/product"}],"about":[{"href":"https:\/\/brandss.com.py\/index\/wp-json\/wp\/v2\/types\/product"}],"replies":[{"embeddable":true,"href":"https:\/\/brandss.com.py\/index\/wp-json\/wp\/v2\/comments?post=57031"}],"version-history":[{"count":1,"href":"https:\/\/brandss.com.py\/index\/wp-json\/wp\/v2\/product\/57031\/revisions"}],"predecessor-version":[{"id":57039,"href":"https:\/\/brandss.com.py\/index\/wp-json\/wp\/v2\/product\/57031\/revisions\/57039"}],"wp:featuredmedia":[{"embeddable":true,"href":"https:\/\/brandss.com.py\/index\/wp-json\/wp\/v2\/media\/57032"}],"wp:attachment":[{"href":"https:\/\/brandss.com.py\/index\/wp-json\/wp\/v2\/media?parent=57031"}],"wp:term":[{"taxonomy":"product_brand","embeddable":true,"href":"https:\/\/brandss.com.py\/index\/wp-json\/wp\/v2\/product_brand?post=57031"},{"taxonomy":"product_cat","embeddable":true,"href":"https:\/\/brandss.com.py\/index\/wp-json\/wp\/v2\/product_cat?post=57031"},{"taxonomy":"product_tag","embeddable":true,"href":"https:\/\/brandss.com.py\/index\/wp-json\/wp\/v2\/product_tag?post=57031"}],"curies":[{"name":"wp","href":"https:\/\/api.w.org\/{rel}","templated":true}]}}