{"id":57040,"date":"2024-08-31T14:53:35","date_gmt":"2024-08-31T14:53:35","guid":{"rendered":"https:\/\/brandss.com.py\/index\/?post_type=product&#038;p=57040"},"modified":"2024-08-31T15:34:37","modified_gmt":"2024-08-31T15:34:37","slug":"calzado-deportivo-femenino-puma-carina-2-0-pop-up-metallics","status":"publish","type":"product","link":"https:\/\/brandss.com.py\/index\/producto\/calzado-deportivo-femenino-puma-carina-2-0-pop-up-metallics\/","title":{"rendered":"CALZADO DEPORTIVO FEMENINO PUMA CARINA 2.0 POP UP METALLICS"},"content":{"rendered":"<p><img loading=\"lazy\" decoding=\"async\" class=\"\" src=\"https:\/\/1000logos.net\/wp-content\/uploads\/2021\/04\/Puma-logo.png\" alt=\"PUMA Logo and symbol, meaning, history, PNG, brand\" width=\"110\" height=\"55\" \/><\/p>\n<h1>CARINA 2.0 POP UP METALLICS.<\/h1>\n<p><span>Este calzado inspirado en los a\u00f1os 80 ofrece un toque moderno con su construcci\u00f3n de cuero sint\u00e9tico, detalles met\u00e1licos y l\u00edneas verticales m\u00e1s anchas. El logotipo de PUMA en el tal\u00f3n agrega un toque de reconocimiento de marca al estilo relajado de un pueblo playero de California.<\/span><\/p>\n<div class=\"single-story-block\">\n<h3><span>CARACTER\u00cdSTICAS Y BENEFICIOS<\/span><\/h3>\n<ul>\n<li><span>SOFTFOAM+: Plantilla c\u00f3moda para pisar dise\u00f1ada para proporcionar una amortiguaci\u00f3n suave gracias a su tal\u00f3n extra grueso<\/span><\/li>\n<li><span>La parte superior de esta zapatilla est\u00e1 hecha con al menos un 20% de materiales reciclados y la parte inferior est\u00e1 hecha con al menos un 10% de materiales reciclados, como un paso hacia un futuro mejor.<\/span><\/li>\n<li><span>Parte superior sint\u00e9tica<\/span><\/li>\n<li><span>Suela de goma<\/span><\/li>\n<li><span>Franja caracter\u00edstica PUMA en los laterales<\/span><\/li>\n<li><span>Logotipo de PUMA Cat grabado en el tal\u00f3n<\/span><\/li>\n<\/ul>\n<\/div>\n<div class=\"single-story-block\"><\/div>\n<div class=\"single-story-block\">\n<h3 class=\"material-info-label\"><span>Informaci\u00f3n del material<\/span><\/h3>\n<ul class=\"material-info\">\n<li class=\"material-info-value\"><span>Plantilla: 100 % textil<\/span><\/li>\n<li class=\"material-info-value\"><span>Suela: 100% caucho<\/span><\/li>\n<li class=\"material-info-value\"><span>Parte superior: 96,98 % sint\u00e9tico, 3,02 % textil<\/span><\/li>\n<li class=\"material-info-value\"><span>Forro: 100% textil<\/span><\/li>\n<\/ul>\n<p>&nbsp;<\/p>\n<p><strong>Detalles:<\/strong><\/p>\n<p>&nbsp;<\/p>\n<p><strong>Marca:<\/strong> Puma.<\/p>\n<p><strong>Modelo:<\/strong> 393214-01.<\/p>\n<p><strong>G\u00e9nero:<\/strong> Femenino.<\/p>\n<p><strong>Color:<\/strong> Negro\/ Dorado\/ Blanco.<\/p>\n<\/div>\n","protected":false},"excerpt":{"rendered":"<p>CARINA 2.0 POP UP METALLICS. Este calzado inspirado en los a\u00f1os 80 ofrece un toque moderno con su construcci\u00f3n de<\/p>\n","protected":false},"featured_media":57041,"comment_status":"open","ping_status":"closed","template":"","meta":{"nf_dc_page":""},"product_brand":[],"product_cat":[73],"product_tag":[],"class_list":{"0":"post-57040","1":"product","2":"type-product","3":"status-publish","4":"has-post-thumbnail","6":"product_cat-femenino","8":"first","9":"instock","10":"shipping-taxable","11":"purchasable","12":"product-type-simple"},"_links":{"self":[{"href":"https:\/\/brandss.com.py\/index\/wp-json\/wp\/v2\/product\/57040","targetHints":{"allow":["GET"]}}],"collection":[{"href":"https:\/\/brandss.com.py\/index\/wp-json\/wp\/v2\/product"}],"about":[{"href":"https:\/\/brandss.com.py\/index\/wp-json\/wp\/v2\/types\/product"}],"replies":[{"embeddable":true,"href":"https:\/\/brandss.com.py\/index\/wp-json\/wp\/v2\/comments?post=57040"}],"version-history":[{"count":1,"href":"https:\/\/brandss.com.py\/index\/wp-json\/wp\/v2\/product\/57040\/revisions"}],"predecessor-version":[{"id":57051,"href":"https:\/\/brandss.com.py\/index\/wp-json\/wp\/v2\/product\/57040\/revisions\/57051"}],"wp:featuredmedia":[{"embeddable":true,"href":"https:\/\/brandss.com.py\/index\/wp-json\/wp\/v2\/media\/57041"}],"wp:attachment":[{"href":"https:\/\/brandss.com.py\/index\/wp-json\/wp\/v2\/media?parent=57040"}],"wp:term":[{"taxonomy":"product_brand","embeddable":true,"href":"https:\/\/brandss.com.py\/index\/wp-json\/wp\/v2\/product_brand?post=57040"},{"taxonomy":"product_cat","embeddable":true,"href":"https:\/\/brandss.com.py\/index\/wp-json\/wp\/v2\/product_cat?post=57040"},{"taxonomy":"product_tag","embeddable":true,"href":"https:\/\/brandss.com.py\/index\/wp-json\/wp\/v2\/product_tag?post=57040"}],"curies":[{"name":"wp","href":"https:\/\/api.w.org\/{rel}","templated":true}]}}