{"id":57052,"date":"2024-08-31T17:38:25","date_gmt":"2024-08-31T17:38:25","guid":{"rendered":"https:\/\/brandss.com.py\/index\/?post_type=product&#038;p=57052"},"modified":"2024-08-31T17:39:13","modified_gmt":"2024-08-31T17:39:13","slug":"calzado-deportivo-femenino-puma-roma-basic","status":"publish","type":"product","link":"https:\/\/brandss.com.py\/index\/producto\/calzado-deportivo-femenino-puma-roma-basic\/","title":{"rendered":"CALZADO DEPORTIVO FEMENINO PUMA ROMA BASIC"},"content":{"rendered":"<p><img loading=\"lazy\" decoding=\"async\" class=\"\" src=\"https:\/\/1000logos.net\/wp-content\/uploads\/2021\/04\/Puma-logo.png\" alt=\"PUMA Logo and symbol, meaning, history, PNG, brand\" width=\"90\" height=\"45\" \/><\/p>\n<h1>ROMA BASIC.<\/h1>\n<p><span>Presentando Roma. Uno de los modelos legendarios del archivo PUMA. La primera versi\u00f3n, lanzada por primera vez en 1968, fue dise\u00f1ada para el atletismo&#8230; y era buena para acumular medallas. Inspir\u00e1ndonos en esta herencia, reinventamos Roma, pero esta vez teniendo en mente el estilo urbano y la elegancia informal. Est\u00e1 listo para conseguir nuevas victorias con su leng\u00fceta acolchada, soporte especial para el arco, revestimiento exterior de cuero sint\u00e9tico y opciones de colores modernos. El estilo m\u00e1s cl\u00e1sico est\u00e1 listo para lucir en tus pies mientras llenan de una comodidad total cada una de tus aventuras, como lo hacen los tenis Roma Basic para joven de la marca Puma. Se presentan en una parte superior de cuero sint\u00e9tico que le da un estilo muy elegante, su forro interno se encarga de brindar una sensaci\u00f3n de comodidad superior. Cuenta con una mediasuela EVA que te ofrece una amortiguaci\u00f3n suave en cada paso. Su dise\u00f1o en blanco y rosa luce de manera genial.<\/span><\/p>\n<p><strong>Caracter\u00edsticas:<\/strong><\/p>\n<ul>\n<li><span>Material exterior de piel sint\u00e9tica.<\/span><\/li>\n<li><span>Dise\u00f1o de la zona de los dedos en forma de T<\/span><\/li>\n<li><span>Sistema de cordones para un ajuste perfecto<\/span><\/li>\n<li><span>La entresuela acolchada soporta el arco del pie para mayor comodidad y durabilidad.<\/span><\/li>\n<li><span>Suela de goma para un agarre superior<\/span><\/li>\n<li><span>Patr\u00f3n cl\u00e1sico de franja caracter\u00edstica de PUMA en los costados<\/span><\/li>\n<li><span>Etiqueta tejida con el logotipo de PUMA en la leng\u00fceta del zapato, logotipo de PUMA Roma en los costados y logotipo de PUMA Cat en el tal\u00f3n.<\/span><\/li>\n<\/ul>\n<p><strong>Detalles:<\/strong><\/p>\n<p><strong>Marca:<\/strong> Puma.<\/p>\n<p><strong>Modelo:<\/strong> 354259-22.<\/p>\n<p><strong>G\u00e9nero:<\/strong>Femenino.<\/p>\n<p><strong>Color:<\/strong> Blanco\/ Fucsia.<\/p>\n","protected":false},"excerpt":{"rendered":"<p>ROMA BASIC. Presentando Roma. Uno de los modelos legendarios del archivo PUMA. La primera versi\u00f3n, lanzada por primera vez en<\/p>\n","protected":false},"featured_media":57053,"comment_status":"open","ping_status":"closed","template":"","meta":{"nf_dc_page":""},"product_brand":[],"product_cat":[73],"product_tag":[],"class_list":{"0":"post-57052","1":"product","2":"type-product","3":"status-publish","4":"has-post-thumbnail","6":"product_cat-femenino","8":"first","9":"instock","10":"shipping-taxable","11":"purchasable","12":"product-type-simple"},"_links":{"self":[{"href":"https:\/\/brandss.com.py\/index\/wp-json\/wp\/v2\/product\/57052","targetHints":{"allow":["GET"]}}],"collection":[{"href":"https:\/\/brandss.com.py\/index\/wp-json\/wp\/v2\/product"}],"about":[{"href":"https:\/\/brandss.com.py\/index\/wp-json\/wp\/v2\/types\/product"}],"replies":[{"embeddable":true,"href":"https:\/\/brandss.com.py\/index\/wp-json\/wp\/v2\/comments?post=57052"}],"version-history":[{"count":1,"href":"https:\/\/brandss.com.py\/index\/wp-json\/wp\/v2\/product\/57052\/revisions"}],"predecessor-version":[{"id":57060,"href":"https:\/\/brandss.com.py\/index\/wp-json\/wp\/v2\/product\/57052\/revisions\/57060"}],"wp:featuredmedia":[{"embeddable":true,"href":"https:\/\/brandss.com.py\/index\/wp-json\/wp\/v2\/media\/57053"}],"wp:attachment":[{"href":"https:\/\/brandss.com.py\/index\/wp-json\/wp\/v2\/media?parent=57052"}],"wp:term":[{"taxonomy":"product_brand","embeddable":true,"href":"https:\/\/brandss.com.py\/index\/wp-json\/wp\/v2\/product_brand?post=57052"},{"taxonomy":"product_cat","embeddable":true,"href":"https:\/\/brandss.com.py\/index\/wp-json\/wp\/v2\/product_cat?post=57052"},{"taxonomy":"product_tag","embeddable":true,"href":"https:\/\/brandss.com.py\/index\/wp-json\/wp\/v2\/product_tag?post=57052"}],"curies":[{"name":"wp","href":"https:\/\/api.w.org\/{rel}","templated":true}]}}