{"id":57085,"date":"2024-09-02T11:33:08","date_gmt":"2024-09-02T11:33:08","guid":{"rendered":"https:\/\/brandss.com.py\/index\/?post_type=product&#038;p=57085"},"modified":"2024-09-02T11:33:58","modified_gmt":"2024-09-02T11:33:58","slug":"calzado-deportivo-femenino-puma-softride-sophia-stacked-premium","status":"publish","type":"product","link":"https:\/\/brandss.com.py\/index\/producto\/calzado-deportivo-femenino-puma-softride-sophia-stacked-premium\/","title":{"rendered":"CALZADO DEPORTIVO FEMENINO PUMA SOFTRIDE SOPHIA STACKED PREMIUM"},"content":{"rendered":"<p><img loading=\"lazy\" decoding=\"async\" class=\"\" src=\"https:\/\/1000logos.net\/wp-content\/uploads\/2021\/04\/Puma-logo.png\" alt=\"PUMA Logo and symbol, meaning, history, PNG, brand\" width=\"118\" height=\"59\" \/><\/p>\n<h1>SOFTRIDE SOPHIA STACKED PREMIUM.<\/h1>\n<p>&nbsp;<\/p>\n<p>Presentamos un tipo de calzado para correr con suela gruesa que proporciona un ajuste c\u00f3modo y confortable. Las PUMA Softride Sophia Stacked Premium son de un solo color, por lo que combinan con casi todo. Tambi\u00e9n son unos calzados c\u00f3modos, ya que no tendr\u00e1s que perder tiempo combin\u00e1ndolas ni tendr\u00e1s que at\u00e1rtelas, ya que son sin cordones. Adem\u00e1s, son bastante c\u00f3modas gracias a su plantilla acolchada y su ajuste ce\u00f1ido, pero no demasiado apretado. <span>La suela est\u00e1 equipada con entresuela SOFTRIDE, un material funcional altamente acolchado que es mucho m\u00e1s suave que el material EVA normal y crea una sensaci\u00f3n esponjosa.<\/span><br \/>\n<span>Mantenga sus pies ligeros mientras los protege. <\/span><span>Adem\u00e1s, SOFTFOAM+, que tiene altas propiedades de absorci\u00f3n de impactos, proporciona una sensaci\u00f3n suave y lujosa con propiedades amortiguadoras. <\/span><span>La parte superior transpirable te mantiene c\u00f3modo durante tu entrenamiento. <\/span><span>[Material] Fibra sint\u00e9tica + cuero artificial + resina sint\u00e9tica (poliuretano), resina sint\u00e9tica (resina EVA), suela de goma<\/span><\/p>\n<p><strong>Caracter\u00edsticas:<\/strong><\/p>\n<ul>\n<li><span>SoftFoam+: Plantilla con excelente amortiguaci\u00f3n y c\u00f3moda pisada *Es posible que SoftFoam+ no est\u00e9 indicado, pero no hay diferencia en la funcionalidad<\/span><\/li>\n<li><span>Entresuela Soft Ride proporciona la m\u00e1xima amortiguaci\u00f3n para comodidad durante todo el d\u00eda.<\/span><\/li>\n<li><span>Utiliza SoftFoam+ de PUMA.<\/span><\/li>\n<li><span>Sin cordones.<\/span><\/li>\n<li><span>Ajuste perfecto.<\/span><\/li>\n<li><span>Aspecto de plataforma apilada.<\/span><\/li>\n<li>Tejido: Parte superior \u2013 Tejido.<\/li>\n<li><span>Suela de goma.<\/span><\/li>\n<\/ul>\n<p>&nbsp;<\/p>\n<p><strong>Detalles:<\/strong><\/p>\n<p>&nbsp;<\/p>\n<p><strong>Marca:<\/strong> Puma.<\/p>\n<p><strong>Modelo:<\/strong> 378854-01.<\/p>\n<p><strong>G\u00e9nero:<\/strong> Femenino.<\/p>\n<p><strong>Color:<\/strong> Negro.<\/p>\n","protected":false},"excerpt":{"rendered":"<p>SOFTRIDE SOPHIA STACKED PREMIUM. &nbsp; Presentamos un tipo de calzado para correr con suela gruesa que proporciona un ajuste c\u00f3modo<\/p>\n","protected":false},"featured_media":57086,"comment_status":"open","ping_status":"closed","template":"","meta":{"nf_dc_page":""},"product_brand":[],"product_cat":[73],"product_tag":[],"class_list":{"0":"post-57085","1":"product","2":"type-product","3":"status-publish","4":"has-post-thumbnail","6":"product_cat-femenino","8":"first","9":"instock","10":"shipping-taxable","11":"purchasable","12":"product-type-simple"},"_links":{"self":[{"href":"https:\/\/brandss.com.py\/index\/wp-json\/wp\/v2\/product\/57085","targetHints":{"allow":["GET"]}}],"collection":[{"href":"https:\/\/brandss.com.py\/index\/wp-json\/wp\/v2\/product"}],"about":[{"href":"https:\/\/brandss.com.py\/index\/wp-json\/wp\/v2\/types\/product"}],"replies":[{"embeddable":true,"href":"https:\/\/brandss.com.py\/index\/wp-json\/wp\/v2\/comments?post=57085"}],"version-history":[{"count":1,"href":"https:\/\/brandss.com.py\/index\/wp-json\/wp\/v2\/product\/57085\/revisions"}],"predecessor-version":[{"id":57094,"href":"https:\/\/brandss.com.py\/index\/wp-json\/wp\/v2\/product\/57085\/revisions\/57094"}],"wp:featuredmedia":[{"embeddable":true,"href":"https:\/\/brandss.com.py\/index\/wp-json\/wp\/v2\/media\/57086"}],"wp:attachment":[{"href":"https:\/\/brandss.com.py\/index\/wp-json\/wp\/v2\/media?parent=57085"}],"wp:term":[{"taxonomy":"product_brand","embeddable":true,"href":"https:\/\/brandss.com.py\/index\/wp-json\/wp\/v2\/product_brand?post=57085"},{"taxonomy":"product_cat","embeddable":true,"href":"https:\/\/brandss.com.py\/index\/wp-json\/wp\/v2\/product_cat?post=57085"},{"taxonomy":"product_tag","embeddable":true,"href":"https:\/\/brandss.com.py\/index\/wp-json\/wp\/v2\/product_tag?post=57085"}],"curies":[{"name":"wp","href":"https:\/\/api.w.org\/{rel}","templated":true}]}}