{"id":57124,"date":"2024-09-02T13:34:11","date_gmt":"2024-09-02T13:34:11","guid":{"rendered":"https:\/\/brandss.com.py\/index\/?post_type=product&#038;p=57124"},"modified":"2024-09-02T13:35:10","modified_gmt":"2024-09-02T13:35:10","slug":"calzado-deportivo-femenino-puma-softride-sophia","status":"publish","type":"product","link":"https:\/\/brandss.com.py\/index\/producto\/calzado-deportivo-femenino-puma-softride-sophia\/","title":{"rendered":"CALZADO DEPORTIVO FEMENINO PUMA SOFTRIDE SOPHIA"},"content":{"rendered":"<p><img loading=\"lazy\" decoding=\"async\" class=\"\" src=\"https:\/\/1000logos.net\/wp-content\/uploads\/2021\/04\/Puma-logo.png\" alt=\"PUMA Logo and symbol, meaning, history, PNG, brand\" width=\"80\" height=\"40\" \/><\/p>\n<h1>SOFTRIDE SOPHIA.<\/h1>\n<div class=\"col-span-full\">\n<div>\n<p><span>Nos complace presentarles Softride Sophia, dise\u00f1ada para quienes aman marcar tendencia sin sacrificar la comodidad cuando entrenan. La entresuela Softride y la plantilla SoftFoam+ te mantendr\u00e1n ligero de pies, y la suela de goma dividida en zonas garantiza la tracci\u00f3n mientras realizas esos movimientos de entrenamiento ligeros. El estilo de miniplataforma apilada y la parte superior estilo bot\u00edn con la marca PUMA audaz te mantienen a la vanguardia del estilo de vanguardia.<\/span><\/p>\n<\/div>\n<\/div>\n<div>\n<p><strong>CARACTER\u00cdSTICAS Y BENEFICIOS<\/strong><\/p>\n<ul>\n<li>SoftFoam+: la plantilla c\u00f3moda de PUMA para una pisada instant\u00e1nea y una comodidad duradera que brinda una amortiguaci\u00f3n suave en cada paso del d\u00eda.<\/li>\n<li>Silueta de bota baja<\/li>\n<li>Parte superior estilo bot\u00edn con sistema de cordones sint\u00e9ticos.<\/li>\n<li>Plantilla SoftFoam+<\/li>\n<li>Entresuela Softride para una amortiguaci\u00f3n extrema y comodidad durante todo el d\u00eda.<\/li>\n<li>Suela con zonas de goma en el tal\u00f3n y la puntera para mayor tracci\u00f3n.<\/li>\n<li>Cierre de cordones para un ajuste perfecto.<\/li>\n<li>Herramientas de estilo plataforma apiladas y esculpidas con l\u00ednea superior pintable<\/li>\n<li>Logotipo de PUMA Cat en el panel lateral<\/li>\n<li>Marca denominativa PUMA en la leng\u00fceta<\/li>\n<\/ul>\n<p>&nbsp;<\/p>\n<p><strong>Detalles:<\/strong><\/p>\n<p>&nbsp;<\/p>\n<p><strong>Marca:<\/strong> Puma.<\/p>\n<p><strong>Modelo:<\/strong> <span>194355-01<\/span><\/p>\n<p><strong>G\u00e9nero:<\/strong> Femenino.<\/p>\n<p><strong>Color<\/strong><span><strong>:<\/strong>\u00a0<\/span><span>Puma Negro-Ignite Rosa-Puma Blanco<\/span><\/p>\n<\/div>\n<div><\/div>\n","protected":false},"excerpt":{"rendered":"<p>SOFTRIDE SOPHIA. Nos complace presentarles Softride Sophia, dise\u00f1ada para quienes aman marcar tendencia sin sacrificar la comodidad cuando entrenan. La<\/p>\n","protected":false},"featured_media":57125,"comment_status":"open","ping_status":"closed","template":"","meta":{"nf_dc_page":""},"product_brand":[],"product_cat":[73],"product_tag":[],"class_list":{"0":"post-57124","1":"product","2":"type-product","3":"status-publish","4":"has-post-thumbnail","6":"product_cat-femenino","8":"first","9":"instock","10":"shipping-taxable","11":"purchasable","12":"product-type-simple"},"_links":{"self":[{"href":"https:\/\/brandss.com.py\/index\/wp-json\/wp\/v2\/product\/57124","targetHints":{"allow":["GET"]}}],"collection":[{"href":"https:\/\/brandss.com.py\/index\/wp-json\/wp\/v2\/product"}],"about":[{"href":"https:\/\/brandss.com.py\/index\/wp-json\/wp\/v2\/types\/product"}],"replies":[{"embeddable":true,"href":"https:\/\/brandss.com.py\/index\/wp-json\/wp\/v2\/comments?post=57124"}],"version-history":[{"count":1,"href":"https:\/\/brandss.com.py\/index\/wp-json\/wp\/v2\/product\/57124\/revisions"}],"predecessor-version":[{"id":57133,"href":"https:\/\/brandss.com.py\/index\/wp-json\/wp\/v2\/product\/57124\/revisions\/57133"}],"wp:featuredmedia":[{"embeddable":true,"href":"https:\/\/brandss.com.py\/index\/wp-json\/wp\/v2\/media\/57125"}],"wp:attachment":[{"href":"https:\/\/brandss.com.py\/index\/wp-json\/wp\/v2\/media?parent=57124"}],"wp:term":[{"taxonomy":"product_brand","embeddable":true,"href":"https:\/\/brandss.com.py\/index\/wp-json\/wp\/v2\/product_brand?post=57124"},{"taxonomy":"product_cat","embeddable":true,"href":"https:\/\/brandss.com.py\/index\/wp-json\/wp\/v2\/product_cat?post=57124"},{"taxonomy":"product_tag","embeddable":true,"href":"https:\/\/brandss.com.py\/index\/wp-json\/wp\/v2\/product_tag?post=57124"}],"curies":[{"name":"wp","href":"https:\/\/api.w.org\/{rel}","templated":true}]}}