{"id":57135,"date":"2024-09-02T14:25:03","date_gmt":"2024-09-02T14:25:03","guid":{"rendered":"https:\/\/brandss.com.py\/index\/?post_type=product&#038;p=57135"},"modified":"2025-07-02T16:55:46","modified_gmt":"2025-07-02T16:55:46","slug":"calzado-deportivo-masculino-puma-doublecourt","status":"publish","type":"product","link":"https:\/\/brandss.com.py\/index\/producto\/calzado-deportivo-masculino-puma-doublecourt\/","title":{"rendered":"CALZADO DEPORTIVO MASCULINO PUMA DOUBLECOURT"},"content":{"rendered":"<p><img loading=\"lazy\" decoding=\"async\" class=\"\" src=\"https:\/\/1000logos.net\/wp-content\/uploads\/2021\/04\/Puma-logo.png\" alt=\"PUMA Logo and symbol, meaning, history, PNG, brand\" width=\"78\" height=\"39\" \/><\/p>\n<h1 class=\"product_title entry-title\"><b>DOUBLECOURT.<\/b><\/h1>\n<p>\u00bfPor qu\u00e9 sacrificar el estilo por la comodidad cuando tienes ambos en PUMA Doublecourt? Una versi\u00f3n moderna del legado de la cancha de PUMA, estas zapatillas llenan tus d\u00edas con energ\u00eda activa. Una mezcla de cuero y cuero sint\u00e9tico juega en la parte superior para brindar durabilidad y facilidad flexible de una sola vez. Impulsa tus zancadas con la amortiguaci\u00f3n explosiva de la entresuela IMEVA y alcanza tus objetivos de velocidad con facilidad. Sentado sobre una suela de goma con agarre, el PUMA Doublecourt es tu manera de hacer alarde de tu atletismo con estilo. Conoce PUMA Doublecourt, nuestra nueva versi\u00f3n del legado de la cancha de PUMA, con una forma moderna y detalles refinados que puedes ver en la mezcla de cuero en la parte superior.<\/p>\n<p>&nbsp;<\/p>\n<p><strong>Caracter\u00edsticas de PUMA Doublecourt:<\/strong><\/p>\n<ul>\n<li>Mezcla de piel y piel sint\u00e9tica en la parte superior.<\/li>\n<li>Cuarto y cuello sint\u00e9ticos.<\/li>\n<li>Superposiciones de cuero en la puntera y el tal\u00f3n<\/li>\n<li>Franja caracter\u00edstica y ojal sint\u00e9ticos<\/li>\n<li>Pala de piel con perforaciones.<\/li>\n<li>Etiqueta tejida en la leng\u00fceta con la marca PUMA.<\/li>\n<li>Marca Puma grabada y serigrafiada en el lateral y el tal\u00f3n.<br \/>\nentresuela de IMEVA<\/li>\n<li>Suela de goma<\/li>\n<li>La parte superior est\u00e1 hecha con al menos un 20 % de materiales reciclados.<\/li>\n<\/ul>\n<p>&nbsp;<\/p>\n<p><strong>Detalles:<\/strong><\/p>\n<p><strong>Marca:<\/strong> Puma.<\/p>\n<p><strong>Modelo:<\/strong> 393284-01.<\/p>\n<p><strong>G\u00e9nero:<\/strong> Masculino.<\/p>\n<p><strong>Color:<\/strong> White-Cool Light Gray<\/p>\n","protected":false},"excerpt":{"rendered":"<p>DOUBLECOURT. \u00bfPor qu\u00e9 sacrificar el estilo por la comodidad cuando tienes ambos en PUMA Doublecourt? Una versi\u00f3n moderna del legado<\/p>\n","protected":false},"featured_media":57136,"comment_status":"open","ping_status":"closed","template":"","meta":{"nf_dc_page":""},"product_brand":[],"product_cat":[76],"product_tag":[],"class_list":{"0":"post-57135","1":"product","2":"type-product","3":"status-publish","4":"has-post-thumbnail","6":"product_cat-masculino","8":"first","9":"instock","10":"shipping-taxable","11":"purchasable","12":"product-type-simple"},"_links":{"self":[{"href":"https:\/\/brandss.com.py\/index\/wp-json\/wp\/v2\/product\/57135","targetHints":{"allow":["GET"]}}],"collection":[{"href":"https:\/\/brandss.com.py\/index\/wp-json\/wp\/v2\/product"}],"about":[{"href":"https:\/\/brandss.com.py\/index\/wp-json\/wp\/v2\/types\/product"}],"replies":[{"embeddable":true,"href":"https:\/\/brandss.com.py\/index\/wp-json\/wp\/v2\/comments?post=57135"}],"version-history":[{"count":1,"href":"https:\/\/brandss.com.py\/index\/wp-json\/wp\/v2\/product\/57135\/revisions"}],"predecessor-version":[{"id":57147,"href":"https:\/\/brandss.com.py\/index\/wp-json\/wp\/v2\/product\/57135\/revisions\/57147"}],"wp:featuredmedia":[{"embeddable":true,"href":"https:\/\/brandss.com.py\/index\/wp-json\/wp\/v2\/media\/57136"}],"wp:attachment":[{"href":"https:\/\/brandss.com.py\/index\/wp-json\/wp\/v2\/media?parent=57135"}],"wp:term":[{"taxonomy":"product_brand","embeddable":true,"href":"https:\/\/brandss.com.py\/index\/wp-json\/wp\/v2\/product_brand?post=57135"},{"taxonomy":"product_cat","embeddable":true,"href":"https:\/\/brandss.com.py\/index\/wp-json\/wp\/v2\/product_cat?post=57135"},{"taxonomy":"product_tag","embeddable":true,"href":"https:\/\/brandss.com.py\/index\/wp-json\/wp\/v2\/product_tag?post=57135"}],"curies":[{"name":"wp","href":"https:\/\/api.w.org\/{rel}","templated":true}]}}