{"id":57148,"date":"2024-09-02T14:41:37","date_gmt":"2024-09-02T14:41:37","guid":{"rendered":"https:\/\/brandss.com.py\/index\/?post_type=product&#038;p=57148"},"modified":"2025-10-16T19:16:08","modified_gmt":"2025-10-16T19:16:08","slug":"calzado-deportivo-masculino-puma-softride-rift-slip-on-bold","status":"publish","type":"product","link":"https:\/\/brandss.com.py\/index\/producto\/calzado-deportivo-masculino-puma-softride-rift-slip-on-bold\/","title":{"rendered":"CALZADO DEPORTIVO MASCULINO PUMA SOFTRIDE RIFT SLIP-ON BOLD"},"content":{"rendered":"<p><img loading=\"lazy\" decoding=\"async\" class=\"\" src=\"https:\/\/1000logos.net\/wp-content\/uploads\/2021\/04\/Puma-logo.png\" alt=\"PUMA Logo and symbol, meaning, history, PNG, brand\" width=\"102\" height=\"51\" \/><\/p>\n<h1>SOFTRIDE RIFT SLIP-ON BOLD.<\/h1>\n<p>Haz espacio para los nuevos zapatos PUMA SOFTRIDE Rift Slip-On Bold. El cuello del calcet\u00edn ofrece un ajuste flexible y ajustado, mientras que el cierre de encaje envolvente ofrece soporte adicional a trav\u00e9s del tal\u00f3n. La espuma SOFTRIDE en la entresuela te da una sensaci\u00f3n ligera y acolchada que est\u00e1 lista para volar.<\/p>\n<p><strong>Caraster\u00edsticas:<\/strong><\/p>\n<ul>\n<li>Parte superior de punto transpirable<\/li>\n<li>Cuello y lengua de calcet\u00edn de neopreno<\/li>\n<li>Estilo f\u00e1cil sin cordones<\/li>\n<li>Cierre de encaje envolvente \u00fanico con soporte para el tal\u00f3n<\/li>\n<li>Tirar de correas en el tal\u00f3n y la lengua<\/li>\n<\/ul>\n<p><strong>Detalles:<\/strong><\/p>\n<p><span class=\"uk-article-meta\"><strong>Marca:<\/strong> Puma.<\/span><\/p>\n<p><span class=\"uk-article-meta\"><strong>Modelo:<\/strong> 194514-03.<\/span><\/p>\n<p><span class=\"uk-article-meta\"><strong>G\u00e9nero:<\/strong> Masculino.<\/span><\/p>\n<p><span class=\"uk-article-meta\"><strong>Color:<\/strong> High Risk\/ Red Black<\/span><\/p>\n","protected":false},"excerpt":{"rendered":"<p>SOFTRIDE RIFT SLIP-ON BOLD. Haz espacio para los nuevos zapatos PUMA SOFTRIDE Rift Slip-On Bold. El cuello del calcet\u00edn ofrece<\/p>\n","protected":false},"featured_media":57149,"comment_status":"open","ping_status":"closed","template":"","meta":{"nf_dc_page":""},"product_brand":[],"product_cat":[76],"product_tag":[],"class_list":{"0":"post-57148","1":"product","2":"type-product","3":"status-publish","4":"has-post-thumbnail","6":"product_cat-masculino","8":"first","9":"instock","10":"shipping-taxable","11":"purchasable","12":"product-type-simple"},"_links":{"self":[{"href":"https:\/\/brandss.com.py\/index\/wp-json\/wp\/v2\/product\/57148","targetHints":{"allow":["GET"]}}],"collection":[{"href":"https:\/\/brandss.com.py\/index\/wp-json\/wp\/v2\/product"}],"about":[{"href":"https:\/\/brandss.com.py\/index\/wp-json\/wp\/v2\/types\/product"}],"replies":[{"embeddable":true,"href":"https:\/\/brandss.com.py\/index\/wp-json\/wp\/v2\/comments?post=57148"}],"version-history":[{"count":1,"href":"https:\/\/brandss.com.py\/index\/wp-json\/wp\/v2\/product\/57148\/revisions"}],"predecessor-version":[{"id":57156,"href":"https:\/\/brandss.com.py\/index\/wp-json\/wp\/v2\/product\/57148\/revisions\/57156"}],"wp:featuredmedia":[{"embeddable":true,"href":"https:\/\/brandss.com.py\/index\/wp-json\/wp\/v2\/media\/57149"}],"wp:attachment":[{"href":"https:\/\/brandss.com.py\/index\/wp-json\/wp\/v2\/media?parent=57148"}],"wp:term":[{"taxonomy":"product_brand","embeddable":true,"href":"https:\/\/brandss.com.py\/index\/wp-json\/wp\/v2\/product_brand?post=57148"},{"taxonomy":"product_cat","embeddable":true,"href":"https:\/\/brandss.com.py\/index\/wp-json\/wp\/v2\/product_cat?post=57148"},{"taxonomy":"product_tag","embeddable":true,"href":"https:\/\/brandss.com.py\/index\/wp-json\/wp\/v2\/product_tag?post=57148"}],"curies":[{"name":"wp","href":"https:\/\/api.w.org\/{rel}","templated":true}]}}