{"id":57165,"date":"2024-09-02T15:46:47","date_gmt":"2024-09-02T15:46:47","guid":{"rendered":"https:\/\/brandss.com.py\/index\/?post_type=product&#038;p=57165"},"modified":"2025-07-14T10:13:07","modified_gmt":"2025-07-14T10:13:07","slug":"calzado-deportivo-masculino-puma-ion-energy-lace-up","status":"publish","type":"product","link":"https:\/\/brandss.com.py\/index\/producto\/calzado-deportivo-masculino-puma-ion-energy-lace-up\/","title":{"rendered":"CALZADO DEPORTIVO MASCULINO PUMA ION ENERGY LACE UP"},"content":{"rendered":"<p><img loading=\"lazy\" decoding=\"async\" class=\"\" src=\"https:\/\/1000logos.net\/wp-content\/uploads\/2021\/04\/Puma-logo.png\" alt=\"PUMA Logo and symbol, meaning, history, PNG, brand\" width=\"94\" height=\"47\" \/><\/p>\n<h1>ION ENERGY LACE UP.<\/h1>\n<p>Gira la cabeza sin importar la hora o el lugar con los tenis para correr Ion Energy. Ion Energy cuenta con un dise\u00f1o de cordones anchos que cambia el juego y se destaca por materiales elevados y ejecuciones de color audaces. El zapato tambi\u00e9n es muy c\u00f3modo gracias a la tecnolog\u00eda Signature Soft Foam Plus.<\/p>\n<p class=\"product-facts-title\"><strong>Caracter\u00edsticas:<\/strong><\/p>\n<ul class=\"a-unordered-list a-vertical a-spacing-small\">\n<li><span class=\"a-list-item a-size-base a-color-base\">Parte superior de malla\/sint\u00e9tico<\/span><\/li>\n<\/ul>\n<ul class=\"a-unordered-list a-vertical a-spacing-small\">\n<li><span class=\"a-list-item a-size-base a-color-base\">Cierre de cordones<\/span><\/li>\n<\/ul>\n<ul class=\"a-unordered-list a-vertical a-spacing-small\">\n<li><span class=\"a-list-item a-size-base a-color-base\">Plantilla c\u00f3moda<\/span><\/li>\n<\/ul>\n<ul class=\"a-unordered-list a-vertical a-spacing-small\">\n<li><span class=\"a-list-item a-size-base a-color-base\">Tac\u00f3n de espuma<\/span><\/li>\n<\/ul>\n<ul class=\"a-unordered-list a-vertical a-spacing-small\">\n<li><span class=\"a-list-item a-size-base a-color-base\">Suela de goma<\/span><\/li>\n<\/ul>\n<p><strong>Detalles:<\/strong><\/p>\n<p><strong>Marca:<\/strong> Puma.<\/p>\n<p><strong>Modelo:<\/strong> \u00a0377639-02.<\/p>\n<p><strong>G\u00e9nero:<\/strong> Masculino.<\/p>\n<p><strong>Color:<\/strong> Rojo\/ Negro.<\/p>\n","protected":false},"excerpt":{"rendered":"<p>ION ENERGY LACE UP. Gira la cabeza sin importar la hora o el lugar con los tenis para correr Ion<\/p>\n","protected":false},"featured_media":57166,"comment_status":"open","ping_status":"closed","template":"","meta":{"nf_dc_page":""},"product_brand":[],"product_cat":[76],"product_tag":[],"class_list":{"0":"post-57165","1":"product","2":"type-product","3":"status-publish","4":"has-post-thumbnail","6":"product_cat-masculino","8":"first","9":"instock","10":"shipping-taxable","11":"purchasable","12":"product-type-simple"},"_links":{"self":[{"href":"https:\/\/brandss.com.py\/index\/wp-json\/wp\/v2\/product\/57165","targetHints":{"allow":["GET"]}}],"collection":[{"href":"https:\/\/brandss.com.py\/index\/wp-json\/wp\/v2\/product"}],"about":[{"href":"https:\/\/brandss.com.py\/index\/wp-json\/wp\/v2\/types\/product"}],"replies":[{"embeddable":true,"href":"https:\/\/brandss.com.py\/index\/wp-json\/wp\/v2\/comments?post=57165"}],"version-history":[{"count":1,"href":"https:\/\/brandss.com.py\/index\/wp-json\/wp\/v2\/product\/57165\/revisions"}],"predecessor-version":[{"id":57174,"href":"https:\/\/brandss.com.py\/index\/wp-json\/wp\/v2\/product\/57165\/revisions\/57174"}],"wp:featuredmedia":[{"embeddable":true,"href":"https:\/\/brandss.com.py\/index\/wp-json\/wp\/v2\/media\/57166"}],"wp:attachment":[{"href":"https:\/\/brandss.com.py\/index\/wp-json\/wp\/v2\/media?parent=57165"}],"wp:term":[{"taxonomy":"product_brand","embeddable":true,"href":"https:\/\/brandss.com.py\/index\/wp-json\/wp\/v2\/product_brand?post=57165"},{"taxonomy":"product_cat","embeddable":true,"href":"https:\/\/brandss.com.py\/index\/wp-json\/wp\/v2\/product_cat?post=57165"},{"taxonomy":"product_tag","embeddable":true,"href":"https:\/\/brandss.com.py\/index\/wp-json\/wp\/v2\/product_tag?post=57165"}],"curies":[{"name":"wp","href":"https:\/\/api.w.org\/{rel}","templated":true}]}}