{"id":57175,"date":"2024-09-02T17:40:46","date_gmt":"2024-09-02T17:40:46","guid":{"rendered":"https:\/\/brandss.com.py\/index\/?post_type=product&#038;p=57175"},"modified":"2025-12-05T10:52:11","modified_gmt":"2025-12-05T10:52:11","slug":"calzado-deportivo-masculino-puma-infusion-2","status":"publish","type":"product","link":"https:\/\/brandss.com.py\/index\/producto\/calzado-deportivo-masculino-puma-infusion-2\/","title":{"rendered":"CALZADO DEPORTIVO MASCULINO PUMA INFUSION"},"content":{"rendered":"<p><img loading=\"lazy\" decoding=\"async\" class=\"\" src=\"https:\/\/1000logos.net\/wp-content\/uploads\/2021\/04\/Puma-logo.png\" alt=\"PUMA Logo and symbol, meaning, history, PNG, brand\" width=\"96\" height=\"48\" \/><\/p>\n<h1>INFUSION.<\/h1>\n<p><span>Nuestro nuevo calzado est\u00e1 inspirado en la famosa l\u00ednea Fuse, pero con un dise\u00f1o m\u00e1s elegante. Al igual que las Fuse originales, la entresuela proporciona una amortiguaci\u00f3n ligera durante largas horas en el gimnasio, mientras que el tobillo acolchado mantiene tus pies protegidos durante las sesiones de entrenamiento de fuerza.<\/span><\/p>\n<p><strong><span>Detalles<\/span><\/strong><\/p>\n<p>&nbsp;<\/p>\n<ul>\n<li><strong><span>Tipo de deporte:<\/span><\/strong><span>\u00a0Correr\/\u00a0<\/span><span>Entrenar<\/span><\/li>\n<li><strong><span>Tecnolog\u00edas:<\/span><\/strong><span>\u00a0PROFOAM,<\/span><span class=\"product-attribute__technology\" data-type=\"technology\" data-technology-description=\"EVA \u2013 \u044d\u0442\u043e \u044d\u0442\u0438\u043b\u0435\u043d\u0432\u0438\u043d\u0438\u043b\u043e\u0432\u044b\u0439 \u0430\u0446\u0435\u0442\u0430\u0442, \u0438\u043d\u043e\u0433\u0434\u0430 \u0443\u043f\u043e\u043c\u0438\u043d\u0430\u0435\u0442\u0441\u044f \u043a\u0430\u043a \u043f\u0440\u043e\u0441\u0442\u043e &quot;\u0430\u0446\u0435\u0442\u0430\u0442&quot;. \u042f\u0432\u043b\u044f\u0435\u0442\u0441\u044f \u043e\u0434\u043d\u0438\u043c \u0438\u0437 \u043c\u0430\u0442\u0435\u0440\u0438\u0430\u043b\u043e\u0432, \u0448\u0438\u0440\u043e\u043a\u043e \u0438\u0437\u0432\u0435\u0441\u0442\u043d\u044b\u0445 \u043a\u0430\u043a \u043f\u0435\u043d\u043e\u0440\u0435\u0437\u0438\u043d\u0430, \u043a\u043e\u0442\u043e\u0440\u044b\u0439 \u043e\u0431\u0435\u0441\u043f\u0435\u0447\u0438\u0432\u0430\u0435\u0442 \u043f\u043e\u0433\u043b\u043e\u0449\u0435\u043d\u0438\u0435 \u0443\u0434\u0430\u0440\u0430 (\u0430\u043c\u043e\u0440\u0442\u0438\u0437\u0430\u0446\u0438\u044e).\" data-technology-cms-page=\"eva.html\"><span class=\"product-attribute__technology-name js-technology-name\"><span>EVA, <\/span><\/span><\/span><span class=\"product-attribute__technology\" data-type=\"technology\" data-technology-description=\"\u0422\u0435\u0445\u043d\u043e\u043b\u043e\u0433\u0438\u044f, \u043a\u043e\u0442\u043e\u0440\u0430\u044f \u0438\u0441\u043f\u043e\u043b\u044c\u0437\u0443\u0435\u0442\u0441\u044f \u0432 \u043e\u0431\u0443\u0432\u0438, \u043f\u0440\u0435\u0434\u043d\u0430\u0437\u043d\u0430\u0447\u0435\u043d\u043d\u043e\u0439 \u043a\u0430\u043a \u0434\u043b\u044f \u0437\u0430\u043d\u044f\u0442\u0438\u0439 \u0441\u043f\u043e\u0440\u0442\u043e\u043c, \u0442\u0430\u043a \u0438 \u0434\u043b\u044f \u043f\u043e\u0432\u0441\u0435\u0434\u043d\u0435\u0432\u043d\u043e\u0433\u043e \u0438\u0441\u043f\u043e\u043b\u044c\u0437\u043e\u0432\u0430\u043d\u0438\u044f. \" data-technology-cms-page=\"softfoam.html\"><span class=\"product-attribute__technology-name js-technology-name\"><span>ESPUMA SUAVE<\/span><\/span><\/span>+<\/li>\n<\/ul>\n<p><strong><span>Caracter\u00edsticas<\/span><\/strong><\/p>\n<ul>\n<li>Material superior:<span>\u00a0100% textil<\/span><\/li>\n<li>Material de la suela:<span>\u00a0Caucho<\/span><\/li>\n<li><span>PROFOAM: Material EVA ligero dise\u00f1ado para absorber el impacto de tu pie en el suelo y proporcionar aceleraci\u00f3n en cada paso.<\/span><\/li>\n<li><span>SOFTFOAM+: la plantilla Step-in Comfort proporciona una amortiguaci\u00f3n suave con un tal\u00f3n extra grueso<\/span><\/li>\n<li><span>Superposici\u00f3n duradera y almohadillas para los dedos<\/span><\/li>\n<li><span>Entresuela de goma completa<\/span><\/li>\n<li><span>Aler\u00f3n de TPU en el tal\u00f3n y tobillo acolchado.<\/span><\/li>\n<li><span>Logotipo de PUMA Cat en la leng\u00fceta.<\/span><\/li>\n<\/ul>\n<p><strong>Detalles:<\/strong><\/p>\n<p><strong>Marca:<\/strong> Puma.<\/p>\n<p><strong>Modelo:<\/strong> 377893-07.<\/p>\n<p><strong>G\u00e9nero:<\/strong> Masculino.<\/p>\n<p><strong>Color:<\/strong> Green-Dark-Nigh-Black-Platinum.<\/p>\n","protected":false},"excerpt":{"rendered":"<p>INFUSION. Nuestro nuevo calzado est\u00e1 inspirado en la famosa l\u00ednea Fuse, pero con un dise\u00f1o m\u00e1s elegante. Al igual que<\/p>\n","protected":false},"featured_media":57176,"comment_status":"open","ping_status":"closed","template":"","meta":{"nf_dc_page":""},"product_brand":[],"product_cat":[76],"product_tag":[],"class_list":{"0":"post-57175","1":"product","2":"type-product","3":"status-publish","4":"has-post-thumbnail","6":"product_cat-masculino","8":"first","9":"instock","10":"shipping-taxable","11":"purchasable","12":"product-type-simple"},"_links":{"self":[{"href":"https:\/\/brandss.com.py\/index\/wp-json\/wp\/v2\/product\/57175","targetHints":{"allow":["GET"]}}],"collection":[{"href":"https:\/\/brandss.com.py\/index\/wp-json\/wp\/v2\/product"}],"about":[{"href":"https:\/\/brandss.com.py\/index\/wp-json\/wp\/v2\/types\/product"}],"replies":[{"embeddable":true,"href":"https:\/\/brandss.com.py\/index\/wp-json\/wp\/v2\/comments?post=57175"}],"version-history":[{"count":1,"href":"https:\/\/brandss.com.py\/index\/wp-json\/wp\/v2\/product\/57175\/revisions"}],"predecessor-version":[{"id":57184,"href":"https:\/\/brandss.com.py\/index\/wp-json\/wp\/v2\/product\/57175\/revisions\/57184"}],"wp:featuredmedia":[{"embeddable":true,"href":"https:\/\/brandss.com.py\/index\/wp-json\/wp\/v2\/media\/57176"}],"wp:attachment":[{"href":"https:\/\/brandss.com.py\/index\/wp-json\/wp\/v2\/media?parent=57175"}],"wp:term":[{"taxonomy":"product_brand","embeddable":true,"href":"https:\/\/brandss.com.py\/index\/wp-json\/wp\/v2\/product_brand?post=57175"},{"taxonomy":"product_cat","embeddable":true,"href":"https:\/\/brandss.com.py\/index\/wp-json\/wp\/v2\/product_cat?post=57175"},{"taxonomy":"product_tag","embeddable":true,"href":"https:\/\/brandss.com.py\/index\/wp-json\/wp\/v2\/product_tag?post=57175"}],"curies":[{"name":"wp","href":"https:\/\/api.w.org\/{rel}","templated":true}]}}